{"id":329,"date":"2025-04-15T03:12:44","date_gmt":"2025-04-15T01:12:44","guid":{"rendered":"https:\/\/revelati0n.com\/?page_id=329"},"modified":"2025-04-23T04:50:29","modified_gmt":"2025-04-23T02:50:29","slug":"raid-leader","status":"publish","type":"page","link":"https:\/\/revelati0n.com\/?page_id=329","title":{"rendered":"Raid Leader"},"content":{"rendered":"<div class=\"messagesWrapper__36d07 group-spacing-16\">\n<div class=\"scroller__36d07 customTheme_d125d2 auto_d125d2 scrollerBase_d125d2 disableScrollAnchor_d125d2 managedReactiveScroller_d125d2\" dir=\"ltr\" tabindex=\"-1\" role=\"group\" data-jump-section=\"global\">\n<div class=\"scrollerContent__36d07 content_d125d2\">\n<div class=\"message__5126c cozyMessage__5126c groupStart__5126c wrapper_c19a55 cozy_c19a55 zalgo_c19a55\" tabindex=\"-1\" role=\"article\" data-list-item-id=\"chat-messages___chat-messages-1360683920466907391-1360709892326948874\" aria-setsize=\"-1\" aria-roledescription=\"Nachricht\" aria-labelledby=\"message-username-1360709892326948874 uid_1 message-content-1360709892326948874 uid_2 message-timestamp-1360709892326948874\">\n<div class=\"contents_c19a55\">\n<div id=\"message-content-1360709892326948874\" class=\"markup__75297 messageContent_c19a55\">Wie kann man seine Angriffswerte steigern um Raidleader zu werden?<\/div>\n<\/div>\n<div class=\"buttonContainer_c19a55\">\n<div class=\"buttons__5126c container__040f0 isHeader__040f0\" role=\"group\" aria-label=\"Nachrichtenaktionen\">\n<div class=\"buttonsInner__5126c popover_f84418 popoverReactionHoverBar_f84418 wrapper_f7ecac\">\n<div class=\"hoverBarButton_f84418 button_f7ecac\" tabindex=\"0\" role=\"button\" aria-label=\"Klicken, um mit rofl zu reagieren\">\n<div class=\"icon_f84418 buttonContent_f84418\">\n<div class=\"emoji emoji__040f0\" role=\"img\" data-type=\"emoji\" data-name=\"\ud83e\udd23\" aria-label=\"\">Als erstes sollte man immer die Ausr\u00fcstung die man verwendet im Blick behalten sowie die Juwelen welche man in der Ausr\u00fcstung verwendet.<\/div>\n<\/div>\n<\/div>\n<\/div>\n<\/div>\n<\/div>\n<\/div>\n<div class=\"message__5126c cozyMessage__5126c wrapper_c19a55 cozy_c19a55 zalgo_c19a55\" tabindex=\"-1\" role=\"article\" data-list-item-id=\"chat-messages___chat-messages-1360683920466907391-1360709936463478945\" aria-setsize=\"-1\" aria-roledescription=\"Nachricht\" aria-labelledby=\"message-username-1360709892326948874 uid_1 message-content-1360709936463478945 uid_2 message-timestamp-1360709936463478945\">\n<div class=\"buttonContainer_c19a55\">\n<div class=\"buttons__5126c container__040f0\" role=\"group\" aria-label=\"Nachrichtenaktionen\">\n<div class=\"buttonsInner__5126c popover_f84418 popoverReactionHoverBar_f84418 wrapper_f7ecac\">\n<div class=\"hoverBarButton_f84418 button_f7ecac\" tabindex=\"0\" role=\"button\" aria-label=\"Klicken, um mit rofl zu reagieren\">\n<div class=\"icon_f84418 buttonContent_f84418\">\n<div class=\"emoji emoji__040f0\" role=\"img\" data-type=\"emoji\" data-name=\"\ud83e\udd23\" aria-label=\"\"><\/div>\n<\/div>\n<\/div>\n<div class=\"hoverBarButton_f84418 button_f7ecac\" tabindex=\"0\" role=\"button\" aria-label=\"Klicken, um mit nerd zu reagieren\">\n<div class=\"icon_f84418 buttonContent_f84418\">\n<div class=\"emoji emoji__040f0\" role=\"img\" data-type=\"emoji\" data-name=\"\ud83e\udd13\" aria-label=\"\">\n<p>Als zweites sollte ein Augenmerk auf die folgenden Investbereiche gelegt werden.<\/p>\n<ul>\n<li>Rathausbewaffnung<\/li>\n<li>Ausr\u00fcstung<\/li>\n<li>Formation<\/li>\n<\/ul>\n<\/div>\n<\/div>\n<\/div>\n<\/div>\n<\/div>\n<\/div>\n<\/div>\n<div class=\"message__5126c cozyMessage__5126c wrapper_c19a55 cozy_c19a55 zalgo_c19a55\" tabindex=\"-1\" role=\"article\" data-list-item-id=\"chat-messages___chat-messages-1360683920466907391-1360710049126809630\" aria-setsize=\"-1\" aria-roledescription=\"Nachricht\" aria-labelledby=\"message-username-1360709892326948874 uid_1 message-accessories-1360710049126809630 uid_2 message-timestamp-1360710049126809630\">\n<div id=\"message-accessories-1360710049126809630\" class=\"container_b7e1cb\">\n<div class=\"visualMediaItemContainer_f4758a\">\n<div class=\"oneByOneGrid_f4758a oneByOneGridSingle_f4758a\">\n<div class=\"mosaicItem__6c706 mosaicItemNoJustify__6c706 mosaicItemMediaMosaic__6c706 hideOverflow__6c706\">\n<div class=\"imageContent__0f481 embedWrapper_b7e1cb itemContentContainer_f4758a mosaicItemContent__6c706\">\n<div class=\"imageContainer__0f481\">\n<div class=\"imageWrapper_af017a imageZoom_af017a clickable_af017a lazyImgContainer_f4758a\">\n<div class=\"clickableWrapper_af017a\" tabindex=\"0\" role=\"button\" aria-label=\"Bild\" aria-describedby=\"uid_4\">\n<div class=\"loadingOverlay_af017a\"><img loading=\"lazy\" decoding=\"async\" class=\"alignnone size-full wp-image-555\" src=\"https:\/\/revelati0n.com\/wp-content\/uploads\/2025\/04\/raidleader_01.png\" alt=\"\" width=\"1080\" height=\"1983\" srcset=\"https:\/\/revelati0n.com\/wp-content\/uploads\/2025\/04\/raidleader_01.png 1080w, https:\/\/revelati0n.com\/wp-content\/uploads\/2025\/04\/raidleader_01-163x300.png 163w, https:\/\/revelati0n.com\/wp-content\/uploads\/2025\/04\/raidleader_01-558x1024.png 558w, https:\/\/revelati0n.com\/wp-content\/uploads\/2025\/04\/raidleader_01-768x1410.png 768w, https:\/\/revelati0n.com\/wp-content\/uploads\/2025\/04\/raidleader_01-837x1536.png 837w, https:\/\/revelati0n.com\/wp-content\/uploads\/2025\/04\/raidleader_01-147x270.png 147w\" sizes=\"auto, (max-width: 1080px) 100vw, 1080px\" \/><\/div>\n<\/div>\n<\/div>\n<div class=\"hoverButtonGroup__06ab4\">\n<div class=\"hoverButton__06ab4\" tabindex=\"0\" role=\"button\" aria-label=\"Bild mit Apps bearbeiten\">\n<div class=\"lottieIcon__5eb9b lottieIconColors__5eb9b\">Als 3. sollten die zus\u00e4tzlichen Prozente der Geb\u00e4ude in der Villa ber\u00fccksichtigt werden.<\/div>\n<\/div>\n<\/div>\n<\/div>\n<\/div>\n<\/div>\n<\/div>\n<\/div>\n<\/div>\n<\/div>\n<div class=\"message__5126c cozyMessage__5126c wrapper_c19a55 cozy_c19a55 zalgo_c19a55\" tabindex=\"-1\" role=\"article\" data-list-item-id=\"chat-messages___chat-messages-1360683920466907391-1360710221110186147\" aria-setsize=\"-1\" aria-roledescription=\"Nachricht\" aria-labelledby=\"message-username-1360709892326948874 uid_1 message-accessories-1360710221110186147 uid_2 message-timestamp-1360710221110186147\">\n<div id=\"message-accessories-1360710221110186147\" class=\"container_b7e1cb\">\n<div class=\"visualMediaItemContainer_f4758a\">\n<div class=\"oneByTwoGrid_f4758a oneByTwoLayoutThreeGrid_f4758a\">\n<div class=\"oneByTwoSoloItem_f4758a\">\n<div class=\"mosaicItem__6c706 mosaicItemNoJustify__6c706 mosaicItemFullWidth__6c706 mosaicItemMediaMosaic__6c706 hideOverflow__6c706\">\n<div class=\"imageContent__0f481 embedWrapper_b7e1cb itemContentContainer_f4758a mosaicItemContent__6c706\">\n<div class=\"imageContainer__0f481\">\n<div class=\"imageWrapper_af017a imageZoom_af017a clickable_af017a lazyImgContainer_f4758a\">\n<div class=\"clickableWrapper_af017a\" tabindex=\"0\" role=\"button\" aria-label=\"Bild\" aria-describedby=\"uid_4\">\n<div class=\"loadingOverlay_af017a\"><img loading=\"lazy\" decoding=\"async\" class=\"alignnone size-full wp-image-556\" src=\"https:\/\/revelati0n.com\/wp-content\/uploads\/2025\/04\/raidleader_02.png\" alt=\"\" width=\"1080\" height=\"1998\" srcset=\"https:\/\/revelati0n.com\/wp-content\/uploads\/2025\/04\/raidleader_02.png 1080w, https:\/\/revelati0n.com\/wp-content\/uploads\/2025\/04\/raidleader_02-162x300.png 162w, https:\/\/revelati0n.com\/wp-content\/uploads\/2025\/04\/raidleader_02-554x1024.png 554w, https:\/\/revelati0n.com\/wp-content\/uploads\/2025\/04\/raidleader_02-768x1421.png 768w, https:\/\/revelati0n.com\/wp-content\/uploads\/2025\/04\/raidleader_02-830x1536.png 830w, https:\/\/revelati0n.com\/wp-content\/uploads\/2025\/04\/raidleader_02-146x270.png 146w\" sizes=\"auto, (max-width: 1080px) 100vw, 1080px\" \/><\/div>\n<\/div>\n<\/div>\n<div class=\"hoverButtonGroup__06ab4\">\n<div class=\"hoverButton__06ab4\" tabindex=\"0\" role=\"button\" aria-label=\"Bild mit Apps bearbeiten\">\n<div class=\"lottieIcon__5eb9b lottieIconColors__5eb9b\"><\/div>\n<\/div>\n<\/div>\n<\/div>\n<\/div>\n<\/div>\n<\/div>\n<div class=\"oneByTwoDuoItem_f4758a\">\n<div class=\"twoByOneGrid_f4758a\">\n<div class=\"twoByOneGridItem_f4758a\">\n<div class=\"mosaicItem__6c706 mosaicItemNoJustify__6c706 mosaicItemFullWidth__6c706 mosaicItemMediaMosaic__6c706 hideOverflow__6c706\">\n<div class=\"imageContent__0f481 embedWrapper_b7e1cb itemContentContainer_f4758a mosaicItemContent__6c706\">\n<div class=\"imageContainer__0f481\">\n<div class=\"imageWrapper_af017a imageZoom_af017a clickable_af017a lazyImgContainer_f4758a\">\n<div class=\"clickableWrapper_af017a\" tabindex=\"0\" role=\"button\" aria-label=\"Bild\" aria-describedby=\"uid_4\">\n<div class=\"loadingOverlay_af017a\"><img loading=\"lazy\" decoding=\"async\" class=\"alignnone size-full wp-image-557\" src=\"https:\/\/revelati0n.com\/wp-content\/uploads\/2025\/04\/raidleader_03.png\" alt=\"\" width=\"1080\" height=\"1980\" srcset=\"https:\/\/revelati0n.com\/wp-content\/uploads\/2025\/04\/raidleader_03.png 1080w, https:\/\/revelati0n.com\/wp-content\/uploads\/2025\/04\/raidleader_03-164x300.png 164w, https:\/\/revelati0n.com\/wp-content\/uploads\/2025\/04\/raidleader_03-559x1024.png 559w, https:\/\/revelati0n.com\/wp-content\/uploads\/2025\/04\/raidleader_03-768x1408.png 768w, https:\/\/revelati0n.com\/wp-content\/uploads\/2025\/04\/raidleader_03-838x1536.png 838w, https:\/\/revelati0n.com\/wp-content\/uploads\/2025\/04\/raidleader_03-147x270.png 147w\" sizes=\"auto, (max-width: 1080px) 100vw, 1080px\" \/><\/div>\n<\/div>\n<\/div>\n<div class=\"sizer__06ab4\"><\/div>\n<\/div>\n<\/div>\n<\/div>\n<\/div>\n<div class=\"twoByOneGridItem_f4758a\">\n<div class=\"mosaicItem__6c706 mosaicItemNoJustify__6c706 mosaicItemFullWidth__6c706 mosaicItemMediaMosaic__6c706 hideOverflow__6c706\">\n<div class=\"imageContent__0f481 embedWrapper_b7e1cb itemContentContainer_f4758a mosaicItemContent__6c706\">\n<div class=\"imageContainer__0f481\">\n<div class=\"imageWrapper_af017a imageZoom_af017a clickable_af017a lazyImgContainer_f4758a\">\n<div class=\"clickableWrapper_af017a\" tabindex=\"0\" role=\"button\" aria-label=\"Bild\" aria-describedby=\"uid_4\">\n<div class=\"loadingOverlay_af017a\"><img loading=\"lazy\" decoding=\"async\" class=\"alignnone size-full wp-image-558\" src=\"https:\/\/revelati0n.com\/wp-content\/uploads\/2025\/04\/raidleader_04.png\" alt=\"\" width=\"1080\" height=\"1985\" srcset=\"https:\/\/revelati0n.com\/wp-content\/uploads\/2025\/04\/raidleader_04.png 1080w, https:\/\/revelati0n.com\/wp-content\/uploads\/2025\/04\/raidleader_04-163x300.png 163w, https:\/\/revelati0n.com\/wp-content\/uploads\/2025\/04\/raidleader_04-557x1024.png 557w, https:\/\/revelati0n.com\/wp-content\/uploads\/2025\/04\/raidleader_04-768x1412.png 768w, https:\/\/revelati0n.com\/wp-content\/uploads\/2025\/04\/raidleader_04-836x1536.png 836w, https:\/\/revelati0n.com\/wp-content\/uploads\/2025\/04\/raidleader_04-147x270.png 147w\" sizes=\"auto, (max-width: 1080px) 100vw, 1080px\" \/><\/div>\n<\/div>\n<\/div>\n<div class=\"hoverButtonGroup__06ab4\">\n<div class=\"hoverButton__06ab4\" tabindex=\"0\" role=\"button\" aria-label=\"Bild mit Apps bearbeiten\">\n<div class=\"lottieIcon__5eb9b lottieIconColors__5eb9b\"><\/div>\n<\/div>\n<\/div>\n<div class=\"sizer__06ab4\">Empfehlung f\u00fcr jeden der Raidleader werden m\u00f6chte sind 15 Krankenh\u00e4user, 1 Trainingszentrum und 1 Diamantenlager<\/div>\n<\/div>\n<\/div>\n<\/div>\n<\/div>\n<\/div>\n<\/div>\n<\/div>\n<\/div>\n<\/div>\n<\/div>\n<div class=\"message__5126c cozyMessage__5126c wrapper_c19a55 cozy_c19a55 zalgo_c19a55\" tabindex=\"-1\" role=\"article\" data-list-item-id=\"chat-messages___chat-messages-1360683920466907391-1360710234267717802\" aria-setsize=\"-1\" aria-roledescription=\"Nachricht\" aria-labelledby=\"message-username-1360709892326948874 uid_1 message-content-1360710234267717802 uid_2 message-timestamp-1360710234267717802\">\n<div class=\"buttonContainer_c19a55\">\n<div class=\"buttons__5126c container__040f0\" role=\"group\" aria-label=\"Nachrichtenaktionen\">\n<div class=\"buttonsInner__5126c popover_f84418 popoverReactionHoverBar_f84418 wrapper_f7ecac\">\n<div class=\"hoverBarButton_f84418 button_f7ecac\" tabindex=\"0\" role=\"button\" aria-label=\"Klicken, um mit rofl zu reagieren\">\n<div class=\"icon_f84418 buttonContent_f84418\">\n<div class=\"emoji emoji__040f0\" role=\"img\" data-type=\"emoji\" data-name=\"\ud83e\udd23\" aria-label=\"\">Die Krankenh\u00e4user bringen 75% zus\u00e4tzlichen Truppen HP auf alle Truppen.<\/div>\n<\/div>\n<\/div>\n<\/div>\n<\/div>\n<\/div>\n<\/div>\n<\/div>\n<\/div>\n<\/div>\n","protected":false},"excerpt":{"rendered":"<p>Wie kann man seine Angriffswerte steigern um Raidleader zu werden? Als erstes sollte man immer die Ausr\u00fcstung die man verwendet im Blick behalten sowie die Juwelen welche man in der Ausr\u00fcstung verwendet. Als zweites sollte ein Augenmerk auf die folgenden Investbereiche gelegt werden. Rathausbewaffnung Ausr\u00fcstung Formation Als 3. sollten die zus\u00e4tzlichen Prozente der Geb\u00e4ude in der Villa ber\u00fccksichtigt werden. Empfehlung f\u00fcr jeden der Raidleader werden m\u00f6chte sind 15 Krankenh\u00e4user, 1 Trainingszentrum und 1 Diamantenlager Die Krankenh\u00e4user bringen 75% zus\u00e4tzlichen Truppen&#8230;<\/p>\n<p class=\"read-more\"><a class=\"btn btn-default\" href=\"https:\/\/revelati0n.com\/?page_id=329\">Weiterlesen<span class=\"screen-reader-text\"> Weiterlesen<\/span><\/a><\/p>\n","protected":false},"author":1,"featured_media":0,"parent":88,"menu_order":0,"comment_status":"closed","ping_status":"closed","template":"","meta":{"footnotes":""},"class_list":["post-329","page","type-page","status-publish","hentry"],"yoast_head":"<!-- This site is optimized with the Yoast SEO plugin v26.4 - https:\/\/yoast.com\/wordpress\/plugins\/seo\/ -->\n<title>Raid Leader - ZrX - Revelation<\/title>\n<meta name=\"robots\" content=\"index, follow, max-snippet:-1, max-image-preview:large, max-video-preview:-1\" \/>\n<link rel=\"canonical\" href=\"https:\/\/revelati0n.com\/?page_id=329\" \/>\n<meta property=\"og:locale\" content=\"de_DE\" \/>\n<meta property=\"og:type\" content=\"article\" \/>\n<meta property=\"og:title\" content=\"Raid Leader - ZrX - Revelation\" \/>\n<meta property=\"og:description\" content=\"Wie kann man seine Angriffswerte steigern um Raidleader zu werden? Als erstes sollte man immer die Ausr\u00fcstung die man verwendet im Blick behalten sowie die Juwelen welche man in der Ausr\u00fcstung verwendet. Als zweites sollte ein Augenmerk auf die folgenden Investbereiche gelegt werden. Rathausbewaffnung Ausr\u00fcstung Formation Als 3. sollten die zus\u00e4tzlichen Prozente der Geb\u00e4ude in der Villa ber\u00fccksichtigt werden. Empfehlung f\u00fcr jeden der Raidleader werden m\u00f6chte sind 15 Krankenh\u00e4user, 1 Trainingszentrum und 1 Diamantenlager Die Krankenh\u00e4user bringen 75% zus\u00e4tzlichen Truppen...Weiterlesen Weiterlesen\" \/>\n<meta property=\"og:url\" content=\"https:\/\/revelati0n.com\/?page_id=329\" \/>\n<meta property=\"og:site_name\" content=\"ZrX - Revelation\" \/>\n<meta property=\"article:modified_time\" content=\"2025-04-23T02:50:29+00:00\" \/>\n<meta property=\"og:image\" content=\"https:\/\/revelati0n.com\/wp-content\/uploads\/2025\/04\/raidleader_01.png\" \/>\n\t<meta property=\"og:image:width\" content=\"1080\" \/>\n\t<meta property=\"og:image:height\" content=\"1983\" \/>\n\t<meta property=\"og:image:type\" content=\"image\/png\" \/>\n<meta name=\"twitter:card\" content=\"summary_large_image\" \/>\n<meta name=\"twitter:label1\" content=\"Gesch\u00e4tzte Lesezeit\" \/>\n\t<meta name=\"twitter:data1\" content=\"2\u00a0Minuten\" \/>\n<script type=\"application\/ld+json\" class=\"yoast-schema-graph\">{\"@context\":\"https:\/\/schema.org\",\"@graph\":[{\"@type\":\"WebPage\",\"@id\":\"https:\/\/revelati0n.com\/?page_id=329\",\"url\":\"https:\/\/revelati0n.com\/?page_id=329\",\"name\":\"Raid Leader - ZrX - Revelation\",\"isPartOf\":{\"@id\":\"https:\/\/revelati0n.com\/#website\"},\"primaryImageOfPage\":{\"@id\":\"https:\/\/revelati0n.com\/?page_id=329#primaryimage\"},\"image\":{\"@id\":\"https:\/\/revelati0n.com\/?page_id=329#primaryimage\"},\"thumbnailUrl\":\"https:\/\/revelati0n.com\/wp-content\/uploads\/2025\/04\/raidleader_01.png\",\"datePublished\":\"2025-04-15T01:12:44+00:00\",\"dateModified\":\"2025-04-23T02:50:29+00:00\",\"breadcrumb\":{\"@id\":\"https:\/\/revelati0n.com\/?page_id=329#breadcrumb\"},\"inLanguage\":\"de\",\"potentialAction\":[{\"@type\":\"ReadAction\",\"target\":[\"https:\/\/revelati0n.com\/?page_id=329\"]}]},{\"@type\":\"ImageObject\",\"inLanguage\":\"de\",\"@id\":\"https:\/\/revelati0n.com\/?page_id=329#primaryimage\",\"url\":\"https:\/\/revelati0n.com\/wp-content\/uploads\/2025\/04\/raidleader_01.png\",\"contentUrl\":\"https:\/\/revelati0n.com\/wp-content\/uploads\/2025\/04\/raidleader_01.png\",\"width\":1080,\"height\":1983},{\"@type\":\"BreadcrumbList\",\"@id\":\"https:\/\/revelati0n.com\/?page_id=329#breadcrumb\",\"itemListElement\":[{\"@type\":\"ListItem\",\"position\":1,\"name\":\"Home\",\"item\":\"https:\/\/revelati0n.com\/\"},{\"@type\":\"ListItem\",\"position\":2,\"name\":\"Anleitungen\",\"item\":\"https:\/\/revelati0n.com\/?page_id=88\"},{\"@type\":\"ListItem\",\"position\":3,\"name\":\"Raid Leader\"}]},{\"@type\":\"WebSite\",\"@id\":\"https:\/\/revelati0n.com\/#website\",\"url\":\"https:\/\/revelati0n.com\/\",\"name\":\"ZrX - Revelation\",\"description\":\"The Grand Mafia Guides - Tips - Tricks - Tutorials\",\"publisher\":{\"@id\":\"https:\/\/revelati0n.com\/#organization\"},\"potentialAction\":[{\"@type\":\"SearchAction\",\"target\":{\"@type\":\"EntryPoint\",\"urlTemplate\":\"https:\/\/revelati0n.com\/?s={search_term_string}\"},\"query-input\":{\"@type\":\"PropertyValueSpecification\",\"valueRequired\":true,\"valueName\":\"search_term_string\"}}],\"inLanguage\":\"de\"},{\"@type\":\"Organization\",\"@id\":\"https:\/\/revelati0n.com\/#organization\",\"name\":\"ZrX - Revelation\",\"url\":\"https:\/\/revelati0n.com\/\",\"logo\":{\"@type\":\"ImageObject\",\"inLanguage\":\"de\",\"@id\":\"https:\/\/revelati0n.com\/#\/schema\/logo\/image\/\",\"url\":\"https:\/\/revelati0n.com\/wp-content\/uploads\/2022\/11\/logo.png\",\"contentUrl\":\"https:\/\/revelati0n.com\/wp-content\/uploads\/2022\/11\/logo.png\",\"width\":183,\"height\":61,\"caption\":\"ZrX - Revelation\"},\"image\":{\"@id\":\"https:\/\/revelati0n.com\/#\/schema\/logo\/image\/\"}}]}<\/script>\n<!-- \/ Yoast SEO plugin. -->","yoast_head_json":{"title":"Raid Leader - ZrX - Revelation","robots":{"index":"index","follow":"follow","max-snippet":"max-snippet:-1","max-image-preview":"max-image-preview:large","max-video-preview":"max-video-preview:-1"},"canonical":"https:\/\/revelati0n.com\/?page_id=329","og_locale":"de_DE","og_type":"article","og_title":"Raid Leader - ZrX - Revelation","og_description":"Wie kann man seine Angriffswerte steigern um Raidleader zu werden? Als erstes sollte man immer die Ausr\u00fcstung die man verwendet im Blick behalten sowie die Juwelen welche man in der Ausr\u00fcstung verwendet. Als zweites sollte ein Augenmerk auf die folgenden Investbereiche gelegt werden. Rathausbewaffnung Ausr\u00fcstung Formation Als 3. sollten die zus\u00e4tzlichen Prozente der Geb\u00e4ude in der Villa ber\u00fccksichtigt werden. Empfehlung f\u00fcr jeden der Raidleader werden m\u00f6chte sind 15 Krankenh\u00e4user, 1 Trainingszentrum und 1 Diamantenlager Die Krankenh\u00e4user bringen 75% zus\u00e4tzlichen Truppen...Weiterlesen Weiterlesen","og_url":"https:\/\/revelati0n.com\/?page_id=329","og_site_name":"ZrX - Revelation","article_modified_time":"2025-04-23T02:50:29+00:00","og_image":[{"width":1080,"height":1983,"url":"https:\/\/revelati0n.com\/wp-content\/uploads\/2025\/04\/raidleader_01.png","type":"image\/png"}],"twitter_card":"summary_large_image","twitter_misc":{"Gesch\u00e4tzte Lesezeit":"2\u00a0Minuten"},"schema":{"@context":"https:\/\/schema.org","@graph":[{"@type":"WebPage","@id":"https:\/\/revelati0n.com\/?page_id=329","url":"https:\/\/revelati0n.com\/?page_id=329","name":"Raid Leader - ZrX - Revelation","isPartOf":{"@id":"https:\/\/revelati0n.com\/#website"},"primaryImageOfPage":{"@id":"https:\/\/revelati0n.com\/?page_id=329#primaryimage"},"image":{"@id":"https:\/\/revelati0n.com\/?page_id=329#primaryimage"},"thumbnailUrl":"https:\/\/revelati0n.com\/wp-content\/uploads\/2025\/04\/raidleader_01.png","datePublished":"2025-04-15T01:12:44+00:00","dateModified":"2025-04-23T02:50:29+00:00","breadcrumb":{"@id":"https:\/\/revelati0n.com\/?page_id=329#breadcrumb"},"inLanguage":"de","potentialAction":[{"@type":"ReadAction","target":["https:\/\/revelati0n.com\/?page_id=329"]}]},{"@type":"ImageObject","inLanguage":"de","@id":"https:\/\/revelati0n.com\/?page_id=329#primaryimage","url":"https:\/\/revelati0n.com\/wp-content\/uploads\/2025\/04\/raidleader_01.png","contentUrl":"https:\/\/revelati0n.com\/wp-content\/uploads\/2025\/04\/raidleader_01.png","width":1080,"height":1983},{"@type":"BreadcrumbList","@id":"https:\/\/revelati0n.com\/?page_id=329#breadcrumb","itemListElement":[{"@type":"ListItem","position":1,"name":"Home","item":"https:\/\/revelati0n.com\/"},{"@type":"ListItem","position":2,"name":"Anleitungen","item":"https:\/\/revelati0n.com\/?page_id=88"},{"@type":"ListItem","position":3,"name":"Raid Leader"}]},{"@type":"WebSite","@id":"https:\/\/revelati0n.com\/#website","url":"https:\/\/revelati0n.com\/","name":"ZrX - Revelation","description":"The Grand Mafia Guides - Tips - Tricks - Tutorials","publisher":{"@id":"https:\/\/revelati0n.com\/#organization"},"potentialAction":[{"@type":"SearchAction","target":{"@type":"EntryPoint","urlTemplate":"https:\/\/revelati0n.com\/?s={search_term_string}"},"query-input":{"@type":"PropertyValueSpecification","valueRequired":true,"valueName":"search_term_string"}}],"inLanguage":"de"},{"@type":"Organization","@id":"https:\/\/revelati0n.com\/#organization","name":"ZrX - Revelation","url":"https:\/\/revelati0n.com\/","logo":{"@type":"ImageObject","inLanguage":"de","@id":"https:\/\/revelati0n.com\/#\/schema\/logo\/image\/","url":"https:\/\/revelati0n.com\/wp-content\/uploads\/2022\/11\/logo.png","contentUrl":"https:\/\/revelati0n.com\/wp-content\/uploads\/2022\/11\/logo.png","width":183,"height":61,"caption":"ZrX - Revelation"},"image":{"@id":"https:\/\/revelati0n.com\/#\/schema\/logo\/image\/"}}]}},"_links":{"self":[{"href":"https:\/\/revelati0n.com\/index.php?rest_route=\/wp\/v2\/pages\/329","targetHints":{"allow":["GET"]}}],"collection":[{"href":"https:\/\/revelati0n.com\/index.php?rest_route=\/wp\/v2\/pages"}],"about":[{"href":"https:\/\/revelati0n.com\/index.php?rest_route=\/wp\/v2\/types\/page"}],"author":[{"embeddable":true,"href":"https:\/\/revelati0n.com\/index.php?rest_route=\/wp\/v2\/users\/1"}],"replies":[{"embeddable":true,"href":"https:\/\/revelati0n.com\/index.php?rest_route=%2Fwp%2Fv2%2Fcomments&post=329"}],"version-history":[{"count":2,"href":"https:\/\/revelati0n.com\/index.php?rest_route=\/wp\/v2\/pages\/329\/revisions"}],"predecessor-version":[{"id":559,"href":"https:\/\/revelati0n.com\/index.php?rest_route=\/wp\/v2\/pages\/329\/revisions\/559"}],"up":[{"embeddable":true,"href":"https:\/\/revelati0n.com\/index.php?rest_route=\/wp\/v2\/pages\/88"}],"wp:attachment":[{"href":"https:\/\/revelati0n.com\/index.php?rest_route=%2Fwp%2Fv2%2Fmedia&parent=329"}],"curies":[{"name":"wp","href":"https:\/\/api.w.org\/{rel}","templated":true}]}}