{"id":314,"date":"2025-04-15T02:55:24","date_gmt":"2025-04-15T00:55:24","guid":{"rendered":"https:\/\/revelati0n.com\/?page_id=314"},"modified":"2025-04-15T02:55:24","modified_gmt":"2025-04-15T00:55:24","slug":"ub-falle","status":"publish","type":"page","link":"https:\/\/revelati0n.com\/?page_id=314","title":{"rendered":"UB-Falle"},"content":{"rendered":"<p>Was ist die UB Falle?<\/p>\n<p>Die UB Falle wird gerne im GW angewendet um Kills zu sammeln.<br \/>\nDer Gegner greift euch beim rauben, in einem Lager, mit dem UB und einem T1 an. Ihr gewinnt den Kampf und habt somit einen Gefangenen im Gef\u00e4ngnis.<\/p>\n<p>Sobald ihr einen Gefangenen habt seid ihr auch au\u00dferhalb des Massakertages angreifbar (von der gesamten Karte aus).<\/p>\n<p>Der Gegner startet dann einen oder mehrere Angriffe auf euch bis ihr genullt seid und euer UB selbst gefangen genommen wurde.<\/p>\n<p>Wie kann man das verhindern?<\/p>\n<p>Meist wird die UB Falle au\u00dferhalb des Lagers angewendet (W\u00fcste etc.), aus diesem Grund nutzt bitte beim rauben in der W\u00fcste ein Schild, da dann der UB des Gegners nicht gefangen genommen werden kann.<\/p>\n","protected":false},"excerpt":{"rendered":"<p>Was ist die UB Falle? Die UB Falle wird gerne im GW angewendet um Kills zu sammeln. Der Gegner greift euch beim rauben, in einem Lager, mit dem UB und einem T1 an. Ihr gewinnt den Kampf und habt somit einen Gefangenen im Gef\u00e4ngnis. Sobald ihr einen Gefangenen habt seid ihr auch au\u00dferhalb des Massakertages angreifbar (von der gesamten Karte aus). Der Gegner startet dann einen oder mehrere Angriffe auf euch bis ihr genullt seid und euer UB selbst gefangen&#8230;<\/p>\n<p class=\"read-more\"><a class=\"btn btn-default\" href=\"https:\/\/revelati0n.com\/?page_id=314\">Weiterlesen<span class=\"screen-reader-text\"> Weiterlesen<\/span><\/a><\/p>\n","protected":false},"author":1,"featured_media":0,"parent":88,"menu_order":0,"comment_status":"closed","ping_status":"closed","template":"","meta":{"footnotes":""},"class_list":["post-314","page","type-page","status-publish","hentry"],"yoast_head":"<!-- This site is optimized with the Yoast SEO plugin v26.4 - https:\/\/yoast.com\/wordpress\/plugins\/seo\/ -->\n<title>UB-Falle - ZrX - Revelation<\/title>\n<meta name=\"robots\" content=\"index, follow, max-snippet:-1, max-image-preview:large, max-video-preview:-1\" \/>\n<link rel=\"canonical\" href=\"https:\/\/revelati0n.com\/?page_id=314\" \/>\n<meta property=\"og:locale\" content=\"de_DE\" \/>\n<meta property=\"og:type\" content=\"article\" \/>\n<meta property=\"og:title\" content=\"UB-Falle - ZrX - Revelation\" \/>\n<meta property=\"og:description\" content=\"Was ist die UB Falle? Die UB Falle wird gerne im GW angewendet um Kills zu sammeln. Der Gegner greift euch beim rauben, in einem Lager, mit dem UB und einem T1 an. Ihr gewinnt den Kampf und habt somit einen Gefangenen im Gef\u00e4ngnis. Sobald ihr einen Gefangenen habt seid ihr auch au\u00dferhalb des Massakertages angreifbar (von der gesamten Karte aus). Der Gegner startet dann einen oder mehrere Angriffe auf euch bis ihr genullt seid und euer UB selbst gefangen...Weiterlesen Weiterlesen\" \/>\n<meta property=\"og:url\" content=\"https:\/\/revelati0n.com\/?page_id=314\" \/>\n<meta property=\"og:site_name\" content=\"ZrX - Revelation\" \/>\n<meta name=\"twitter:card\" content=\"summary_large_image\" \/>\n<meta name=\"twitter:label1\" content=\"Gesch\u00e4tzte Lesezeit\" \/>\n\t<meta name=\"twitter:data1\" content=\"1\u00a0Minute\" \/>\n<script type=\"application\/ld+json\" class=\"yoast-schema-graph\">{\"@context\":\"https:\/\/schema.org\",\"@graph\":[{\"@type\":\"WebPage\",\"@id\":\"https:\/\/revelati0n.com\/?page_id=314\",\"url\":\"https:\/\/revelati0n.com\/?page_id=314\",\"name\":\"UB-Falle - ZrX - Revelation\",\"isPartOf\":{\"@id\":\"https:\/\/revelati0n.com\/#website\"},\"datePublished\":\"2025-04-15T00:55:24+00:00\",\"breadcrumb\":{\"@id\":\"https:\/\/revelati0n.com\/?page_id=314#breadcrumb\"},\"inLanguage\":\"de\",\"potentialAction\":[{\"@type\":\"ReadAction\",\"target\":[\"https:\/\/revelati0n.com\/?page_id=314\"]}]},{\"@type\":\"BreadcrumbList\",\"@id\":\"https:\/\/revelati0n.com\/?page_id=314#breadcrumb\",\"itemListElement\":[{\"@type\":\"ListItem\",\"position\":1,\"name\":\"Home\",\"item\":\"https:\/\/revelati0n.com\/\"},{\"@type\":\"ListItem\",\"position\":2,\"name\":\"Anleitungen\",\"item\":\"https:\/\/revelati0n.com\/?page_id=88\"},{\"@type\":\"ListItem\",\"position\":3,\"name\":\"UB-Falle\"}]},{\"@type\":\"WebSite\",\"@id\":\"https:\/\/revelati0n.com\/#website\",\"url\":\"https:\/\/revelati0n.com\/\",\"name\":\"ZrX - Revelation\",\"description\":\"The Grand Mafia Guides - Tips - Tricks - Tutorials\",\"publisher\":{\"@id\":\"https:\/\/revelati0n.com\/#organization\"},\"potentialAction\":[{\"@type\":\"SearchAction\",\"target\":{\"@type\":\"EntryPoint\",\"urlTemplate\":\"https:\/\/revelati0n.com\/?s={search_term_string}\"},\"query-input\":{\"@type\":\"PropertyValueSpecification\",\"valueRequired\":true,\"valueName\":\"search_term_string\"}}],\"inLanguage\":\"de\"},{\"@type\":\"Organization\",\"@id\":\"https:\/\/revelati0n.com\/#organization\",\"name\":\"ZrX - Revelation\",\"url\":\"https:\/\/revelati0n.com\/\",\"logo\":{\"@type\":\"ImageObject\",\"inLanguage\":\"de\",\"@id\":\"https:\/\/revelati0n.com\/#\/schema\/logo\/image\/\",\"url\":\"https:\/\/revelati0n.com\/wp-content\/uploads\/2022\/11\/logo.png\",\"contentUrl\":\"https:\/\/revelati0n.com\/wp-content\/uploads\/2022\/11\/logo.png\",\"width\":183,\"height\":61,\"caption\":\"ZrX - Revelation\"},\"image\":{\"@id\":\"https:\/\/revelati0n.com\/#\/schema\/logo\/image\/\"}}]}<\/script>\n<!-- \/ Yoast SEO plugin. -->","yoast_head_json":{"title":"UB-Falle - ZrX - Revelation","robots":{"index":"index","follow":"follow","max-snippet":"max-snippet:-1","max-image-preview":"max-image-preview:large","max-video-preview":"max-video-preview:-1"},"canonical":"https:\/\/revelati0n.com\/?page_id=314","og_locale":"de_DE","og_type":"article","og_title":"UB-Falle - ZrX - Revelation","og_description":"Was ist die UB Falle? Die UB Falle wird gerne im GW angewendet um Kills zu sammeln. Der Gegner greift euch beim rauben, in einem Lager, mit dem UB und einem T1 an. Ihr gewinnt den Kampf und habt somit einen Gefangenen im Gef\u00e4ngnis. Sobald ihr einen Gefangenen habt seid ihr auch au\u00dferhalb des Massakertages angreifbar (von der gesamten Karte aus). Der Gegner startet dann einen oder mehrere Angriffe auf euch bis ihr genullt seid und euer UB selbst gefangen...Weiterlesen Weiterlesen","og_url":"https:\/\/revelati0n.com\/?page_id=314","og_site_name":"ZrX - Revelation","twitter_card":"summary_large_image","twitter_misc":{"Gesch\u00e4tzte Lesezeit":"1\u00a0Minute"},"schema":{"@context":"https:\/\/schema.org","@graph":[{"@type":"WebPage","@id":"https:\/\/revelati0n.com\/?page_id=314","url":"https:\/\/revelati0n.com\/?page_id=314","name":"UB-Falle - ZrX - Revelation","isPartOf":{"@id":"https:\/\/revelati0n.com\/#website"},"datePublished":"2025-04-15T00:55:24+00:00","breadcrumb":{"@id":"https:\/\/revelati0n.com\/?page_id=314#breadcrumb"},"inLanguage":"de","potentialAction":[{"@type":"ReadAction","target":["https:\/\/revelati0n.com\/?page_id=314"]}]},{"@type":"BreadcrumbList","@id":"https:\/\/revelati0n.com\/?page_id=314#breadcrumb","itemListElement":[{"@type":"ListItem","position":1,"name":"Home","item":"https:\/\/revelati0n.com\/"},{"@type":"ListItem","position":2,"name":"Anleitungen","item":"https:\/\/revelati0n.com\/?page_id=88"},{"@type":"ListItem","position":3,"name":"UB-Falle"}]},{"@type":"WebSite","@id":"https:\/\/revelati0n.com\/#website","url":"https:\/\/revelati0n.com\/","name":"ZrX - Revelation","description":"The Grand Mafia Guides - Tips - Tricks - Tutorials","publisher":{"@id":"https:\/\/revelati0n.com\/#organization"},"potentialAction":[{"@type":"SearchAction","target":{"@type":"EntryPoint","urlTemplate":"https:\/\/revelati0n.com\/?s={search_term_string}"},"query-input":{"@type":"PropertyValueSpecification","valueRequired":true,"valueName":"search_term_string"}}],"inLanguage":"de"},{"@type":"Organization","@id":"https:\/\/revelati0n.com\/#organization","name":"ZrX - Revelation","url":"https:\/\/revelati0n.com\/","logo":{"@type":"ImageObject","inLanguage":"de","@id":"https:\/\/revelati0n.com\/#\/schema\/logo\/image\/","url":"https:\/\/revelati0n.com\/wp-content\/uploads\/2022\/11\/logo.png","contentUrl":"https:\/\/revelati0n.com\/wp-content\/uploads\/2022\/11\/logo.png","width":183,"height":61,"caption":"ZrX - Revelation"},"image":{"@id":"https:\/\/revelati0n.com\/#\/schema\/logo\/image\/"}}]}},"_links":{"self":[{"href":"https:\/\/revelati0n.com\/index.php?rest_route=\/wp\/v2\/pages\/314","targetHints":{"allow":["GET"]}}],"collection":[{"href":"https:\/\/revelati0n.com\/index.php?rest_route=\/wp\/v2\/pages"}],"about":[{"href":"https:\/\/revelati0n.com\/index.php?rest_route=\/wp\/v2\/types\/page"}],"author":[{"embeddable":true,"href":"https:\/\/revelati0n.com\/index.php?rest_route=\/wp\/v2\/users\/1"}],"replies":[{"embeddable":true,"href":"https:\/\/revelati0n.com\/index.php?rest_route=%2Fwp%2Fv2%2Fcomments&post=314"}],"version-history":[{"count":1,"href":"https:\/\/revelati0n.com\/index.php?rest_route=\/wp\/v2\/pages\/314\/revisions"}],"predecessor-version":[{"id":315,"href":"https:\/\/revelati0n.com\/index.php?rest_route=\/wp\/v2\/pages\/314\/revisions\/315"}],"up":[{"embeddable":true,"href":"https:\/\/revelati0n.com\/index.php?rest_route=\/wp\/v2\/pages\/88"}],"wp:attachment":[{"href":"https:\/\/revelati0n.com\/index.php?rest_route=%2Fwp%2Fv2%2Fmedia&parent=314"}],"curies":[{"name":"wp","href":"https:\/\/api.w.org\/{rel}","templated":true}]}}