{"id":311,"date":"2025-04-15T02:53:15","date_gmt":"2025-04-15T00:53:15","guid":{"rendered":"https:\/\/revelati0n.com\/?page_id=311"},"modified":"2025-04-15T02:53:15","modified_gmt":"2025-04-15T00:53:15","slug":"verteidigung","status":"publish","type":"page","link":"https:\/\/revelati0n.com\/?page_id=311","title":{"rendered":"Verteidigung"},"content":{"rendered":"<div class=\"message__5126c cozyMessage__5126c groupStart__5126c wrapper_c19a55 cozy_c19a55 zalgo_c19a55\" tabindex=\"-1\" role=\"article\" data-list-item-id=\"chat-messages___chat-messages-1360683920143814854-1360704848730788100\" aria-setsize=\"-1\" aria-roledescription=\"Nachricht\" aria-labelledby=\"message-username-1360704848730788100 uid_1 message-content-1360704848730788100 uid_2 message-timestamp-1360704848730788100\">\n<div class=\"contents_c19a55\">\n<div id=\"message-content-1360704848730788100\" class=\"markup__75297 messageContent_c19a55\">\n<div class=\"codeContainer__75297\"><code class=\"scrollbarGhostHairline__506b3 scrollbar__506b3 hljs fix\"><span class=\"hljs-attr\">Frage<br \/>\nWie bekomme ich Kampfberichte von Gegnern ohne viele Verluste zu haben?<\/span><\/code><\/div>\n<div><\/div>\n<p>Antwort Wenn ihr selbst ein Schild am KE oder Massakertag habt, k\u00f6nnt ihr das Clanmitglied mit einer Einheit (1 T1 am besten) verst\u00e4rken um einen Kampfbericht des Gegners zu erhalten.<\/p><\/div>\n<\/div>\n<div class=\"buttonContainer_c19a55\">\n<div class=\"buttons__5126c container__040f0 isHeader__040f0\" role=\"group\" aria-label=\"Nachrichtenaktionen\">\n<div class=\"buttonsInner__5126c popover_f84418 popoverReactionHoverBar_f84418 wrapper_f7ecac\">\n<div class=\"hoverBarButton_f84418 button_f7ecac\" tabindex=\"0\" role=\"button\" aria-label=\"Klicken, um mit rofl zu reagieren\">\n<div class=\"icon_f84418 buttonContent_f84418\">\n<div class=\"emoji emoji__040f0\" role=\"img\" data-type=\"emoji\" data-name=\"\ud83e\udd23\" aria-label=\"\"><\/div>\n<\/div>\n<\/div>\n<div class=\"hoverBarButton_f84418 button_f7ecac\" tabindex=\"0\" role=\"button\" aria-label=\"Klicken, um mit nerd zu reagieren\">\n<div class=\"icon_f84418 buttonContent_f84418\">\n<div class=\"emoji emoji__040f0\" role=\"img\" data-type=\"emoji\" data-name=\"\ud83e\udd13\" aria-label=\"\"><code class=\"scrollbarGhostHairline__506b3 scrollbar__506b3 hljs fix\"><span class=\"hljs-attr\">Frage<br \/>\nWie kann man sinnvoll Clanmitglieder sch\u00fctzen gegen einen Angriff?<\/span><\/code><\/div>\n<div role=\"img\" data-type=\"emoji\" data-name=\"\ud83e\udd13\" aria-label=\"\"><\/div>\n<\/div>\n<\/div>\n<div class=\"hoverBarButton_f84418 button_f7ecac\" tabindex=\"0\" role=\"button\" aria-label=\"Antworten\">\n<div id=\"message-content-1360704873015804168\" class=\"markup__75297 messageContent_c19a55\">Antwort Ihr k\u00f6nnt das Clanmitglied mit einer Einheit (1 T1 am besten) verst\u00e4rken. Sobald der Angriff l\u00e4uft k\u00f6nnt ihr \u00fcber das Radarsymbol am rechten Bildschirmrand sehen welche Truppen der Angreifer schickt, diese k\u00f6nnt ihr \u00fcber den Clanchat mittteilen damit ihr und andere aus dem Clan mit den passenden Truppen (siehe das Angriffsdreieck) Clanmitglied verst\u00e4rken.<\/div>\n<\/div>\n<\/div>\n<\/div>\n<\/div>\n<\/div>\n<div class=\"message__5126c cozyMessage__5126c wrapper_c19a55 cozy_c19a55 zalgo_c19a55\" tabindex=\"-1\" role=\"article\" data-list-item-id=\"chat-messages___chat-messages-1360683920143814854-1360704873015804168\" aria-setsize=\"-1\" aria-roledescription=\"Nachricht\" aria-labelledby=\"message-username-1360704848730788100 uid_1 message-content-1360704873015804168 uid_2 message-timestamp-1360704873015804168\">\n<div class=\"buttonContainer_c19a55\">\n<div class=\"buttons__5126c container__040f0\" role=\"group\" aria-label=\"Nachrichtenaktionen\">\n<div class=\"buttonsInner__5126c popover_f84418 popoverReactionHoverBar_f84418 wrapper_f7ecac\">\n<div class=\"hoverBarButton_f84418 button_f7ecac\" tabindex=\"0\" role=\"button\" aria-label=\"Klicken, um mit rofl zu reagieren\">\n<div class=\"icon_f84418 buttonContent_f84418\">\n<div class=\"emoji emoji__040f0\" role=\"img\" data-type=\"emoji\" data-name=\"\ud83e\udd23\" aria-label=\"\"><\/div>\n<\/div>\n<\/div>\n<div class=\"hoverBarButton_f84418 button_f7ecac\" tabindex=\"0\" role=\"button\" aria-label=\"Klicken, um mit nerd zu reagieren\">\n<div class=\"icon_f84418 buttonContent_f84418\">\n<div class=\"emoji emoji__040f0\" role=\"img\" data-type=\"emoji\" data-name=\"\ud83e\udd13\" aria-label=\"\"><\/div>\n<\/div>\n<\/div>\n<div class=\"hoverBarButton_f84418 button_f7ecac\" tabindex=\"0\" role=\"button\" aria-label=\"Antworten\">\n<div id=\"message-content-1360704912467562628\" class=\"markup__75297 messageContent_c19a55\">\n<div class=\"codeContainer__75297\"><code class=\"scrollbarGhostHairline__506b3 scrollbar__506b3 hljs fix\"><span class=\"hljs-attr\">ACHTUNG: Zur Verteidigung kann es erforderlich sein, dass ihr eure Truppen beschleunigen m\u00fcsst.<\/span><\/code><\/div>\n<\/div>\n<\/div>\n<\/div>\n<\/div>\n<\/div>\n<\/div>\n","protected":false},"excerpt":{"rendered":"<p>Frage Wie bekomme ich Kampfberichte von Gegnern ohne viele Verluste zu haben? Antwort Wenn ihr selbst ein Schild am KE oder Massakertag habt, k\u00f6nnt ihr das Clanmitglied mit einer Einheit (1 T1 am besten) verst\u00e4rken um einen Kampfbericht des Gegners zu erhalten. Frage Wie kann man sinnvoll Clanmitglieder sch\u00fctzen gegen einen Angriff? Antwort Ihr k\u00f6nnt das Clanmitglied mit einer Einheit (1 T1 am besten) verst\u00e4rken. Sobald der Angriff l\u00e4uft k\u00f6nnt ihr \u00fcber das Radarsymbol am rechten Bildschirmrand sehen welche Truppen&#8230;<\/p>\n<p class=\"read-more\"><a class=\"btn btn-default\" href=\"https:\/\/revelati0n.com\/?page_id=311\">Weiterlesen<span class=\"screen-reader-text\"> Weiterlesen<\/span><\/a><\/p>\n","protected":false},"author":1,"featured_media":0,"parent":88,"menu_order":0,"comment_status":"closed","ping_status":"closed","template":"","meta":{"footnotes":""},"class_list":["post-311","page","type-page","status-publish","hentry"],"yoast_head":"<!-- This site is optimized with the Yoast SEO plugin v26.4 - https:\/\/yoast.com\/wordpress\/plugins\/seo\/ -->\n<title>Verteidigung - ZrX - Revelation<\/title>\n<meta name=\"robots\" content=\"index, follow, max-snippet:-1, max-image-preview:large, max-video-preview:-1\" \/>\n<link rel=\"canonical\" href=\"https:\/\/revelati0n.com\/?page_id=311\" \/>\n<meta property=\"og:locale\" content=\"de_DE\" \/>\n<meta property=\"og:type\" content=\"article\" \/>\n<meta property=\"og:title\" content=\"Verteidigung - ZrX - Revelation\" \/>\n<meta property=\"og:description\" content=\"Frage Wie bekomme ich Kampfberichte von Gegnern ohne viele Verluste zu haben? Antwort Wenn ihr selbst ein Schild am KE oder Massakertag habt, k\u00f6nnt ihr das Clanmitglied mit einer Einheit (1 T1 am besten) verst\u00e4rken um einen Kampfbericht des Gegners zu erhalten. Frage Wie kann man sinnvoll Clanmitglieder sch\u00fctzen gegen einen Angriff? Antwort Ihr k\u00f6nnt das Clanmitglied mit einer Einheit (1 T1 am besten) verst\u00e4rken. Sobald der Angriff l\u00e4uft k\u00f6nnt ihr \u00fcber das Radarsymbol am rechten Bildschirmrand sehen welche Truppen...Weiterlesen Weiterlesen\" \/>\n<meta property=\"og:url\" content=\"https:\/\/revelati0n.com\/?page_id=311\" \/>\n<meta property=\"og:site_name\" content=\"ZrX - Revelation\" \/>\n<meta name=\"twitter:card\" content=\"summary_large_image\" \/>\n<meta name=\"twitter:label1\" content=\"Gesch\u00e4tzte Lesezeit\" \/>\n\t<meta name=\"twitter:data1\" content=\"1\u00a0Minute\" \/>\n<script type=\"application\/ld+json\" class=\"yoast-schema-graph\">{\"@context\":\"https:\/\/schema.org\",\"@graph\":[{\"@type\":\"WebPage\",\"@id\":\"https:\/\/revelati0n.com\/?page_id=311\",\"url\":\"https:\/\/revelati0n.com\/?page_id=311\",\"name\":\"Verteidigung - ZrX - Revelation\",\"isPartOf\":{\"@id\":\"https:\/\/revelati0n.com\/#website\"},\"datePublished\":\"2025-04-15T00:53:15+00:00\",\"breadcrumb\":{\"@id\":\"https:\/\/revelati0n.com\/?page_id=311#breadcrumb\"},\"inLanguage\":\"de\",\"potentialAction\":[{\"@type\":\"ReadAction\",\"target\":[\"https:\/\/revelati0n.com\/?page_id=311\"]}]},{\"@type\":\"BreadcrumbList\",\"@id\":\"https:\/\/revelati0n.com\/?page_id=311#breadcrumb\",\"itemListElement\":[{\"@type\":\"ListItem\",\"position\":1,\"name\":\"Home\",\"item\":\"https:\/\/revelati0n.com\/\"},{\"@type\":\"ListItem\",\"position\":2,\"name\":\"Anleitungen\",\"item\":\"https:\/\/revelati0n.com\/?page_id=88\"},{\"@type\":\"ListItem\",\"position\":3,\"name\":\"Verteidigung\"}]},{\"@type\":\"WebSite\",\"@id\":\"https:\/\/revelati0n.com\/#website\",\"url\":\"https:\/\/revelati0n.com\/\",\"name\":\"ZrX - Revelation\",\"description\":\"The Grand Mafia Guides - Tips - Tricks - Tutorials\",\"publisher\":{\"@id\":\"https:\/\/revelati0n.com\/#organization\"},\"potentialAction\":[{\"@type\":\"SearchAction\",\"target\":{\"@type\":\"EntryPoint\",\"urlTemplate\":\"https:\/\/revelati0n.com\/?s={search_term_string}\"},\"query-input\":{\"@type\":\"PropertyValueSpecification\",\"valueRequired\":true,\"valueName\":\"search_term_string\"}}],\"inLanguage\":\"de\"},{\"@type\":\"Organization\",\"@id\":\"https:\/\/revelati0n.com\/#organization\",\"name\":\"ZrX - Revelation\",\"url\":\"https:\/\/revelati0n.com\/\",\"logo\":{\"@type\":\"ImageObject\",\"inLanguage\":\"de\",\"@id\":\"https:\/\/revelati0n.com\/#\/schema\/logo\/image\/\",\"url\":\"https:\/\/revelati0n.com\/wp-content\/uploads\/2022\/11\/logo.png\",\"contentUrl\":\"https:\/\/revelati0n.com\/wp-content\/uploads\/2022\/11\/logo.png\",\"width\":183,\"height\":61,\"caption\":\"ZrX - Revelation\"},\"image\":{\"@id\":\"https:\/\/revelati0n.com\/#\/schema\/logo\/image\/\"}}]}<\/script>\n<!-- \/ Yoast SEO plugin. -->","yoast_head_json":{"title":"Verteidigung - ZrX - Revelation","robots":{"index":"index","follow":"follow","max-snippet":"max-snippet:-1","max-image-preview":"max-image-preview:large","max-video-preview":"max-video-preview:-1"},"canonical":"https:\/\/revelati0n.com\/?page_id=311","og_locale":"de_DE","og_type":"article","og_title":"Verteidigung - ZrX - Revelation","og_description":"Frage Wie bekomme ich Kampfberichte von Gegnern ohne viele Verluste zu haben? Antwort Wenn ihr selbst ein Schild am KE oder Massakertag habt, k\u00f6nnt ihr das Clanmitglied mit einer Einheit (1 T1 am besten) verst\u00e4rken um einen Kampfbericht des Gegners zu erhalten. Frage Wie kann man sinnvoll Clanmitglieder sch\u00fctzen gegen einen Angriff? Antwort Ihr k\u00f6nnt das Clanmitglied mit einer Einheit (1 T1 am besten) verst\u00e4rken. Sobald der Angriff l\u00e4uft k\u00f6nnt ihr \u00fcber das Radarsymbol am rechten Bildschirmrand sehen welche Truppen...Weiterlesen Weiterlesen","og_url":"https:\/\/revelati0n.com\/?page_id=311","og_site_name":"ZrX - Revelation","twitter_card":"summary_large_image","twitter_misc":{"Gesch\u00e4tzte Lesezeit":"1\u00a0Minute"},"schema":{"@context":"https:\/\/schema.org","@graph":[{"@type":"WebPage","@id":"https:\/\/revelati0n.com\/?page_id=311","url":"https:\/\/revelati0n.com\/?page_id=311","name":"Verteidigung - ZrX - Revelation","isPartOf":{"@id":"https:\/\/revelati0n.com\/#website"},"datePublished":"2025-04-15T00:53:15+00:00","breadcrumb":{"@id":"https:\/\/revelati0n.com\/?page_id=311#breadcrumb"},"inLanguage":"de","potentialAction":[{"@type":"ReadAction","target":["https:\/\/revelati0n.com\/?page_id=311"]}]},{"@type":"BreadcrumbList","@id":"https:\/\/revelati0n.com\/?page_id=311#breadcrumb","itemListElement":[{"@type":"ListItem","position":1,"name":"Home","item":"https:\/\/revelati0n.com\/"},{"@type":"ListItem","position":2,"name":"Anleitungen","item":"https:\/\/revelati0n.com\/?page_id=88"},{"@type":"ListItem","position":3,"name":"Verteidigung"}]},{"@type":"WebSite","@id":"https:\/\/revelati0n.com\/#website","url":"https:\/\/revelati0n.com\/","name":"ZrX - Revelation","description":"The Grand Mafia Guides - Tips - Tricks - Tutorials","publisher":{"@id":"https:\/\/revelati0n.com\/#organization"},"potentialAction":[{"@type":"SearchAction","target":{"@type":"EntryPoint","urlTemplate":"https:\/\/revelati0n.com\/?s={search_term_string}"},"query-input":{"@type":"PropertyValueSpecification","valueRequired":true,"valueName":"search_term_string"}}],"inLanguage":"de"},{"@type":"Organization","@id":"https:\/\/revelati0n.com\/#organization","name":"ZrX - Revelation","url":"https:\/\/revelati0n.com\/","logo":{"@type":"ImageObject","inLanguage":"de","@id":"https:\/\/revelati0n.com\/#\/schema\/logo\/image\/","url":"https:\/\/revelati0n.com\/wp-content\/uploads\/2022\/11\/logo.png","contentUrl":"https:\/\/revelati0n.com\/wp-content\/uploads\/2022\/11\/logo.png","width":183,"height":61,"caption":"ZrX - Revelation"},"image":{"@id":"https:\/\/revelati0n.com\/#\/schema\/logo\/image\/"}}]}},"_links":{"self":[{"href":"https:\/\/revelati0n.com\/index.php?rest_route=\/wp\/v2\/pages\/311","targetHints":{"allow":["GET"]}}],"collection":[{"href":"https:\/\/revelati0n.com\/index.php?rest_route=\/wp\/v2\/pages"}],"about":[{"href":"https:\/\/revelati0n.com\/index.php?rest_route=\/wp\/v2\/types\/page"}],"author":[{"embeddable":true,"href":"https:\/\/revelati0n.com\/index.php?rest_route=\/wp\/v2\/users\/1"}],"replies":[{"embeddable":true,"href":"https:\/\/revelati0n.com\/index.php?rest_route=%2Fwp%2Fv2%2Fcomments&post=311"}],"version-history":[{"count":1,"href":"https:\/\/revelati0n.com\/index.php?rest_route=\/wp\/v2\/pages\/311\/revisions"}],"predecessor-version":[{"id":312,"href":"https:\/\/revelati0n.com\/index.php?rest_route=\/wp\/v2\/pages\/311\/revisions\/312"}],"up":[{"embeddable":true,"href":"https:\/\/revelati0n.com\/index.php?rest_route=\/wp\/v2\/pages\/88"}],"wp:attachment":[{"href":"https:\/\/revelati0n.com\/index.php?rest_route=%2Fwp%2Fv2%2Fmedia&parent=311"}],"curies":[{"name":"wp","href":"https:\/\/api.w.org\/{rel}","templated":true}]}}