{"id":299,"date":"2025-04-15T02:41:25","date_gmt":"2025-04-15T00:41:25","guid":{"rendered":"https:\/\/revelati0n.com\/?page_id=299"},"modified":"2025-04-23T03:01:21","modified_gmt":"2025-04-23T01:01:21","slug":"unterschied-verstaerken-und-stationieren","status":"publish","type":"page","link":"https:\/\/revelati0n.com\/?page_id=299","title":{"rendered":"Unterschied Verst\u00e4rken und Stationieren"},"content":{"rendered":"<p>Was bedeutet Verst\u00e4rken?<br \/>\nVerst\u00e4rken bedeutet, dass die entsandten Truppen in die Villa des Clanmitgliedes gesendet werden und mit Ihm Seite an Seite k\u00e4mpfen. Es gelten die Stats des Villeninhabers.<\/p>\n<p>Wie verst\u00e4rkt man eine Villa?<br \/>\nIhr klickt auf die Villa und w\u00e4hlt Verst\u00e4rken aus. Nach der Auswahl w\u00e4hlt ihr die Truppen mit denen ihr verst\u00e4rken wollt und dr\u00fcckt auf senden.<\/p>\n<div class=\"messagesWrapper__36d07 group-spacing-16\">\n<div class=\"scroller__36d07 customTheme_d125d2 auto_d125d2 scrollerBase_d125d2 disableScrollAnchor_d125d2 managedReactiveScroller_d125d2\" dir=\"ltr\" tabindex=\"-1\" role=\"group\" data-jump-section=\"global\">\n<div class=\"scrollerContent__36d07 content_d125d2\">\n<div class=\"message__5126c cozyMessage__5126c wrapper_c19a55 cozy_c19a55 zalgo_c19a55\" tabindex=\"-1\" role=\"article\" data-list-item-id=\"chat-messages___chat-messages-1360683920143814850-1360703297119453194\" aria-setsize=\"-1\" aria-roledescription=\"Nachricht\" aria-labelledby=\"message-username-1360703234750025778 uid_1 message-accessories-1360703297119453194 uid_2 message-timestamp-1360703297119453194\">\n<div id=\"message-accessories-1360703297119453194\" class=\"container_b7e1cb\">\n<div class=\"visualMediaItemContainer_f4758a\">\n<div class=\"oneByOneGrid_f4758a oneByOneGridSingle_f4758a\">\n<div class=\"mosaicItem__6c706 mosaicItemNoJustify__6c706 mosaicItemMediaMosaic__6c706 hideOverflow__6c706\">\n<div class=\"imageContent__0f481 embedWrapper_b7e1cb itemContentContainer_f4758a mosaicItemContent__6c706\">\n<div class=\"imageContainer__0f481\">\n<div class=\"imageWrapper_af017a imageZoom_af017a clickable_af017a lazyImgContainer_f4758a\">\n<div class=\"clickableWrapper_af017a\" tabindex=\"0\" role=\"button\" aria-label=\"Bild\" aria-describedby=\"uid_4\">\n<div class=\"loadingOverlay_af017a\"><img loading=\"lazy\" decoding=\"async\" class=\"alignnone size-full wp-image-473\" src=\"https:\/\/revelati0n.com\/wp-content\/uploads\/2025\/04\/verstaerken_01.png\" alt=\"\" width=\"670\" height=\"1280\" srcset=\"https:\/\/revelati0n.com\/wp-content\/uploads\/2025\/04\/verstaerken_01.png 670w, https:\/\/revelati0n.com\/wp-content\/uploads\/2025\/04\/verstaerken_01-157x300.png 157w, https:\/\/revelati0n.com\/wp-content\/uploads\/2025\/04\/verstaerken_01-536x1024.png 536w, https:\/\/revelati0n.com\/wp-content\/uploads\/2025\/04\/verstaerken_01-141x270.png 141w\" sizes=\"auto, (max-width: 670px) 100vw, 670px\" \/><\/div>\n<\/div>\n<\/div>\n<\/div>\n<\/div>\n<\/div>\n<\/div>\n<\/div>\n<\/div>\n<\/div>\n<div class=\"message__5126c cozyMessage__5126c wrapper_c19a55 cozy_c19a55 zalgo_c19a55\" tabindex=\"-1\" role=\"article\" data-list-item-id=\"chat-messages___chat-messages-1360683920143814850-1360703344926134404\" aria-setsize=\"-1\" aria-roledescription=\"Nachricht\" aria-labelledby=\"message-username-1360703234750025778 uid_1 message-accessories-1360703344926134404 uid_2 message-timestamp-1360703344926134404\">\n<div id=\"message-accessories-1360703344926134404\" class=\"container_b7e1cb\">\n<div class=\"visualMediaItemContainer_f4758a\">\n<div class=\"oneByOneGrid_f4758a oneByOneGridSingle_f4758a\">\n<div class=\"mosaicItem__6c706 mosaicItemNoJustify__6c706 mosaicItemMediaMosaic__6c706 hideOverflow__6c706\">\n<div class=\"imageContent__0f481 embedWrapper_b7e1cb itemContentContainer_f4758a mosaicItemContent__6c706\">\n<div class=\"imageContainer__0f481\">\n<div class=\"imageWrapper_af017a imageZoom_af017a clickable_af017a lazyImgContainer_f4758a\">\n<div class=\"clickableWrapper_af017a\" tabindex=\"0\" role=\"button\" aria-label=\"Bild\" aria-describedby=\"uid_4\">\n<div class=\"loadingOverlay_af017a\"><img loading=\"lazy\" decoding=\"async\" class=\"alignnone size-full wp-image-474\" src=\"https:\/\/revelati0n.com\/wp-content\/uploads\/2025\/04\/verstaerken_02.png\" alt=\"\" width=\"693\" height=\"1280\" srcset=\"https:\/\/revelati0n.com\/wp-content\/uploads\/2025\/04\/verstaerken_02.png 693w, https:\/\/revelati0n.com\/wp-content\/uploads\/2025\/04\/verstaerken_02-162x300.png 162w, https:\/\/revelati0n.com\/wp-content\/uploads\/2025\/04\/verstaerken_02-554x1024.png 554w, https:\/\/revelati0n.com\/wp-content\/uploads\/2025\/04\/verstaerken_02-146x270.png 146w\" sizes=\"auto, (max-width: 693px) 100vw, 693px\" \/><\/div>\n<\/div>\n<\/div>\n<\/div>\n<\/div>\n<\/div>\n<\/div>\n<\/div>\n<\/div>\n<\/div>\n<div class=\"message__5126c cozyMessage__5126c wrapper_c19a55 cozy_c19a55 zalgo_c19a55\" tabindex=\"-1\" role=\"article\" data-list-item-id=\"chat-messages___chat-messages-1360683920143814850-1360703361774649456\" aria-setsize=\"-1\" aria-roledescription=\"Nachricht\" aria-labelledby=\"message-username-1360703234750025778 uid_1 message-accessories-1360703361774649456 uid_2 message-timestamp-1360703361774649456\">\n<div id=\"message-accessories-1360703361774649456\" class=\"container_b7e1cb\">\n<div class=\"visualMediaItemContainer_f4758a\">\n<div class=\"oneByOneGrid_f4758a oneByOneGridSingle_f4758a\">\n<div class=\"mosaicItem__6c706 mosaicItemNoJustify__6c706 mosaicItemMediaMosaic__6c706 hideOverflow__6c706\">\n<div class=\"imageContent__0f481 embedWrapper_b7e1cb itemContentContainer_f4758a mosaicItemContent__6c706\">\n<div class=\"imageContainer__0f481\">\n<div class=\"imageWrapper_af017a imageZoom_af017a clickable_af017a lazyImgContainer_f4758a\">\n<div class=\"clickableWrapper_af017a\" tabindex=\"0\" role=\"button\" aria-label=\"Bild\" aria-describedby=\"uid_4\">\n<div class=\"loadingOverlay_af017a\"><img loading=\"lazy\" decoding=\"async\" class=\"alignnone size-full wp-image-475\" src=\"https:\/\/revelati0n.com\/wp-content\/uploads\/2025\/04\/verstaerken_03.png\" alt=\"\" width=\"696\" height=\"1280\" srcset=\"https:\/\/revelati0n.com\/wp-content\/uploads\/2025\/04\/verstaerken_03.png 696w, https:\/\/revelati0n.com\/wp-content\/uploads\/2025\/04\/verstaerken_03-163x300.png 163w, https:\/\/revelati0n.com\/wp-content\/uploads\/2025\/04\/verstaerken_03-557x1024.png 557w, https:\/\/revelati0n.com\/wp-content\/uploads\/2025\/04\/verstaerken_03-147x270.png 147w\" sizes=\"auto, (max-width: 696px) 100vw, 696px\" \/><\/div>\n<\/div>\n<\/div>\n<div class=\"hoverButtonGroup__06ab4\">\n<div class=\"hoverButton__06ab4\" tabindex=\"0\" role=\"button\" aria-label=\"Bild mit Apps bearbeiten\">\n<div class=\"lottieIcon__5eb9b lottieIconColors__5eb9b\"><\/div>\n<\/div>\n<\/div>\n<div class=\"sizer__06ab4\"><code class=\"scrollbarGhostHairline__506b3 scrollbar__506b3 hljs fix\"><span class=\"hljs-attr\">Was bedeutet Stationieren?<\/span><\/code><\/div>\n<\/div>\n<\/div>\n<\/div>\n<\/div>\n<\/div>\n<\/div>\n<div class=\"buttonContainer_c19a55\">\n<div class=\"buttons__5126c container__040f0\" role=\"group\" aria-label=\"Nachrichtenaktionen\">\n<div class=\"buttonsInner__5126c popover_f84418 popoverReactionHoverBar_f84418 wrapper_f7ecac\">\n<div class=\"hoverBarButton_f84418 button_f7ecac\" tabindex=\"0\" role=\"button\" aria-label=\"Antworten\">\n<div id=\"message-content-1360703383962652935\" class=\"markup__75297 messageContent_c19a55\">\n<p>Stationieren bedeutet, dass deine Truppen die Villa au\u00dferhalb der Mauer verteidigen. Wenn ein Feind angreift wird erst die stationierte Truppe angegriffen. Ist dieser Kampf verloren geht der Feind erst auf die Villa selbst. Bei der Stationierung z\u00e4hlen die eigenen Stats und Begabungen.<\/p>\n<div class=\"codeContainer__75297\"><code class=\"scrollbarGhostHairline__506b3 scrollbar__506b3 hljs fix\"><span class=\"hljs-attr\">Wie stationiert man Truppen?<\/span><\/code><\/div>\n<p>Ihr klickt auf die Villa und w\u00e4hlt Stationieren aus. Danach w\u00e4hlt ihr die Helden (mit UB) und die Truppen aus und dr\u00fcckt auf senden.<\/p>\n<\/div>\n<\/div>\n<\/div>\n<\/div>\n<\/div>\n<\/div>\n<div class=\"message__5126c cozyMessage__5126c wrapper_c19a55 cozy_c19a55 zalgo_c19a55\" tabindex=\"-1\" role=\"article\" data-list-item-id=\"chat-messages___chat-messages-1360683920143814850-1360703451511652403\" aria-setsize=\"-1\" aria-roledescription=\"Nachricht\" aria-labelledby=\"message-username-1360703234750025778 uid_1 message-accessories-1360703451511652403 uid_2 message-timestamp-1360703451511652403\">\n<div id=\"message-accessories-1360703451511652403\" class=\"container_b7e1cb\">\n<div class=\"visualMediaItemContainer_f4758a\">\n<div class=\"oneByOneGrid_f4758a oneByOneGridSingle_f4758a\">\n<div class=\"mosaicItem__6c706 mosaicItemNoJustify__6c706 mosaicItemMediaMosaic__6c706 hideOverflow__6c706\">\n<div class=\"imageContent__0f481 embedWrapper_b7e1cb itemContentContainer_f4758a mosaicItemContent__6c706\">\n<div class=\"imageContainer__0f481\">\n<div class=\"imageWrapper_af017a imageZoom_af017a clickable_af017a lazyImgContainer_f4758a\">\n<div class=\"clickableWrapper_af017a\" tabindex=\"0\" role=\"button\" aria-label=\"Bild\" aria-describedby=\"uid_4\">\n<div class=\"loadingOverlay_af017a\"><img loading=\"lazy\" decoding=\"async\" class=\"alignnone size-full wp-image-476\" src=\"https:\/\/revelati0n.com\/wp-content\/uploads\/2025\/04\/verstaerken_04.png\" alt=\"\" width=\"695\" height=\"1280\" srcset=\"https:\/\/revelati0n.com\/wp-content\/uploads\/2025\/04\/verstaerken_04.png 695w, https:\/\/revelati0n.com\/wp-content\/uploads\/2025\/04\/verstaerken_04-163x300.png 163w, https:\/\/revelati0n.com\/wp-content\/uploads\/2025\/04\/verstaerken_04-556x1024.png 556w, https:\/\/revelati0n.com\/wp-content\/uploads\/2025\/04\/verstaerken_04-147x270.png 147w\" sizes=\"auto, (max-width: 695px) 100vw, 695px\" \/><\/div>\n<\/div>\n<\/div>\n<\/div>\n<\/div>\n<\/div>\n<\/div>\n<\/div>\n<\/div>\n<\/div>\n<div class=\"message__5126c cozyMessage__5126c wrapper_c19a55 cozy_c19a55 zalgo_c19a55\" tabindex=\"-1\" role=\"article\" data-list-item-id=\"chat-messages___chat-messages-1360683920143814850-1360703473359781938\" aria-setsize=\"-1\" aria-roledescription=\"Nachricht\" aria-labelledby=\"message-username-1360703234750025778 uid_1 message-accessories-1360703473359781938 uid_2 message-timestamp-1360703473359781938\">\n<div id=\"message-accessories-1360703473359781938\" class=\"container_b7e1cb\">\n<div class=\"visualMediaItemContainer_f4758a\">\n<div class=\"oneByOneGrid_f4758a oneByOneGridSingle_f4758a\">\n<div class=\"mosaicItem__6c706 mosaicItemNoJustify__6c706 mosaicItemMediaMosaic__6c706 hideOverflow__6c706\">\n<div class=\"imageContent__0f481 embedWrapper_b7e1cb itemContentContainer_f4758a mosaicItemContent__6c706\">\n<div class=\"imageContainer__0f481\">\n<div class=\"imageWrapper_af017a imageZoom_af017a clickable_af017a lazyImgContainer_f4758a\">\n<div class=\"clickableWrapper_af017a\" tabindex=\"0\" role=\"button\" aria-label=\"Bild\" aria-describedby=\"uid_4\">\n<div class=\"loadingOverlay_af017a\"><img loading=\"lazy\" decoding=\"async\" class=\"alignnone size-full wp-image-477\" src=\"https:\/\/revelati0n.com\/wp-content\/uploads\/2025\/04\/verstaerken_05.png\" alt=\"\" width=\"695\" height=\"1280\" srcset=\"https:\/\/revelati0n.com\/wp-content\/uploads\/2025\/04\/verstaerken_05.png 695w, https:\/\/revelati0n.com\/wp-content\/uploads\/2025\/04\/verstaerken_05-163x300.png 163w, https:\/\/revelati0n.com\/wp-content\/uploads\/2025\/04\/verstaerken_05-556x1024.png 556w, https:\/\/revelati0n.com\/wp-content\/uploads\/2025\/04\/verstaerken_05-147x270.png 147w\" sizes=\"auto, (max-width: 695px) 100vw, 695px\" \/><\/div>\n<\/div>\n<\/div>\n<\/div>\n<\/div>\n<\/div>\n<\/div>\n<\/div>\n<\/div>\n<\/div>\n<\/div>\n<\/div>\n<\/div>\n","protected":false},"excerpt":{"rendered":"<p>Was bedeutet Verst\u00e4rken? Verst\u00e4rken bedeutet, dass die entsandten Truppen in die Villa des Clanmitgliedes gesendet werden und mit Ihm Seite an Seite k\u00e4mpfen. Es gelten die Stats des Villeninhabers. Wie verst\u00e4rkt man eine Villa? Ihr klickt auf die Villa und w\u00e4hlt Verst\u00e4rken aus. Nach der Auswahl w\u00e4hlt ihr die Truppen mit denen ihr verst\u00e4rken wollt und dr\u00fcckt auf senden. Was bedeutet Stationieren? Stationieren bedeutet, dass deine Truppen die Villa au\u00dferhalb der Mauer verteidigen. Wenn ein Feind angreift wird erst die&#8230;<\/p>\n<p class=\"read-more\"><a class=\"btn btn-default\" href=\"https:\/\/revelati0n.com\/?page_id=299\">Weiterlesen<span class=\"screen-reader-text\"> Weiterlesen<\/span><\/a><\/p>\n","protected":false},"author":1,"featured_media":0,"parent":88,"menu_order":0,"comment_status":"closed","ping_status":"closed","template":"","meta":{"footnotes":""},"class_list":["post-299","page","type-page","status-publish","hentry"],"yoast_head":"<!-- This site is optimized with the Yoast SEO plugin v26.4 - https:\/\/yoast.com\/wordpress\/plugins\/seo\/ -->\n<title>Unterschied Verst\u00e4rken und Stationieren - ZrX - Revelation<\/title>\n<meta name=\"robots\" content=\"index, follow, max-snippet:-1, max-image-preview:large, max-video-preview:-1\" \/>\n<link rel=\"canonical\" href=\"https:\/\/revelati0n.com\/?page_id=299\" \/>\n<meta property=\"og:locale\" content=\"de_DE\" \/>\n<meta property=\"og:type\" content=\"article\" \/>\n<meta property=\"og:title\" content=\"Unterschied Verst\u00e4rken und Stationieren - ZrX - Revelation\" \/>\n<meta property=\"og:description\" content=\"Was bedeutet Verst\u00e4rken? Verst\u00e4rken bedeutet, dass die entsandten Truppen in die Villa des Clanmitgliedes gesendet werden und mit Ihm Seite an Seite k\u00e4mpfen. Es gelten die Stats des Villeninhabers. Wie verst\u00e4rkt man eine Villa? Ihr klickt auf die Villa und w\u00e4hlt Verst\u00e4rken aus. Nach der Auswahl w\u00e4hlt ihr die Truppen mit denen ihr verst\u00e4rken wollt und dr\u00fcckt auf senden. Was bedeutet Stationieren? Stationieren bedeutet, dass deine Truppen die Villa au\u00dferhalb der Mauer verteidigen. Wenn ein Feind angreift wird erst die...Weiterlesen Weiterlesen\" \/>\n<meta property=\"og:url\" content=\"https:\/\/revelati0n.com\/?page_id=299\" \/>\n<meta property=\"og:site_name\" content=\"ZrX - Revelation\" \/>\n<meta property=\"article:modified_time\" content=\"2025-04-23T01:01:21+00:00\" \/>\n<meta property=\"og:image\" content=\"https:\/\/revelati0n.com\/wp-content\/uploads\/2025\/04\/verstaerken_01.png\" \/>\n\t<meta property=\"og:image:width\" content=\"670\" \/>\n\t<meta property=\"og:image:height\" content=\"1280\" \/>\n\t<meta property=\"og:image:type\" content=\"image\/png\" \/>\n<meta name=\"twitter:card\" content=\"summary_large_image\" \/>\n<meta name=\"twitter:label1\" content=\"Gesch\u00e4tzte Lesezeit\" \/>\n\t<meta name=\"twitter:data1\" content=\"2\u00a0Minuten\" \/>\n<script type=\"application\/ld+json\" class=\"yoast-schema-graph\">{\"@context\":\"https:\/\/schema.org\",\"@graph\":[{\"@type\":\"WebPage\",\"@id\":\"https:\/\/revelati0n.com\/?page_id=299\",\"url\":\"https:\/\/revelati0n.com\/?page_id=299\",\"name\":\"Unterschied Verst\u00e4rken und Stationieren - ZrX - Revelation\",\"isPartOf\":{\"@id\":\"https:\/\/revelati0n.com\/#website\"},\"primaryImageOfPage\":{\"@id\":\"https:\/\/revelati0n.com\/?page_id=299#primaryimage\"},\"image\":{\"@id\":\"https:\/\/revelati0n.com\/?page_id=299#primaryimage\"},\"thumbnailUrl\":\"https:\/\/revelati0n.com\/wp-content\/uploads\/2025\/04\/verstaerken_01.png\",\"datePublished\":\"2025-04-15T00:41:25+00:00\",\"dateModified\":\"2025-04-23T01:01:21+00:00\",\"breadcrumb\":{\"@id\":\"https:\/\/revelati0n.com\/?page_id=299#breadcrumb\"},\"inLanguage\":\"de\",\"potentialAction\":[{\"@type\":\"ReadAction\",\"target\":[\"https:\/\/revelati0n.com\/?page_id=299\"]}]},{\"@type\":\"ImageObject\",\"inLanguage\":\"de\",\"@id\":\"https:\/\/revelati0n.com\/?page_id=299#primaryimage\",\"url\":\"https:\/\/revelati0n.com\/wp-content\/uploads\/2025\/04\/verstaerken_01.png\",\"contentUrl\":\"https:\/\/revelati0n.com\/wp-content\/uploads\/2025\/04\/verstaerken_01.png\",\"width\":670,\"height\":1280},{\"@type\":\"BreadcrumbList\",\"@id\":\"https:\/\/revelati0n.com\/?page_id=299#breadcrumb\",\"itemListElement\":[{\"@type\":\"ListItem\",\"position\":1,\"name\":\"Home\",\"item\":\"https:\/\/revelati0n.com\/\"},{\"@type\":\"ListItem\",\"position\":2,\"name\":\"Anleitungen\",\"item\":\"https:\/\/revelati0n.com\/?page_id=88\"},{\"@type\":\"ListItem\",\"position\":3,\"name\":\"Unterschied Verst\u00e4rken und Stationieren\"}]},{\"@type\":\"WebSite\",\"@id\":\"https:\/\/revelati0n.com\/#website\",\"url\":\"https:\/\/revelati0n.com\/\",\"name\":\"ZrX - Revelation\",\"description\":\"The Grand Mafia Guides - Tips - Tricks - Tutorials\",\"publisher\":{\"@id\":\"https:\/\/revelati0n.com\/#organization\"},\"potentialAction\":[{\"@type\":\"SearchAction\",\"target\":{\"@type\":\"EntryPoint\",\"urlTemplate\":\"https:\/\/revelati0n.com\/?s={search_term_string}\"},\"query-input\":{\"@type\":\"PropertyValueSpecification\",\"valueRequired\":true,\"valueName\":\"search_term_string\"}}],\"inLanguage\":\"de\"},{\"@type\":\"Organization\",\"@id\":\"https:\/\/revelati0n.com\/#organization\",\"name\":\"ZrX - Revelation\",\"url\":\"https:\/\/revelati0n.com\/\",\"logo\":{\"@type\":\"ImageObject\",\"inLanguage\":\"de\",\"@id\":\"https:\/\/revelati0n.com\/#\/schema\/logo\/image\/\",\"url\":\"https:\/\/revelati0n.com\/wp-content\/uploads\/2022\/11\/logo.png\",\"contentUrl\":\"https:\/\/revelati0n.com\/wp-content\/uploads\/2022\/11\/logo.png\",\"width\":183,\"height\":61,\"caption\":\"ZrX - Revelation\"},\"image\":{\"@id\":\"https:\/\/revelati0n.com\/#\/schema\/logo\/image\/\"}}]}<\/script>\n<!-- \/ Yoast SEO plugin. -->","yoast_head_json":{"title":"Unterschied Verst\u00e4rken und Stationieren - ZrX - Revelation","robots":{"index":"index","follow":"follow","max-snippet":"max-snippet:-1","max-image-preview":"max-image-preview:large","max-video-preview":"max-video-preview:-1"},"canonical":"https:\/\/revelati0n.com\/?page_id=299","og_locale":"de_DE","og_type":"article","og_title":"Unterschied Verst\u00e4rken und Stationieren - ZrX - Revelation","og_description":"Was bedeutet Verst\u00e4rken? Verst\u00e4rken bedeutet, dass die entsandten Truppen in die Villa des Clanmitgliedes gesendet werden und mit Ihm Seite an Seite k\u00e4mpfen. Es gelten die Stats des Villeninhabers. Wie verst\u00e4rkt man eine Villa? Ihr klickt auf die Villa und w\u00e4hlt Verst\u00e4rken aus. Nach der Auswahl w\u00e4hlt ihr die Truppen mit denen ihr verst\u00e4rken wollt und dr\u00fcckt auf senden. Was bedeutet Stationieren? Stationieren bedeutet, dass deine Truppen die Villa au\u00dferhalb der Mauer verteidigen. Wenn ein Feind angreift wird erst die...Weiterlesen Weiterlesen","og_url":"https:\/\/revelati0n.com\/?page_id=299","og_site_name":"ZrX - Revelation","article_modified_time":"2025-04-23T01:01:21+00:00","og_image":[{"width":670,"height":1280,"url":"https:\/\/revelati0n.com\/wp-content\/uploads\/2025\/04\/verstaerken_01.png","type":"image\/png"}],"twitter_card":"summary_large_image","twitter_misc":{"Gesch\u00e4tzte Lesezeit":"2\u00a0Minuten"},"schema":{"@context":"https:\/\/schema.org","@graph":[{"@type":"WebPage","@id":"https:\/\/revelati0n.com\/?page_id=299","url":"https:\/\/revelati0n.com\/?page_id=299","name":"Unterschied Verst\u00e4rken und Stationieren - ZrX - Revelation","isPartOf":{"@id":"https:\/\/revelati0n.com\/#website"},"primaryImageOfPage":{"@id":"https:\/\/revelati0n.com\/?page_id=299#primaryimage"},"image":{"@id":"https:\/\/revelati0n.com\/?page_id=299#primaryimage"},"thumbnailUrl":"https:\/\/revelati0n.com\/wp-content\/uploads\/2025\/04\/verstaerken_01.png","datePublished":"2025-04-15T00:41:25+00:00","dateModified":"2025-04-23T01:01:21+00:00","breadcrumb":{"@id":"https:\/\/revelati0n.com\/?page_id=299#breadcrumb"},"inLanguage":"de","potentialAction":[{"@type":"ReadAction","target":["https:\/\/revelati0n.com\/?page_id=299"]}]},{"@type":"ImageObject","inLanguage":"de","@id":"https:\/\/revelati0n.com\/?page_id=299#primaryimage","url":"https:\/\/revelati0n.com\/wp-content\/uploads\/2025\/04\/verstaerken_01.png","contentUrl":"https:\/\/revelati0n.com\/wp-content\/uploads\/2025\/04\/verstaerken_01.png","width":670,"height":1280},{"@type":"BreadcrumbList","@id":"https:\/\/revelati0n.com\/?page_id=299#breadcrumb","itemListElement":[{"@type":"ListItem","position":1,"name":"Home","item":"https:\/\/revelati0n.com\/"},{"@type":"ListItem","position":2,"name":"Anleitungen","item":"https:\/\/revelati0n.com\/?page_id=88"},{"@type":"ListItem","position":3,"name":"Unterschied Verst\u00e4rken und Stationieren"}]},{"@type":"WebSite","@id":"https:\/\/revelati0n.com\/#website","url":"https:\/\/revelati0n.com\/","name":"ZrX - Revelation","description":"The Grand Mafia Guides - Tips - Tricks - Tutorials","publisher":{"@id":"https:\/\/revelati0n.com\/#organization"},"potentialAction":[{"@type":"SearchAction","target":{"@type":"EntryPoint","urlTemplate":"https:\/\/revelati0n.com\/?s={search_term_string}"},"query-input":{"@type":"PropertyValueSpecification","valueRequired":true,"valueName":"search_term_string"}}],"inLanguage":"de"},{"@type":"Organization","@id":"https:\/\/revelati0n.com\/#organization","name":"ZrX - Revelation","url":"https:\/\/revelati0n.com\/","logo":{"@type":"ImageObject","inLanguage":"de","@id":"https:\/\/revelati0n.com\/#\/schema\/logo\/image\/","url":"https:\/\/revelati0n.com\/wp-content\/uploads\/2022\/11\/logo.png","contentUrl":"https:\/\/revelati0n.com\/wp-content\/uploads\/2022\/11\/logo.png","width":183,"height":61,"caption":"ZrX - Revelation"},"image":{"@id":"https:\/\/revelati0n.com\/#\/schema\/logo\/image\/"}}]}},"_links":{"self":[{"href":"https:\/\/revelati0n.com\/index.php?rest_route=\/wp\/v2\/pages\/299","targetHints":{"allow":["GET"]}}],"collection":[{"href":"https:\/\/revelati0n.com\/index.php?rest_route=\/wp\/v2\/pages"}],"about":[{"href":"https:\/\/revelati0n.com\/index.php?rest_route=\/wp\/v2\/types\/page"}],"author":[{"embeddable":true,"href":"https:\/\/revelati0n.com\/index.php?rest_route=\/wp\/v2\/users\/1"}],"replies":[{"embeddable":true,"href":"https:\/\/revelati0n.com\/index.php?rest_route=%2Fwp%2Fv2%2Fcomments&post=299"}],"version-history":[{"count":4,"href":"https:\/\/revelati0n.com\/index.php?rest_route=\/wp\/v2\/pages\/299\/revisions"}],"predecessor-version":[{"id":478,"href":"https:\/\/revelati0n.com\/index.php?rest_route=\/wp\/v2\/pages\/299\/revisions\/478"}],"up":[{"embeddable":true,"href":"https:\/\/revelati0n.com\/index.php?rest_route=\/wp\/v2\/pages\/88"}],"wp:attachment":[{"href":"https:\/\/revelati0n.com\/index.php?rest_route=%2Fwp%2Fv2%2Fmedia&parent=299"}],"curies":[{"name":"wp","href":"https:\/\/api.w.org\/{rel}","templated":true}]}}