{"id":289,"date":"2025-04-15T02:14:54","date_gmt":"2025-04-15T00:14:54","guid":{"rendered":"https:\/\/revelati0n.com\/?page_id=289"},"modified":"2025-04-23T02:32:34","modified_gmt":"2025-04-23T00:32:34","slug":"stadtwechsel","status":"publish","type":"page","link":"https:\/\/revelati0n.com\/?page_id=289","title":{"rendered":"Stadtwechsel"},"content":{"rendered":"<p>Wissenswertes zum Stadtwechsel:<\/p>\n<div class=\"message__5126c cozyMessage__5126c groupStart__5126c wrapper_c19a55 cozy_c19a55 zalgo_c19a55\" tabindex=\"-1\" role=\"article\" data-list-item-id=\"chat-messages___chat-messages-1360683919799750673-1360697877029978202\" aria-setsize=\"-1\" aria-roledescription=\"Nachricht\" aria-labelledby=\"message-username-1360697877029978202 uid_1 message-content-1360697877029978202 uid_2 message-timestamp-1360697877029978202\">\n<div class=\"contents_c19a55\">\n<div id=\"message-content-1360697877029978202\" class=\"markup__75297 messageContent_c19a55\">Um die Stadt im Spiel zu wechseln ist es notwendig Migrationsporter im Inventar zu haben. Migrationsporter erhaltet ihr im Clanshop f\u00fcr 810 k Clanm\u00fcnzen.<\/div>\n<\/div>\n<\/div>\n<div class=\"message__5126c cozyMessage__5126c wrapper_c19a55 cozy_c19a55 zalgo_c19a55\" tabindex=\"-1\" role=\"article\" data-list-item-id=\"chat-messages___chat-messages-1360683919799750673-1360697980289548559\" aria-setsize=\"-1\" aria-roledescription=\"Nachricht\" aria-labelledby=\"message-username-1360697877029978202 uid_1 message-accessories-1360697980289548559 uid_2 message-timestamp-1360697980289548559\">\n<div id=\"message-accessories-1360697980289548559\" class=\"container_b7e1cb\">\n<div class=\"visualMediaItemContainer_f4758a\">\n<div class=\"oneByOneGrid_f4758a oneByOneGridSingle_f4758a\">\n<div class=\"mosaicItem__6c706 mosaicItemNoJustify__6c706 mosaicItemMediaMosaic__6c706 hideOverflow__6c706\">\n<div class=\"imageContent__0f481 embedWrapper_b7e1cb itemContentContainer_f4758a mosaicItemContent__6c706\">\n<div class=\"imageContainer__0f481\">\n<div class=\"imageWrapper_af017a imageZoom_af017a clickable_af017a lazyImgContainer_f4758a\">\n<div class=\"clickableWrapper_af017a\" tabindex=\"0\" role=\"button\" aria-label=\"Bild\" aria-describedby=\"uid_4\">\n<div class=\"loadingOverlay_af017a\"><img loading=\"lazy\" decoding=\"async\" class=\"alignnone size-full wp-image-448\" src=\"https:\/\/revelati0n.com\/wp-content\/uploads\/2025\/04\/stadtwechsel_01.png\" alt=\"\" width=\"1076\" height=\"1868\" srcset=\"https:\/\/revelati0n.com\/wp-content\/uploads\/2025\/04\/stadtwechsel_01.png 1076w, https:\/\/revelati0n.com\/wp-content\/uploads\/2025\/04\/stadtwechsel_01-173x300.png 173w, https:\/\/revelati0n.com\/wp-content\/uploads\/2025\/04\/stadtwechsel_01-590x1024.png 590w, https:\/\/revelati0n.com\/wp-content\/uploads\/2025\/04\/stadtwechsel_01-768x1333.png 768w, https:\/\/revelati0n.com\/wp-content\/uploads\/2025\/04\/stadtwechsel_01-885x1536.png 885w, https:\/\/revelati0n.com\/wp-content\/uploads\/2025\/04\/stadtwechsel_01-156x270.png 156w\" sizes=\"auto, (max-width: 1076px) 100vw, 1076px\" \/><\/div>\n<\/div>\n<\/div>\n<div class=\"hoverButtonGroup__06ab4\">\n<div class=\"hoverButton__06ab4\" tabindex=\"0\" role=\"button\" aria-label=\"Bild mit Apps bearbeiten\">\n<div class=\"lottieIcon__5eb9b lottieIconColors__5eb9b\"><\/div>\n<\/div>\n<\/div>\n<div class=\"sizer__06ab4\">Um herauszubekommen, wie viele Migrationsporter ihr f\u00fcr den Stadtwechsel ben\u00f6tigt geht ihm im Spiel auf die neue Stadt und tut so als wolltet ihr wechseln. Euch werden dann die ben\u00f6tigten Porter angezeigt.<\/div>\n<\/div>\n<\/div>\n<\/div>\n<\/div>\n<\/div>\n<\/div>\n<\/div>\n<div class=\"message__5126c cozyMessage__5126c wrapper_c19a55 cozy_c19a55 zalgo_c19a55\" tabindex=\"-1\" role=\"article\" data-list-item-id=\"chat-messages___chat-messages-1360683919799750673-1360698239271047378\" aria-setsize=\"-1\" aria-roledescription=\"Nachricht\" aria-labelledby=\"message-username-1360697877029978202 uid_1 message-accessories-1360698239271047378 uid_2 message-timestamp-1360698239271047378\">\n<div id=\"message-accessories-1360698239271047378\" class=\"container_b7e1cb\">\n<div class=\"visualMediaItemContainer_f4758a\">\n<div class=\"oneByOneGrid_f4758a oneByOneGridSingle_f4758a\">\n<div class=\"mosaicItem__6c706 mosaicItemNoJustify__6c706 mosaicItemMediaMosaic__6c706 hideOverflow__6c706\">\n<div class=\"imageContent__0f481 embedWrapper_b7e1cb itemContentContainer_f4758a mosaicItemContent__6c706\">\n<div class=\"imageContainer__0f481\">\n<div class=\"imageWrapper_af017a imageZoom_af017a clickable_af017a lazyImgContainer_f4758a\">\n<div class=\"clickableWrapper_af017a\" tabindex=\"0\" role=\"button\" aria-label=\"Bild\" aria-describedby=\"uid_4\">\n<div class=\"loadingOverlay_af017a\"><img loading=\"lazy\" decoding=\"async\" class=\"alignnone size-full wp-image-449\" src=\"https:\/\/revelati0n.com\/wp-content\/uploads\/2025\/04\/stadtwechsel_02.png\" alt=\"\" width=\"956\" height=\"1238\" srcset=\"https:\/\/revelati0n.com\/wp-content\/uploads\/2025\/04\/stadtwechsel_02.png 956w, https:\/\/revelati0n.com\/wp-content\/uploads\/2025\/04\/stadtwechsel_02-232x300.png 232w, https:\/\/revelati0n.com\/wp-content\/uploads\/2025\/04\/stadtwechsel_02-791x1024.png 791w, https:\/\/revelati0n.com\/wp-content\/uploads\/2025\/04\/stadtwechsel_02-768x995.png 768w, https:\/\/revelati0n.com\/wp-content\/uploads\/2025\/04\/stadtwechsel_02-208x270.png 208w\" sizes=\"auto, (max-width: 956px) 100vw, 956px\" \/><\/div>\n<\/div>\n<\/div>\n<div class=\"hoverButtonGroup__06ab4\">\n<div class=\"hoverButton__06ab4\" tabindex=\"0\" role=\"button\" aria-label=\"Bild mit Apps bearbeiten\">\n<div class=\"lottieIcon__5eb9b lottieIconColors__5eb9b\"><\/div>\n<\/div>\n<\/div>\n<div class=\"sizer__06ab4\"><\/div>\n<\/div>\n<\/div>\n<\/div>\n<\/div>\n<\/div>\n<\/div>\n<div class=\"buttonContainer_c19a55\">\n<div class=\"buttons__5126c container__040f0\" role=\"group\" aria-label=\"Nachrichtenaktionen\">\n<div class=\"buttonsInner__5126c popover_f84418 popoverReactionHoverBar_f84418 wrapper_f7ecac\">\n<div class=\"hoverBarButton_f84418 button_f7ecac\" tabindex=\"0\" role=\"button\" aria-label=\"Klicken, um mit rofl zu reagieren\">\n<div class=\"icon_f84418 buttonContent_f84418\">\n<div class=\"emoji emoji__040f0\" role=\"img\" data-type=\"emoji\" data-name=\"\ud83e\udd23\" aria-label=\"\">Die Menge die Ihr ben\u00f6tigt h\u00e4ngt von eurem individuellem Einfluss ab und dem Platzierung auf der Einflussrangliste der neuen Stadt.<\/div>\n<\/div>\n<\/div>\n<\/div>\n<\/div>\n<\/div>\n<\/div>\n<div class=\"message__5126c cozyMessage__5126c wrapper_c19a55 cozy_c19a55 zalgo_c19a55\" tabindex=\"-1\" role=\"article\" data-list-item-id=\"chat-messages___chat-messages-1360683919799750673-1360698326303117352\" aria-setsize=\"-1\" aria-roledescription=\"Nachricht\" aria-labelledby=\"message-username-1360697877029978202 uid_1 message-content-1360698326303117352 uid_2 message-timestamp-1360698326303117352\">\n<div class=\"contents_c19a55\">\n<div id=\"message-content-1360698326303117352\" class=\"markup__75297 messageContent_c19a55\">Es ist immer empfohlen eine gewisse Anzahl an Migrationsportern im Inventar zu haben sollte man schnell die Stadt wechseln (Einfall \u00fcberm\u00e4chtiger Clans, etc.)<\/div>\n<\/div>\n<\/div>\n<div class=\"message__5126c cozyMessage__5126c wrapper_c19a55 cozy_c19a55 zalgo_c19a55\" tabindex=\"-1\" role=\"article\" data-list-item-id=\"chat-messages___chat-messages-1360683919799750673-1360698390517780531\" aria-setsize=\"-1\" aria-roledescription=\"Nachricht\" aria-labelledby=\"message-username-1360697877029978202 uid_1 message-accessories-1360698390517780531 uid_2 message-timestamp-1360698390517780531\">\n<div class=\"contents_c19a55\"><\/div>\n<div id=\"message-accessories-1360698390517780531\" class=\"container_b7e1cb\">\n<div class=\"visualMediaItemContainer_f4758a\">\n<div class=\"oneByOneGrid_f4758a oneByOneGridSingle_f4758a\">\n<div class=\"mosaicItem__6c706 mosaicItemNoJustify__6c706 mosaicItemMediaMosaic__6c706 hideOverflow__6c706\">\n<div class=\"imageContent__0f481 embedWrapper_b7e1cb itemContentContainer_f4758a mosaicItemContent__6c706\">\n<div class=\"imageContainer__0f481\">\n<div class=\"imageWrapper_af017a imageZoom_af017a clickable_af017a lazyImgContainer_f4758a\">\n<div class=\"clickableWrapper_af017a\" tabindex=\"0\" role=\"button\" aria-label=\"Bild\" aria-describedby=\"uid_4\">\n<div class=\"loadingOverlay_af017a\"><img loading=\"lazy\" decoding=\"async\" class=\"alignnone size-full wp-image-450\" src=\"https:\/\/revelati0n.com\/wp-content\/uploads\/2025\/04\/stadtwechsel_03.png\" alt=\"\" width=\"688\" height=\"471\" srcset=\"https:\/\/revelati0n.com\/wp-content\/uploads\/2025\/04\/stadtwechsel_03.png 688w, https:\/\/revelati0n.com\/wp-content\/uploads\/2025\/04\/stadtwechsel_03-300x205.png 300w, https:\/\/revelati0n.com\/wp-content\/uploads\/2025\/04\/stadtwechsel_03-394x270.png 394w\" sizes=\"auto, (max-width: 688px) 100vw, 688px\" \/><\/div>\n<\/div>\n<\/div>\n<\/div>\n<\/div>\n<\/div>\n<\/div>\n<\/div>\n<\/div>\n<\/div>\n","protected":false},"excerpt":{"rendered":"<p>Wissenswertes zum Stadtwechsel: Um die Stadt im Spiel zu wechseln ist es notwendig Migrationsporter im Inventar zu haben. Migrationsporter erhaltet ihr im Clanshop f\u00fcr 810 k Clanm\u00fcnzen. Um herauszubekommen, wie viele Migrationsporter ihr f\u00fcr den Stadtwechsel ben\u00f6tigt geht ihm im Spiel auf die neue Stadt und tut so als wolltet ihr wechseln. Euch werden dann die ben\u00f6tigten Porter angezeigt. Die Menge die Ihr ben\u00f6tigt h\u00e4ngt von eurem individuellem Einfluss ab und dem Platzierung auf der Einflussrangliste der neuen Stadt. Es&#8230;<\/p>\n<p class=\"read-more\"><a class=\"btn btn-default\" href=\"https:\/\/revelati0n.com\/?page_id=289\">Weiterlesen<span class=\"screen-reader-text\"> Weiterlesen<\/span><\/a><\/p>\n","protected":false},"author":1,"featured_media":0,"parent":88,"menu_order":0,"comment_status":"closed","ping_status":"closed","template":"","meta":{"footnotes":""},"class_list":["post-289","page","type-page","status-publish","hentry"],"yoast_head":"<!-- This site is optimized with the Yoast SEO plugin v26.4 - https:\/\/yoast.com\/wordpress\/plugins\/seo\/ -->\n<title>Stadtwechsel - ZrX - Revelation<\/title>\n<meta name=\"robots\" content=\"index, follow, max-snippet:-1, max-image-preview:large, max-video-preview:-1\" \/>\n<link rel=\"canonical\" href=\"https:\/\/revelati0n.com\/?page_id=289\" \/>\n<meta property=\"og:locale\" content=\"de_DE\" \/>\n<meta property=\"og:type\" content=\"article\" \/>\n<meta property=\"og:title\" content=\"Stadtwechsel - ZrX - Revelation\" \/>\n<meta property=\"og:description\" content=\"Wissenswertes zum Stadtwechsel: Um die Stadt im Spiel zu wechseln ist es notwendig Migrationsporter im Inventar zu haben. Migrationsporter erhaltet ihr im Clanshop f\u00fcr 810 k Clanm\u00fcnzen. Um herauszubekommen, wie viele Migrationsporter ihr f\u00fcr den Stadtwechsel ben\u00f6tigt geht ihm im Spiel auf die neue Stadt und tut so als wolltet ihr wechseln. Euch werden dann die ben\u00f6tigten Porter angezeigt. Die Menge die Ihr ben\u00f6tigt h\u00e4ngt von eurem individuellem Einfluss ab und dem Platzierung auf der Einflussrangliste der neuen Stadt. Es...Weiterlesen Weiterlesen\" \/>\n<meta property=\"og:url\" content=\"https:\/\/revelati0n.com\/?page_id=289\" \/>\n<meta property=\"og:site_name\" content=\"ZrX - Revelation\" \/>\n<meta property=\"article:modified_time\" content=\"2025-04-23T00:32:34+00:00\" \/>\n<meta property=\"og:image\" content=\"https:\/\/revelati0n.com\/wp-content\/uploads\/2025\/04\/stadtwechsel_01.png\" \/>\n\t<meta property=\"og:image:width\" content=\"1076\" \/>\n\t<meta property=\"og:image:height\" content=\"1868\" \/>\n\t<meta property=\"og:image:type\" content=\"image\/png\" \/>\n<meta name=\"twitter:card\" content=\"summary_large_image\" \/>\n<meta name=\"twitter:label1\" content=\"Gesch\u00e4tzte Lesezeit\" \/>\n\t<meta name=\"twitter:data1\" content=\"2\u00a0Minuten\" \/>\n<script type=\"application\/ld+json\" class=\"yoast-schema-graph\">{\"@context\":\"https:\/\/schema.org\",\"@graph\":[{\"@type\":\"WebPage\",\"@id\":\"https:\/\/revelati0n.com\/?page_id=289\",\"url\":\"https:\/\/revelati0n.com\/?page_id=289\",\"name\":\"Stadtwechsel - ZrX - Revelation\",\"isPartOf\":{\"@id\":\"https:\/\/revelati0n.com\/#website\"},\"primaryImageOfPage\":{\"@id\":\"https:\/\/revelati0n.com\/?page_id=289#primaryimage\"},\"image\":{\"@id\":\"https:\/\/revelati0n.com\/?page_id=289#primaryimage\"},\"thumbnailUrl\":\"https:\/\/revelati0n.com\/wp-content\/uploads\/2025\/04\/stadtwechsel_01.png\",\"datePublished\":\"2025-04-15T00:14:54+00:00\",\"dateModified\":\"2025-04-23T00:32:34+00:00\",\"breadcrumb\":{\"@id\":\"https:\/\/revelati0n.com\/?page_id=289#breadcrumb\"},\"inLanguage\":\"de\",\"potentialAction\":[{\"@type\":\"ReadAction\",\"target\":[\"https:\/\/revelati0n.com\/?page_id=289\"]}]},{\"@type\":\"ImageObject\",\"inLanguage\":\"de\",\"@id\":\"https:\/\/revelati0n.com\/?page_id=289#primaryimage\",\"url\":\"https:\/\/revelati0n.com\/wp-content\/uploads\/2025\/04\/stadtwechsel_01.png\",\"contentUrl\":\"https:\/\/revelati0n.com\/wp-content\/uploads\/2025\/04\/stadtwechsel_01.png\",\"width\":1076,\"height\":1868},{\"@type\":\"BreadcrumbList\",\"@id\":\"https:\/\/revelati0n.com\/?page_id=289#breadcrumb\",\"itemListElement\":[{\"@type\":\"ListItem\",\"position\":1,\"name\":\"Home\",\"item\":\"https:\/\/revelati0n.com\/\"},{\"@type\":\"ListItem\",\"position\":2,\"name\":\"Anleitungen\",\"item\":\"https:\/\/revelati0n.com\/?page_id=88\"},{\"@type\":\"ListItem\",\"position\":3,\"name\":\"Stadtwechsel\"}]},{\"@type\":\"WebSite\",\"@id\":\"https:\/\/revelati0n.com\/#website\",\"url\":\"https:\/\/revelati0n.com\/\",\"name\":\"ZrX - Revelation\",\"description\":\"The Grand Mafia Guides - Tips - Tricks - Tutorials\",\"publisher\":{\"@id\":\"https:\/\/revelati0n.com\/#organization\"},\"potentialAction\":[{\"@type\":\"SearchAction\",\"target\":{\"@type\":\"EntryPoint\",\"urlTemplate\":\"https:\/\/revelati0n.com\/?s={search_term_string}\"},\"query-input\":{\"@type\":\"PropertyValueSpecification\",\"valueRequired\":true,\"valueName\":\"search_term_string\"}}],\"inLanguage\":\"de\"},{\"@type\":\"Organization\",\"@id\":\"https:\/\/revelati0n.com\/#organization\",\"name\":\"ZrX - Revelation\",\"url\":\"https:\/\/revelati0n.com\/\",\"logo\":{\"@type\":\"ImageObject\",\"inLanguage\":\"de\",\"@id\":\"https:\/\/revelati0n.com\/#\/schema\/logo\/image\/\",\"url\":\"https:\/\/revelati0n.com\/wp-content\/uploads\/2022\/11\/logo.png\",\"contentUrl\":\"https:\/\/revelati0n.com\/wp-content\/uploads\/2022\/11\/logo.png\",\"width\":183,\"height\":61,\"caption\":\"ZrX - Revelation\"},\"image\":{\"@id\":\"https:\/\/revelati0n.com\/#\/schema\/logo\/image\/\"}}]}<\/script>\n<!-- \/ Yoast SEO plugin. -->","yoast_head_json":{"title":"Stadtwechsel - ZrX - Revelation","robots":{"index":"index","follow":"follow","max-snippet":"max-snippet:-1","max-image-preview":"max-image-preview:large","max-video-preview":"max-video-preview:-1"},"canonical":"https:\/\/revelati0n.com\/?page_id=289","og_locale":"de_DE","og_type":"article","og_title":"Stadtwechsel - ZrX - Revelation","og_description":"Wissenswertes zum Stadtwechsel: Um die Stadt im Spiel zu wechseln ist es notwendig Migrationsporter im Inventar zu haben. Migrationsporter erhaltet ihr im Clanshop f\u00fcr 810 k Clanm\u00fcnzen. Um herauszubekommen, wie viele Migrationsporter ihr f\u00fcr den Stadtwechsel ben\u00f6tigt geht ihm im Spiel auf die neue Stadt und tut so als wolltet ihr wechseln. Euch werden dann die ben\u00f6tigten Porter angezeigt. Die Menge die Ihr ben\u00f6tigt h\u00e4ngt von eurem individuellem Einfluss ab und dem Platzierung auf der Einflussrangliste der neuen Stadt. Es...Weiterlesen Weiterlesen","og_url":"https:\/\/revelati0n.com\/?page_id=289","og_site_name":"ZrX - Revelation","article_modified_time":"2025-04-23T00:32:34+00:00","og_image":[{"width":1076,"height":1868,"url":"https:\/\/revelati0n.com\/wp-content\/uploads\/2025\/04\/stadtwechsel_01.png","type":"image\/png"}],"twitter_card":"summary_large_image","twitter_misc":{"Gesch\u00e4tzte Lesezeit":"2\u00a0Minuten"},"schema":{"@context":"https:\/\/schema.org","@graph":[{"@type":"WebPage","@id":"https:\/\/revelati0n.com\/?page_id=289","url":"https:\/\/revelati0n.com\/?page_id=289","name":"Stadtwechsel - ZrX - Revelation","isPartOf":{"@id":"https:\/\/revelati0n.com\/#website"},"primaryImageOfPage":{"@id":"https:\/\/revelati0n.com\/?page_id=289#primaryimage"},"image":{"@id":"https:\/\/revelati0n.com\/?page_id=289#primaryimage"},"thumbnailUrl":"https:\/\/revelati0n.com\/wp-content\/uploads\/2025\/04\/stadtwechsel_01.png","datePublished":"2025-04-15T00:14:54+00:00","dateModified":"2025-04-23T00:32:34+00:00","breadcrumb":{"@id":"https:\/\/revelati0n.com\/?page_id=289#breadcrumb"},"inLanguage":"de","potentialAction":[{"@type":"ReadAction","target":["https:\/\/revelati0n.com\/?page_id=289"]}]},{"@type":"ImageObject","inLanguage":"de","@id":"https:\/\/revelati0n.com\/?page_id=289#primaryimage","url":"https:\/\/revelati0n.com\/wp-content\/uploads\/2025\/04\/stadtwechsel_01.png","contentUrl":"https:\/\/revelati0n.com\/wp-content\/uploads\/2025\/04\/stadtwechsel_01.png","width":1076,"height":1868},{"@type":"BreadcrumbList","@id":"https:\/\/revelati0n.com\/?page_id=289#breadcrumb","itemListElement":[{"@type":"ListItem","position":1,"name":"Home","item":"https:\/\/revelati0n.com\/"},{"@type":"ListItem","position":2,"name":"Anleitungen","item":"https:\/\/revelati0n.com\/?page_id=88"},{"@type":"ListItem","position":3,"name":"Stadtwechsel"}]},{"@type":"WebSite","@id":"https:\/\/revelati0n.com\/#website","url":"https:\/\/revelati0n.com\/","name":"ZrX - Revelation","description":"The Grand Mafia Guides - Tips - Tricks - Tutorials","publisher":{"@id":"https:\/\/revelati0n.com\/#organization"},"potentialAction":[{"@type":"SearchAction","target":{"@type":"EntryPoint","urlTemplate":"https:\/\/revelati0n.com\/?s={search_term_string}"},"query-input":{"@type":"PropertyValueSpecification","valueRequired":true,"valueName":"search_term_string"}}],"inLanguage":"de"},{"@type":"Organization","@id":"https:\/\/revelati0n.com\/#organization","name":"ZrX - Revelation","url":"https:\/\/revelati0n.com\/","logo":{"@type":"ImageObject","inLanguage":"de","@id":"https:\/\/revelati0n.com\/#\/schema\/logo\/image\/","url":"https:\/\/revelati0n.com\/wp-content\/uploads\/2022\/11\/logo.png","contentUrl":"https:\/\/revelati0n.com\/wp-content\/uploads\/2022\/11\/logo.png","width":183,"height":61,"caption":"ZrX - Revelation"},"image":{"@id":"https:\/\/revelati0n.com\/#\/schema\/logo\/image\/"}}]}},"_links":{"self":[{"href":"https:\/\/revelati0n.com\/index.php?rest_route=\/wp\/v2\/pages\/289","targetHints":{"allow":["GET"]}}],"collection":[{"href":"https:\/\/revelati0n.com\/index.php?rest_route=\/wp\/v2\/pages"}],"about":[{"href":"https:\/\/revelati0n.com\/index.php?rest_route=\/wp\/v2\/types\/page"}],"author":[{"embeddable":true,"href":"https:\/\/revelati0n.com\/index.php?rest_route=\/wp\/v2\/users\/1"}],"replies":[{"embeddable":true,"href":"https:\/\/revelati0n.com\/index.php?rest_route=%2Fwp%2Fv2%2Fcomments&post=289"}],"version-history":[{"count":2,"href":"https:\/\/revelati0n.com\/index.php?rest_route=\/wp\/v2\/pages\/289\/revisions"}],"predecessor-version":[{"id":451,"href":"https:\/\/revelati0n.com\/index.php?rest_route=\/wp\/v2\/pages\/289\/revisions\/451"}],"up":[{"embeddable":true,"href":"https:\/\/revelati0n.com\/index.php?rest_route=\/wp\/v2\/pages\/88"}],"wp:attachment":[{"href":"https:\/\/revelati0n.com\/index.php?rest_route=%2Fwp%2Fv2%2Fmedia&parent=289"}],"curies":[{"name":"wp","href":"https:\/\/api.w.org\/{rel}","templated":true}]}}