{"id":283,"date":"2025-04-15T02:09:16","date_gmt":"2025-04-15T00:09:16","guid":{"rendered":"https:\/\/revelati0n.com\/?page_id=283"},"modified":"2025-04-23T02:18:47","modified_gmt":"2025-04-23T00:18:47","slug":"ausruestungssets","status":"publish","type":"page","link":"https:\/\/revelati0n.com\/?page_id=283","title":{"rendered":"Ausr\u00fcstungssets"},"content":{"rendered":"<p>Ausr\u00fcstung f\u00fcr den Anfang<\/p>\n<div class=\"message__5126c cozyMessage__5126c groupStart__5126c wrapper_c19a55 cozy_c19a55 zalgo_c19a55\" tabindex=\"-1\" role=\"article\" data-list-item-id=\"chat-messages___chat-messages-1360683919799750671-1360695408548122838\" aria-setsize=\"-1\" aria-roledescription=\"Nachricht\" aria-labelledby=\"message-username-1360695408548122838 uid_1 message-content-1360695408548122838 uid_2 message-timestamp-1360695408548122838\">\n<div class=\"contents_c19a55\">\n<div id=\"message-content-1360695408548122838\" class=\"markup__75297 messageContent_c19a55\">Als erstes ist es empfehlenswert die Architekten und Investoren Ausr\u00fcstung zu fertigen und zu verbessern. Diese beiden Ausr\u00fcstungen helfen euch bei der schnelleren Entwicklung eurer Villa und dem Fortschritt bei den Investitionen.<\/div>\n<\/div>\n<\/div>\n<div class=\"message__5126c cozyMessage__5126c wrapper_c19a55 cozy_c19a55 zalgo_c19a55\" tabindex=\"-1\" role=\"article\" data-list-item-id=\"chat-messages___chat-messages-1360683919799750671-1360695467830149381\" aria-setsize=\"-1\" aria-roledescription=\"Nachricht\" aria-labelledby=\"message-username-1360695408548122838 uid_1 message-accessories-1360695467830149381 uid_2 message-timestamp-1360695467830149381\">\n<div id=\"message-accessories-1360695467830149381\" class=\"container_b7e1cb\">\n<div class=\"visualMediaItemContainer_f4758a\">\n<div class=\"oneByOneGrid_f4758a oneByOneGridSingle_f4758a\">\n<div class=\"mosaicItem__6c706 mosaicItemNoJustify__6c706 mosaicItemMediaMosaic__6c706 hideOverflow__6c706\">\n<div class=\"imageContent__0f481 embedWrapper_b7e1cb itemContentContainer_f4758a mosaicItemContent__6c706\">\n<div class=\"imageContainer__0f481\">\n<div class=\"imageWrapper_af017a imageZoom_af017a clickable_af017a lazyImgContainer_f4758a\">\n<div class=\"clickableWrapper_af017a\" tabindex=\"0\" role=\"button\" aria-label=\"Bild\" aria-describedby=\"uid_4\">\n<div class=\"loadingOverlay_af017a\"><img loading=\"lazy\" decoding=\"async\" class=\"alignnone size-full wp-image-428\" src=\"https:\/\/revelati0n.com\/wp-content\/uploads\/2025\/04\/ausruestungsset_01.png\" alt=\"\" width=\"1080\" height=\"819\" srcset=\"https:\/\/revelati0n.com\/wp-content\/uploads\/2025\/04\/ausruestungsset_01.png 1080w, https:\/\/revelati0n.com\/wp-content\/uploads\/2025\/04\/ausruestungsset_01-300x228.png 300w, https:\/\/revelati0n.com\/wp-content\/uploads\/2025\/04\/ausruestungsset_01-1024x777.png 1024w, https:\/\/revelati0n.com\/wp-content\/uploads\/2025\/04\/ausruestungsset_01-768x582.png 768w, https:\/\/revelati0n.com\/wp-content\/uploads\/2025\/04\/ausruestungsset_01-356x270.png 356w\" sizes=\"auto, (max-width: 1080px) 100vw, 1080px\" \/><\/div>\n<\/div>\n<\/div>\n<div class=\"hoverButtonGroup__06ab4\">\n<div class=\"hoverButton__06ab4\" tabindex=\"0\" role=\"button\" aria-label=\"Bild mit Apps bearbeiten\">\n<div class=\"lottieIcon__5eb9b lottieIconColors__5eb9b\">Ihr k\u00f6nnt ab Villenlevel 22 Juwelen in die Ausr\u00fcstung einf\u00fcgen. Juwelen mit Boni auf die Mauer und die Verteidigung sind hier am besten aufgehoben.<\/div>\n<\/div>\n<\/div>\n<\/div>\n<\/div>\n<\/div>\n<\/div>\n<\/div>\n<\/div>\n<\/div>\n<div class=\"message__5126c cozyMessage__5126c wrapper_c19a55 cozy_c19a55 zalgo_c19a55\" tabindex=\"-1\" role=\"article\" data-list-item-id=\"chat-messages___chat-messages-1360683919799750671-1360695530111369497\" aria-setsize=\"-1\" aria-roledescription=\"Nachricht\" aria-labelledby=\"message-username-1360695408548122838 uid_1 message-accessories-1360695530111369497 uid_2 message-timestamp-1360695530111369497\">\n<div id=\"message-accessories-1360695530111369497\" class=\"container_b7e1cb\">\n<div class=\"visualMediaItemContainer_f4758a\">\n<div class=\"oneByOneGrid_f4758a oneByOneGridSingle_f4758a\">\n<div class=\"mosaicItem__6c706 mosaicItemNoJustify__6c706 mosaicItemMediaMosaic__6c706 hideOverflow__6c706\">\n<div class=\"imageContent__0f481 embedWrapper_b7e1cb itemContentContainer_f4758a mosaicItemContent__6c706\">\n<div class=\"imageContainer__0f481\">\n<div class=\"imageWrapper_af017a imageZoom_af017a clickable_af017a lazyImgContainer_f4758a\">\n<div class=\"clickableWrapper_af017a\" tabindex=\"0\" role=\"button\" aria-label=\"Bild\" aria-describedby=\"uid_4\">\n<div class=\"loadingOverlay_af017a\"><img loading=\"lazy\" decoding=\"async\" class=\"alignnone size-full wp-image-429\" src=\"https:\/\/revelati0n.com\/wp-content\/uploads\/2025\/04\/ausruestungsset_02.png\" alt=\"\" width=\"356\" height=\"603\" srcset=\"https:\/\/revelati0n.com\/wp-content\/uploads\/2025\/04\/ausruestungsset_02.png 356w, https:\/\/revelati0n.com\/wp-content\/uploads\/2025\/04\/ausruestungsset_02-177x300.png 177w, https:\/\/revelati0n.com\/wp-content\/uploads\/2025\/04\/ausruestungsset_02-159x270.png 159w\" sizes=\"auto, (max-width: 356px) 100vw, 356px\" \/><\/div>\n<\/div>\n<\/div>\n<div class=\"hoverButtonGroup__06ab4\">\n<div class=\"hoverButton__06ab4\" tabindex=\"0\" role=\"button\" aria-label=\"Bild mit Apps bearbeiten\">\n<div class=\"lottieIcon__5eb9b lottieIconColors__5eb9b\"><\/div>\n<\/div>\n<\/div>\n<div class=\"sizer__06ab4\">\n<div id=\"message-content-1360695572562186300\" class=\"markup__75297 messageContent_c19a55\">\n<p>F\u00fcr die Kasinos, K\u00e4mpfe, Raids und die Hinweissuche ist es empfehlenswert eine Kampfausr\u00fcstung zu besitzen. Kampfausr\u00fcstungen sind in 4 verschiedene Kategorien unterteilt.<\/p>\n<ul>\n<li>Juniorboss Ausr\u00fcstung (erforderlich: UB Level 40)<\/li>\n<li>Sieger Ausr\u00fcstung (erforderlich: UB Level 50)<\/li>\n<li>K\u00f6nigliche Ausr\u00fcstung (erforderlich: UB Level 60)<\/li>\n<li>Paten Ausr\u00fcstung (erforderlich: UB Level 60 und Patenvertr\u00e4ge)<\/li>\n<\/ul>\n<p><img loading=\"lazy\" decoding=\"async\" class=\"alignnone size-full wp-image-430\" src=\"https:\/\/revelati0n.com\/wp-content\/uploads\/2025\/04\/ausruestungsset_03.png\" alt=\"\" width=\"1079\" height=\"809\" srcset=\"https:\/\/revelati0n.com\/wp-content\/uploads\/2025\/04\/ausruestungsset_03.png 1079w, https:\/\/revelati0n.com\/wp-content\/uploads\/2025\/04\/ausruestungsset_03-300x225.png 300w, https:\/\/revelati0n.com\/wp-content\/uploads\/2025\/04\/ausruestungsset_03-1024x768.png 1024w, https:\/\/revelati0n.com\/wp-content\/uploads\/2025\/04\/ausruestungsset_03-768x576.png 768w, https:\/\/revelati0n.com\/wp-content\/uploads\/2025\/04\/ausruestungsset_03-360x270.png 360w\" sizes=\"auto, (max-width: 1079px) 100vw, 1079px\" \/><\/p>\n<div id=\"message-accessories-1360695666015469568\" class=\"container_b7e1cb\">\n<div class=\"visualMediaItemContainer_f4758a\">\n<div class=\"oneByOneGrid_f4758a oneByOneGridSingle_f4758a\">\n<div class=\"mosaicItem__6c706 mosaicItemNoJustify__6c706 mosaicItemMediaMosaic__6c706 hideOverflow__6c706\">\n<div class=\"imageContent__0f481 embedWrapper_b7e1cb itemContentContainer_f4758a mosaicItemContent__6c706\">\n<div class=\"imageContainer__0f481\">\n<div class=\"imageWrapper_af017a imageZoom_af017a clickable_af017a lazyImgContainer_f4758a\">\n<div class=\"clickableWrapper_af017a\" tabindex=\"0\" role=\"button\" aria-label=\"Bild\" aria-describedby=\"uid_4\">\n<div class=\"loadingOverlay_af017a\"><img loading=\"lazy\" decoding=\"async\" class=\"alignnone size-full wp-image-431\" src=\"https:\/\/revelati0n.com\/wp-content\/uploads\/2025\/04\/ausruestungsset_04.png\" alt=\"\" width=\"1080\" height=\"813\" srcset=\"https:\/\/revelati0n.com\/wp-content\/uploads\/2025\/04\/ausruestungsset_04.png 1080w, https:\/\/revelati0n.com\/wp-content\/uploads\/2025\/04\/ausruestungsset_04-300x226.png 300w, https:\/\/revelati0n.com\/wp-content\/uploads\/2025\/04\/ausruestungsset_04-1024x771.png 1024w, https:\/\/revelati0n.com\/wp-content\/uploads\/2025\/04\/ausruestungsset_04-768x578.png 768w, https:\/\/revelati0n.com\/wp-content\/uploads\/2025\/04\/ausruestungsset_04-359x270.png 359w\" sizes=\"auto, (max-width: 1080px) 100vw, 1080px\" \/><\/div>\n<\/div>\n<\/div>\n<div class=\"hoverButtonGroup__06ab4\"><\/div>\n<\/div>\n<\/div>\n<\/div>\n<\/div>\n<\/div>\n<\/div>\n<div class=\"buttonContainer_c19a55\">\n<div class=\"buttons__5126c container__040f0\" role=\"group\" aria-label=\"Nachrichtenaktionen\">\n<div class=\"buttonsInner__5126c popover_f84418 popoverReactionHoverBar_f84418 wrapper_f7ecac\">\n<div class=\"separator_f84418\"><img loading=\"lazy\" decoding=\"async\" class=\"alignnone size-full wp-image-432\" src=\"https:\/\/revelati0n.com\/wp-content\/uploads\/2025\/04\/ausruestungsset_05.png\" alt=\"\" width=\"1080\" height=\"823\" srcset=\"https:\/\/revelati0n.com\/wp-content\/uploads\/2025\/04\/ausruestungsset_05.png 1080w, https:\/\/revelati0n.com\/wp-content\/uploads\/2025\/04\/ausruestungsset_05-300x229.png 300w, https:\/\/revelati0n.com\/wp-content\/uploads\/2025\/04\/ausruestungsset_05-1024x780.png 1024w, https:\/\/revelati0n.com\/wp-content\/uploads\/2025\/04\/ausruestungsset_05-768x585.png 768w, https:\/\/revelati0n.com\/wp-content\/uploads\/2025\/04\/ausruestungsset_05-354x270.png 354w\" sizes=\"auto, (max-width: 1080px) 100vw, 1080px\" \/><\/div>\n<\/div>\n<\/div>\n<\/div>\n<div id=\"message-accessories-1360695756431818882\" class=\"container_b7e1cb\">\n<div class=\"visualMediaItemContainer_f4758a\">\n<div class=\"oneByOneGrid_f4758a oneByOneGridSingle_f4758a\">\n<div class=\"mosaicItem__6c706 mosaicItemNoJustify__6c706 mosaicItemMediaMosaic__6c706 hideOverflow__6c706\">\n<div class=\"imageContent__0f481 embedWrapper_b7e1cb itemContentContainer_f4758a mosaicItemContent__6c706\">\n<div class=\"imageContainer__0f481\">\n<div class=\"imageWrapper_af017a imageZoom_af017a clickable_af017a lazyImgContainer_f4758a\">\n<div class=\"clickableWrapper_af017a\" tabindex=\"0\" role=\"button\" aria-label=\"Bild\" aria-describedby=\"uid_4\">\n<div class=\"loadingOverlay_af017a\"><img loading=\"lazy\" decoding=\"async\" class=\"alignnone size-full wp-image-433\" src=\"https:\/\/revelati0n.com\/wp-content\/uploads\/2025\/04\/ausruestungsset_06.png\" alt=\"\" width=\"1080\" height=\"828\" srcset=\"https:\/\/revelati0n.com\/wp-content\/uploads\/2025\/04\/ausruestungsset_06.png 1080w, https:\/\/revelati0n.com\/wp-content\/uploads\/2025\/04\/ausruestungsset_06-300x230.png 300w, https:\/\/revelati0n.com\/wp-content\/uploads\/2025\/04\/ausruestungsset_06-1024x785.png 1024w, https:\/\/revelati0n.com\/wp-content\/uploads\/2025\/04\/ausruestungsset_06-768x589.png 768w, https:\/\/revelati0n.com\/wp-content\/uploads\/2025\/04\/ausruestungsset_06-352x270.png 352w\" sizes=\"auto, (max-width: 1080px) 100vw, 1080px\" \/><\/div>\n<\/div>\n<\/div>\n<div class=\"hoverButtonGroup__06ab4\">\n<div class=\"hoverButton__06ab4\" tabindex=\"0\" role=\"button\" aria-label=\"Bild mit Apps bearbeiten\">\n<div class=\"lottieIcon__5eb9b lottieIconColors__5eb9b\"><\/div>\n<\/div>\n<\/div>\n<div class=\"sizer__06ab4\">Ab dem Zeitpunkt ab dem ihr die Sieger Ausr\u00fcstung herstellt solltet ihr euch \u00fcberlegen, welche Truppenkombination ihr im weiteren verlauf des Spiels verwendet wollt. (Hierzu gibt es einen separaten Punkt im Bereich Verteidigung und Kampf)<\/div>\n<\/div>\n<\/div>\n<\/div>\n<\/div>\n<\/div>\n<\/div>\n<div class=\"buttonContainer_c19a55\">\n<div class=\"buttons__5126c container__040f0\" role=\"group\" aria-label=\"Nachrichtenaktionen\">\n<div class=\"buttonsInner__5126c popover_f84418 popoverReactionHoverBar_f84418 wrapper_f7ecac\">\n<div class=\"hoverBarButton_f84418 button_f7ecac\" tabindex=\"0\" role=\"button\" aria-label=\"Klicken, um mit rofl zu reagieren\">\n<div class=\"icon_f84418 buttonContent_f84418\">\n<div role=\"img\" data-type=\"emoji\" data-name=\"\ud83e\udd23\" aria-label=\"\"><\/div>\n<div class=\"emoji emoji__040f0\" role=\"img\" data-type=\"emoji\" data-name=\"\ud83e\udd23\" aria-label=\"\">Beachtet bitte immer, dass ihr eure Ausr\u00fcstung wechselt. Wollt ihr Bauen zieht die Architekten Ausr\u00fcstung an um die Boni zu erhalten. Sobald der Bau gestartet ist k\u00f6nnt ihr die Ausr\u00fcstung wechseln, der Bonus f\u00fcr die Baugeschwindigkeit beleibt erhalten.<\/div>\n<\/div>\n<\/div>\n<\/div>\n<\/div>\n<\/div>\n<div class=\"buttonContainer_c19a55\">\n<div class=\"buttons__5126c container__040f0\" role=\"group\" aria-label=\"Nachrichtenaktionen\">\n<div class=\"buttonsInner__5126c popover_f84418 popoverReactionHoverBar_f84418 wrapper_f7ecac\">\n<div class=\"hoverBarButton_f84418 button_f7ecac\" tabindex=\"0\" role=\"button\" aria-label=\"Klicken, um mit rofl zu reagieren\">\n<div class=\"icon_f84418 buttonContent_f84418\">\n<div class=\"emoji emoji__040f0\" role=\"img\" data-type=\"emoji\" data-name=\"\ud83e\udd23\" aria-label=\"\"><\/div>\n<\/div>\n<\/div>\n<div class=\"hoverBarButton_f84418 button_f7ecac\" tabindex=\"0\" role=\"button\" aria-label=\"Klicken, um mit nerd zu reagieren\">\n<div class=\"icon_f84418 buttonContent_f84418\">\n<div class=\"emoji emoji__040f0\" role=\"img\" data-type=\"emoji\" data-name=\"\ud83e\udd13\" aria-label=\"\">Hier mal ein kleiner Vergleich von K\u00f6niglichem zu Patenset.<\/div>\n<\/div>\n<\/div>\n<\/div>\n<\/div>\n<\/div>\n<div id=\"message-accessories-1360696165955276913\" class=\"container_b7e1cb\">\n<div class=\"visualMediaItemContainer_f4758a\">\n<div class=\"oneByOneGrid_f4758a oneByOneGridSingle_f4758a\">\n<div class=\"mosaicItem__6c706 mosaicItemNoJustify__6c706 mosaicItemMediaMosaic__6c706 hideOverflow__6c706\">\n<div class=\"imageContent__0f481 embedWrapper_b7e1cb itemContentContainer_f4758a mosaicItemContent__6c706\">\n<div class=\"imageContainer__0f481\">\n<div class=\"imageWrapper_af017a imageZoom_af017a clickable_af017a lazyImgContainer_f4758a\">\n<div class=\"clickableWrapper_af017a\" tabindex=\"0\" role=\"button\" aria-label=\"Bild\" aria-describedby=\"uid_4\">\n<div class=\"loadingOverlay_af017a\"><img loading=\"lazy\" decoding=\"async\" class=\"alignnone size-full wp-image-434\" src=\"https:\/\/revelati0n.com\/wp-content\/uploads\/2025\/04\/ausruestungsset_07.png\" alt=\"\" width=\"1652\" height=\"347\" srcset=\"https:\/\/revelati0n.com\/wp-content\/uploads\/2025\/04\/ausruestungsset_07.png 1652w, https:\/\/revelati0n.com\/wp-content\/uploads\/2025\/04\/ausruestungsset_07-300x63.png 300w, https:\/\/revelati0n.com\/wp-content\/uploads\/2025\/04\/ausruestungsset_07-1024x215.png 1024w, https:\/\/revelati0n.com\/wp-content\/uploads\/2025\/04\/ausruestungsset_07-768x161.png 768w, https:\/\/revelati0n.com\/wp-content\/uploads\/2025\/04\/ausruestungsset_07-1536x323.png 1536w, https:\/\/revelati0n.com\/wp-content\/uploads\/2025\/04\/ausruestungsset_07-604x127.png 604w\" sizes=\"auto, (max-width: 1652px) 100vw, 1652px\" \/><\/div>\n<div class=\"loadingOverlay_af017a\">Das K\u00f6nigliche-Set kann man beim Mystichen Bootleg tauschen von Grand K\u00f6niglich auf Pate Elite. Was einem dabei Bewusst sein muss ist das man zum einen Angriffskraft der Truppen (Biker oder Berserker) verliert und zum anderen das man die Patenausr\u00fcstung noch schwerer Aufleverln kann als die K\u00f6nigliche, da man entweder reales Geld einsetzen muss oder wieder eine K\u00f6nigliche auf Grand bringen muss um diese dann wieder zu tauschen und sie zerlegen muss um damit die Patenausr\u00fcstung welche man sich rausgesucht hat aufzuleveln.<\/div>\n<\/div>\n<\/div>\n<\/div>\n<\/div>\n<\/div>\n<\/div>\n<\/div>\n<\/div>\n<\/div>\n<\/div>\n<\/div>\n<\/div>\n<\/div>\n<\/div>\n<\/div>\n<\/div>\n<\/div>\n","protected":false},"excerpt":{"rendered":"<p>Ausr\u00fcstung f\u00fcr den Anfang Als erstes ist es empfehlenswert die Architekten und Investoren Ausr\u00fcstung zu fertigen und zu verbessern. Diese beiden Ausr\u00fcstungen helfen euch bei der schnelleren Entwicklung eurer Villa und dem Fortschritt bei den Investitionen. Ihr k\u00f6nnt ab Villenlevel 22 Juwelen in die Ausr\u00fcstung einf\u00fcgen. Juwelen mit Boni auf die Mauer und die Verteidigung sind hier am besten aufgehoben. F\u00fcr die Kasinos, K\u00e4mpfe, Raids und die Hinweissuche ist es empfehlenswert eine Kampfausr\u00fcstung zu besitzen. Kampfausr\u00fcstungen sind in 4 verschiedene&#8230;<\/p>\n<p class=\"read-more\"><a class=\"btn btn-default\" href=\"https:\/\/revelati0n.com\/?page_id=283\">Weiterlesen<span class=\"screen-reader-text\"> Weiterlesen<\/span><\/a><\/p>\n","protected":false},"author":1,"featured_media":0,"parent":88,"menu_order":0,"comment_status":"closed","ping_status":"closed","template":"","meta":{"footnotes":""},"class_list":["post-283","page","type-page","status-publish","hentry"],"yoast_head":"<!-- This site is optimized with the Yoast SEO plugin v26.4 - https:\/\/yoast.com\/wordpress\/plugins\/seo\/ -->\n<title>Ausr\u00fcstungssets - ZrX - Revelation<\/title>\n<meta name=\"robots\" content=\"index, follow, max-snippet:-1, max-image-preview:large, max-video-preview:-1\" \/>\n<link rel=\"canonical\" href=\"https:\/\/revelati0n.com\/?page_id=283\" \/>\n<meta property=\"og:locale\" content=\"de_DE\" \/>\n<meta property=\"og:type\" content=\"article\" \/>\n<meta property=\"og:title\" content=\"Ausr\u00fcstungssets - ZrX - Revelation\" \/>\n<meta property=\"og:description\" content=\"Ausr\u00fcstung f\u00fcr den Anfang Als erstes ist es empfehlenswert die Architekten und Investoren Ausr\u00fcstung zu fertigen und zu verbessern. Diese beiden Ausr\u00fcstungen helfen euch bei der schnelleren Entwicklung eurer Villa und dem Fortschritt bei den Investitionen. Ihr k\u00f6nnt ab Villenlevel 22 Juwelen in die Ausr\u00fcstung einf\u00fcgen. Juwelen mit Boni auf die Mauer und die Verteidigung sind hier am besten aufgehoben. F\u00fcr die Kasinos, K\u00e4mpfe, Raids und die Hinweissuche ist es empfehlenswert eine Kampfausr\u00fcstung zu besitzen. Kampfausr\u00fcstungen sind in 4 verschiedene...Weiterlesen Weiterlesen\" \/>\n<meta property=\"og:url\" content=\"https:\/\/revelati0n.com\/?page_id=283\" \/>\n<meta property=\"og:site_name\" content=\"ZrX - Revelation\" \/>\n<meta property=\"article:modified_time\" content=\"2025-04-23T00:18:47+00:00\" \/>\n<meta property=\"og:image\" content=\"https:\/\/revelati0n.com\/wp-content\/uploads\/2025\/04\/ausruestungsset_01.png\" \/>\n\t<meta property=\"og:image:width\" content=\"1080\" \/>\n\t<meta property=\"og:image:height\" content=\"819\" \/>\n\t<meta property=\"og:image:type\" content=\"image\/png\" \/>\n<meta name=\"twitter:card\" content=\"summary_large_image\" \/>\n<meta name=\"twitter:label1\" content=\"Gesch\u00e4tzte Lesezeit\" \/>\n\t<meta name=\"twitter:data1\" content=\"3\u00a0Minuten\" \/>\n<script type=\"application\/ld+json\" class=\"yoast-schema-graph\">{\"@context\":\"https:\/\/schema.org\",\"@graph\":[{\"@type\":\"WebPage\",\"@id\":\"https:\/\/revelati0n.com\/?page_id=283\",\"url\":\"https:\/\/revelati0n.com\/?page_id=283\",\"name\":\"Ausr\u00fcstungssets - ZrX - Revelation\",\"isPartOf\":{\"@id\":\"https:\/\/revelati0n.com\/#website\"},\"primaryImageOfPage\":{\"@id\":\"https:\/\/revelati0n.com\/?page_id=283#primaryimage\"},\"image\":{\"@id\":\"https:\/\/revelati0n.com\/?page_id=283#primaryimage\"},\"thumbnailUrl\":\"https:\/\/revelati0n.com\/wp-content\/uploads\/2025\/04\/ausruestungsset_01.png\",\"datePublished\":\"2025-04-15T00:09:16+00:00\",\"dateModified\":\"2025-04-23T00:18:47+00:00\",\"breadcrumb\":{\"@id\":\"https:\/\/revelati0n.com\/?page_id=283#breadcrumb\"},\"inLanguage\":\"de\",\"potentialAction\":[{\"@type\":\"ReadAction\",\"target\":[\"https:\/\/revelati0n.com\/?page_id=283\"]}]},{\"@type\":\"ImageObject\",\"inLanguage\":\"de\",\"@id\":\"https:\/\/revelati0n.com\/?page_id=283#primaryimage\",\"url\":\"https:\/\/revelati0n.com\/wp-content\/uploads\/2025\/04\/ausruestungsset_01.png\",\"contentUrl\":\"https:\/\/revelati0n.com\/wp-content\/uploads\/2025\/04\/ausruestungsset_01.png\",\"width\":1080,\"height\":819},{\"@type\":\"BreadcrumbList\",\"@id\":\"https:\/\/revelati0n.com\/?page_id=283#breadcrumb\",\"itemListElement\":[{\"@type\":\"ListItem\",\"position\":1,\"name\":\"Home\",\"item\":\"https:\/\/revelati0n.com\/\"},{\"@type\":\"ListItem\",\"position\":2,\"name\":\"Anleitungen\",\"item\":\"https:\/\/revelati0n.com\/?page_id=88\"},{\"@type\":\"ListItem\",\"position\":3,\"name\":\"Ausr\u00fcstungssets\"}]},{\"@type\":\"WebSite\",\"@id\":\"https:\/\/revelati0n.com\/#website\",\"url\":\"https:\/\/revelati0n.com\/\",\"name\":\"ZrX - Revelation\",\"description\":\"The Grand Mafia Guides - Tips - Tricks - Tutorials\",\"publisher\":{\"@id\":\"https:\/\/revelati0n.com\/#organization\"},\"potentialAction\":[{\"@type\":\"SearchAction\",\"target\":{\"@type\":\"EntryPoint\",\"urlTemplate\":\"https:\/\/revelati0n.com\/?s={search_term_string}\"},\"query-input\":{\"@type\":\"PropertyValueSpecification\",\"valueRequired\":true,\"valueName\":\"search_term_string\"}}],\"inLanguage\":\"de\"},{\"@type\":\"Organization\",\"@id\":\"https:\/\/revelati0n.com\/#organization\",\"name\":\"ZrX - Revelation\",\"url\":\"https:\/\/revelati0n.com\/\",\"logo\":{\"@type\":\"ImageObject\",\"inLanguage\":\"de\",\"@id\":\"https:\/\/revelati0n.com\/#\/schema\/logo\/image\/\",\"url\":\"https:\/\/revelati0n.com\/wp-content\/uploads\/2022\/11\/logo.png\",\"contentUrl\":\"https:\/\/revelati0n.com\/wp-content\/uploads\/2022\/11\/logo.png\",\"width\":183,\"height\":61,\"caption\":\"ZrX - Revelation\"},\"image\":{\"@id\":\"https:\/\/revelati0n.com\/#\/schema\/logo\/image\/\"}}]}<\/script>\n<!-- \/ Yoast SEO plugin. -->","yoast_head_json":{"title":"Ausr\u00fcstungssets - ZrX - Revelation","robots":{"index":"index","follow":"follow","max-snippet":"max-snippet:-1","max-image-preview":"max-image-preview:large","max-video-preview":"max-video-preview:-1"},"canonical":"https:\/\/revelati0n.com\/?page_id=283","og_locale":"de_DE","og_type":"article","og_title":"Ausr\u00fcstungssets - ZrX - Revelation","og_description":"Ausr\u00fcstung f\u00fcr den Anfang Als erstes ist es empfehlenswert die Architekten und Investoren Ausr\u00fcstung zu fertigen und zu verbessern. Diese beiden Ausr\u00fcstungen helfen euch bei der schnelleren Entwicklung eurer Villa und dem Fortschritt bei den Investitionen. Ihr k\u00f6nnt ab Villenlevel 22 Juwelen in die Ausr\u00fcstung einf\u00fcgen. Juwelen mit Boni auf die Mauer und die Verteidigung sind hier am besten aufgehoben. F\u00fcr die Kasinos, K\u00e4mpfe, Raids und die Hinweissuche ist es empfehlenswert eine Kampfausr\u00fcstung zu besitzen. Kampfausr\u00fcstungen sind in 4 verschiedene...Weiterlesen Weiterlesen","og_url":"https:\/\/revelati0n.com\/?page_id=283","og_site_name":"ZrX - Revelation","article_modified_time":"2025-04-23T00:18:47+00:00","og_image":[{"width":1080,"height":819,"url":"https:\/\/revelati0n.com\/wp-content\/uploads\/2025\/04\/ausruestungsset_01.png","type":"image\/png"}],"twitter_card":"summary_large_image","twitter_misc":{"Gesch\u00e4tzte Lesezeit":"3\u00a0Minuten"},"schema":{"@context":"https:\/\/schema.org","@graph":[{"@type":"WebPage","@id":"https:\/\/revelati0n.com\/?page_id=283","url":"https:\/\/revelati0n.com\/?page_id=283","name":"Ausr\u00fcstungssets - ZrX - Revelation","isPartOf":{"@id":"https:\/\/revelati0n.com\/#website"},"primaryImageOfPage":{"@id":"https:\/\/revelati0n.com\/?page_id=283#primaryimage"},"image":{"@id":"https:\/\/revelati0n.com\/?page_id=283#primaryimage"},"thumbnailUrl":"https:\/\/revelati0n.com\/wp-content\/uploads\/2025\/04\/ausruestungsset_01.png","datePublished":"2025-04-15T00:09:16+00:00","dateModified":"2025-04-23T00:18:47+00:00","breadcrumb":{"@id":"https:\/\/revelati0n.com\/?page_id=283#breadcrumb"},"inLanguage":"de","potentialAction":[{"@type":"ReadAction","target":["https:\/\/revelati0n.com\/?page_id=283"]}]},{"@type":"ImageObject","inLanguage":"de","@id":"https:\/\/revelati0n.com\/?page_id=283#primaryimage","url":"https:\/\/revelati0n.com\/wp-content\/uploads\/2025\/04\/ausruestungsset_01.png","contentUrl":"https:\/\/revelati0n.com\/wp-content\/uploads\/2025\/04\/ausruestungsset_01.png","width":1080,"height":819},{"@type":"BreadcrumbList","@id":"https:\/\/revelati0n.com\/?page_id=283#breadcrumb","itemListElement":[{"@type":"ListItem","position":1,"name":"Home","item":"https:\/\/revelati0n.com\/"},{"@type":"ListItem","position":2,"name":"Anleitungen","item":"https:\/\/revelati0n.com\/?page_id=88"},{"@type":"ListItem","position":3,"name":"Ausr\u00fcstungssets"}]},{"@type":"WebSite","@id":"https:\/\/revelati0n.com\/#website","url":"https:\/\/revelati0n.com\/","name":"ZrX - Revelation","description":"The Grand Mafia Guides - Tips - Tricks - Tutorials","publisher":{"@id":"https:\/\/revelati0n.com\/#organization"},"potentialAction":[{"@type":"SearchAction","target":{"@type":"EntryPoint","urlTemplate":"https:\/\/revelati0n.com\/?s={search_term_string}"},"query-input":{"@type":"PropertyValueSpecification","valueRequired":true,"valueName":"search_term_string"}}],"inLanguage":"de"},{"@type":"Organization","@id":"https:\/\/revelati0n.com\/#organization","name":"ZrX - Revelation","url":"https:\/\/revelati0n.com\/","logo":{"@type":"ImageObject","inLanguage":"de","@id":"https:\/\/revelati0n.com\/#\/schema\/logo\/image\/","url":"https:\/\/revelati0n.com\/wp-content\/uploads\/2022\/11\/logo.png","contentUrl":"https:\/\/revelati0n.com\/wp-content\/uploads\/2022\/11\/logo.png","width":183,"height":61,"caption":"ZrX - Revelation"},"image":{"@id":"https:\/\/revelati0n.com\/#\/schema\/logo\/image\/"}}]}},"_links":{"self":[{"href":"https:\/\/revelati0n.com\/index.php?rest_route=\/wp\/v2\/pages\/283","targetHints":{"allow":["GET"]}}],"collection":[{"href":"https:\/\/revelati0n.com\/index.php?rest_route=\/wp\/v2\/pages"}],"about":[{"href":"https:\/\/revelati0n.com\/index.php?rest_route=\/wp\/v2\/types\/page"}],"author":[{"embeddable":true,"href":"https:\/\/revelati0n.com\/index.php?rest_route=\/wp\/v2\/users\/1"}],"replies":[{"embeddable":true,"href":"https:\/\/revelati0n.com\/index.php?rest_route=%2Fwp%2Fv2%2Fcomments&post=283"}],"version-history":[{"count":3,"href":"https:\/\/revelati0n.com\/index.php?rest_route=\/wp\/v2\/pages\/283\/revisions"}],"predecessor-version":[{"id":436,"href":"https:\/\/revelati0n.com\/index.php?rest_route=\/wp\/v2\/pages\/283\/revisions\/436"}],"up":[{"embeddable":true,"href":"https:\/\/revelati0n.com\/index.php?rest_route=\/wp\/v2\/pages\/88"}],"wp:attachment":[{"href":"https:\/\/revelati0n.com\/index.php?rest_route=%2Fwp%2Fv2%2Fmedia&parent=283"}],"curies":[{"name":"wp","href":"https:\/\/api.w.org\/{rel}","templated":true}]}}