{"id":274,"date":"2025-04-15T01:56:42","date_gmt":"2025-04-14T23:56:42","guid":{"rendered":"https:\/\/revelati0n.com\/?page_id=274"},"modified":"2025-04-22T04:18:15","modified_gmt":"2025-04-22T02:18:15","slug":"einheiten-training","status":"publish","type":"page","link":"https:\/\/revelati0n.com\/?page_id=274","title":{"rendered":"Einheiten Training"},"content":{"rendered":"<div class=\"messagesWrapper__36d07 group-spacing-16\">\n<div class=\"scroller__36d07 customTheme_d125d2 auto_d125d2 scrollerBase_d125d2 disableScrollAnchor_d125d2 managedReactiveScroller_d125d2\" dir=\"ltr\" tabindex=\"-1\" role=\"group\" data-jump-section=\"global\">\n<div class=\"scrollerContent__36d07 content_d125d2\">\n<div class=\"message__5126c cozyMessage__5126c groupStart__5126c wrapper_c19a55 cozy_c19a55 zalgo_c19a55\" tabindex=\"-1\" role=\"article\" data-list-item-id=\"chat-messages___chat-messages-1360683919799750668-1360691936947732712\" aria-setsize=\"-1\" aria-roledescription=\"Nachricht\" aria-labelledby=\"message-username-1360691936947732712 uid_1 message-content-1360691936947732712 uid_2 message-timestamp-1360691936947732712\">\n<div class=\"contents_c19a55\">\n<div id=\"message-content-1360691936947732712\" class=\"markup__75297 messageContent_c19a55\">\n<p>Beim trainieren von Einheiten gibt es verschiedene Punkte zu beachten. Einmal das Trainingslager selbst, welches immer mit aufgelevelt wird bei der Entwicklung der Villa, dann die Investitionen in die Trainingsgeschwindigkeit und die Trainingskapazit\u00e4t, die Kostenreduktion f\u00fcr jede Einheitenart und die Begabungseinstellung. Investitionen f\u00fcr die Trainingsgeschwindigkeit findet ihr unter folgenden Investitionspunkten:<\/p>\n<ul>\n<li>Bewaffnung -&gt; Trainingsgeschwindigkeit I<\/li>\n<li>Meister-Bewaffnung -&gt; Trainingsgeschwindigkeit II<\/li>\n<li>Rathaus-Bewaffnung -&gt; Trainingsgeschwindigkeit III<\/li>\n<li>Gouverneur-Kamof -&gt; Trainingsgeschwindigkeit IV<\/li>\n<li>Familien-Kristalle -&gt; Trainingsgeschwindigkeit V<\/li>\n<\/ul>\n<p>Investitionen f\u00fcr die Trainingskapazit\u00e4t findet ihr unter folgenden Investitionspunkten:<\/p>\n<ul>\n<li>Meister-Bewaffnung -&gt; Trainingskapazit\u00e4t Erweiterung I<\/li>\n<li>Formation -&gt; Trainingskapazit\u00e4t Erweiterung II<\/li>\n<li>Familien-Kristall -&gt; Trainingskapazit\u00e4t Erweiterung III<\/li>\n<\/ul>\n<\/div>\n<\/div>\n<div class=\"buttonContainer_c19a55\">\n<div class=\"buttons__5126c container__040f0 isHeader__040f0\" role=\"group\" aria-label=\"Nachrichtenaktionen\">\n<div class=\"buttonsInner__5126c popover_f84418 popoverReactionHoverBar_f84418 wrapper_f7ecac\">\n<div class=\"hoverBarButton_f84418 button_f7ecac\" tabindex=\"0\" role=\"button\" aria-label=\"Klicken, um mit rofl zu reagieren\">\n<div class=\"icon_f84418 buttonContent_f84418\">\n<div class=\"emoji emoji__040f0\" role=\"img\" data-type=\"emoji\" data-name=\"\ud83e\udd23\" aria-label=\"\">Die Kostenreduktion unter dem Punkt Meister-Bewaffnung betrifft alle Einheitentypen und sollte immer mal wieder bei den Investitionen ber\u00fccksichtigt werden. Sie betrifft den Ressourcenverbrauch f\u00fcr das Training der Truppen.<\/div>\n<\/div>\n<\/div>\n<\/div>\n<\/div>\n<\/div>\n<\/div>\n<div class=\"message__5126c cozyMessage__5126c wrapper_c19a55 cozy_c19a55 zalgo_c19a55\" tabindex=\"-1\" role=\"article\" data-list-item-id=\"chat-messages___chat-messages-1360683919799750668-1360692132360228925\" aria-setsize=\"-1\" aria-roledescription=\"Nachricht\" aria-labelledby=\"message-username-1360691936947732712 uid_1 message-content-1360692132360228925 uid_2 message-timestamp-1360692132360228925\">\n<div class=\"buttonContainer_c19a55\">\n<div class=\"buttons__5126c container__040f0\" role=\"group\" aria-label=\"Nachrichtenaktionen\">\n<div class=\"buttonsInner__5126c popover_f84418 popoverReactionHoverBar_f84418 wrapper_f7ecac\">\n<div class=\"hoverBarButton_f84418 button_f7ecac\" tabindex=\"0\" role=\"button\" aria-label=\"Klicken, um mit rofl zu reagieren\">\n<div class=\"icon_f84418 buttonContent_f84418\">\n<div role=\"img\" data-type=\"emoji\" data-name=\"\ud83e\udd23\" aria-label=\"\"><\/div>\n<div class=\"emoji emoji__040f0\" role=\"img\" data-type=\"emoji\" data-name=\"\ud83e\udd23\" aria-label=\"\">Des Weiteren schaut immer mal wieder in euer Inventar und schaut nach ob ihr euer Trainingslimit erh\u00f6hen k\u00f6nnt. Die entsprechenden Items findet ihr unter dem Punkt Beschleunigung.<\/div>\n<\/div>\n<\/div>\n<\/div>\n<\/div>\n<\/div>\n<\/div>\n<div class=\"message__5126c cozyMessage__5126c wrapper_c19a55 cozy_c19a55 zalgo_c19a55\" tabindex=\"-1\" role=\"article\" data-list-item-id=\"chat-messages___chat-messages-1360683919799750668-1360692668912369745\" aria-setsize=\"-1\" aria-roledescription=\"Nachricht\" aria-labelledby=\"message-username-1360691936947732712 uid_1 message-accessories-1360692668912369745 uid_2 message-timestamp-1360692668912369745\">\n<div id=\"message-accessories-1360692668912369745\" class=\"container_b7e1cb\">\n<div class=\"visualMediaItemContainer_f4758a\">\n<div class=\"oneByOneGrid_f4758a oneByOneGridSingle_f4758a\">\n<div class=\"mosaicItem__6c706 mosaicItemNoJustify__6c706 mosaicItemMediaMosaic__6c706 hideOverflow__6c706\">\n<div class=\"imageContent__0f481 embedWrapper_b7e1cb itemContentContainer_f4758a mosaicItemContent__6c706\">\n<div class=\"imageContainer__0f481\">\n<div class=\"imageWrapper_af017a imageZoom_af017a clickable_af017a lazyImgContainer_f4758a\">\n<div class=\"clickableWrapper_af017a\" tabindex=\"0\" role=\"button\" aria-label=\"Bild\" aria-describedby=\"uid_4\">\n<div class=\"loadingOverlay_af017a\"><img loading=\"lazy\" decoding=\"async\" class=\"alignnone size-full wp-image-385\" src=\"https:\/\/revelati0n.com\/wp-content\/uploads\/2025\/04\/einheiten_training_1.jpg\" alt=\"\" width=\"1080\" height=\"718\" srcset=\"https:\/\/revelati0n.com\/wp-content\/uploads\/2025\/04\/einheiten_training_1.jpg 1080w, https:\/\/revelati0n.com\/wp-content\/uploads\/2025\/04\/einheiten_training_1-300x199.jpg 300w, https:\/\/revelati0n.com\/wp-content\/uploads\/2025\/04\/einheiten_training_1-1024x681.jpg 1024w, https:\/\/revelati0n.com\/wp-content\/uploads\/2025\/04\/einheiten_training_1-768x511.jpg 768w, https:\/\/revelati0n.com\/wp-content\/uploads\/2025\/04\/einheiten_training_1-406x270.jpg 406w\" sizes=\"auto, (max-width: 1080px) 100vw, 1080px\" \/><\/div>\n<\/div>\n<\/div>\n<div class=\"hoverButtonGroup__06ab4\">\n<div class=\"hoverButton__06ab4\" tabindex=\"0\" role=\"button\" aria-label=\"Bild mit Apps bearbeiten\">\n<div class=\"lottieIcon__5eb9b lottieIconColors__5eb9b\">Lasst euch auch den Titel des Arbeitsministers vom Rathaus geben wenn ihr ein Training mit erh\u00f6htem Trainingslimit startet. Dieser Titel bringt 5 % mehr Geschwindigkeit f\u00fcr das Training.<\/div>\n<\/div>\n<\/div>\n<\/div>\n<\/div>\n<\/div>\n<\/div>\n<\/div>\n<\/div>\n<\/div>\n<div class=\"message__5126c cozyMessage__5126c wrapper_c19a55 cozy_c19a55 zalgo_c19a55\" tabindex=\"-1\" role=\"article\" data-list-item-id=\"chat-messages___chat-messages-1360683919799750668-1360692827906113737\" aria-setsize=\"-1\" aria-roledescription=\"Nachricht\" aria-labelledby=\"message-username-1360691936947732712 uid_1 message-accessories-1360692827906113737 uid_2 message-timestamp-1360692827906113737\">\n<div id=\"message-accessories-1360692827906113737\" class=\"container_b7e1cb\">\n<div class=\"visualMediaItemContainer_f4758a\">\n<div class=\"oneByOneGrid_f4758a oneByOneGridSingle_f4758a\">\n<div class=\"mosaicItem__6c706 mosaicItemNoJustify__6c706 mosaicItemMediaMosaic__6c706 hideOverflow__6c706\">\n<div class=\"imageContent__0f481 embedWrapper_b7e1cb itemContentContainer_f4758a mosaicItemContent__6c706\">\n<div class=\"imageContainer__0f481\">\n<div class=\"imageWrapper_af017a imageZoom_af017a clickable_af017a lazyImgContainer_f4758a\">\n<div class=\"clickableWrapper_af017a\" tabindex=\"0\" role=\"button\" aria-label=\"Bild\" aria-describedby=\"uid_4\">\n<div class=\"loadingOverlay_af017a\"><img loading=\"lazy\" decoding=\"async\" class=\"alignnone size-full wp-image-384\" src=\"https:\/\/revelati0n.com\/wp-content\/uploads\/2025\/04\/einheiten_training_2.jpg\" alt=\"\" width=\"1080\" height=\"2271\" srcset=\"https:\/\/revelati0n.com\/wp-content\/uploads\/2025\/04\/einheiten_training_2.jpg 1080w, https:\/\/revelati0n.com\/wp-content\/uploads\/2025\/04\/einheiten_training_2-143x300.jpg 143w, https:\/\/revelati0n.com\/wp-content\/uploads\/2025\/04\/einheiten_training_2-487x1024.jpg 487w, https:\/\/revelati0n.com\/wp-content\/uploads\/2025\/04\/einheiten_training_2-768x1615.jpg 768w, https:\/\/revelati0n.com\/wp-content\/uploads\/2025\/04\/einheiten_training_2-730x1536.jpg 730w, https:\/\/revelati0n.com\/wp-content\/uploads\/2025\/04\/einheiten_training_2-974x2048.jpg 974w, https:\/\/revelati0n.com\/wp-content\/uploads\/2025\/04\/einheiten_training_2-128x270.jpg 128w\" sizes=\"auto, (max-width: 1080px) 100vw, 1080px\" \/><\/div>\n<\/div>\n<\/div>\n<div class=\"hoverButtonGroup__06ab4\">\n<div class=\"hoverButton__06ab4\" tabindex=\"0\" role=\"button\" aria-label=\"Bild mit Apps bearbeiten\">\n<div class=\"lottieIcon__5eb9b lottieIconColors__5eb9b\"><\/div>\n<\/div>\n<\/div>\n<\/div>\n<\/div>\n<\/div>\n<\/div>\n<\/div>\n<\/div>\n<\/div>\n<\/div>\n<\/div>\n<\/div>\n","protected":false},"excerpt":{"rendered":"<p>Beim trainieren von Einheiten gibt es verschiedene Punkte zu beachten. Einmal das Trainingslager selbst, welches immer mit aufgelevelt wird bei der Entwicklung der Villa, dann die Investitionen in die Trainingsgeschwindigkeit und die Trainingskapazit\u00e4t, die Kostenreduktion f\u00fcr jede Einheitenart und die Begabungseinstellung. Investitionen f\u00fcr die Trainingsgeschwindigkeit findet ihr unter folgenden Investitionspunkten: Bewaffnung -&gt; Trainingsgeschwindigkeit I Meister-Bewaffnung -&gt; Trainingsgeschwindigkeit II Rathaus-Bewaffnung -&gt; Trainingsgeschwindigkeit III Gouverneur-Kamof -&gt; Trainingsgeschwindigkeit IV Familien-Kristalle -&gt; Trainingsgeschwindigkeit V Investitionen f\u00fcr die Trainingskapazit\u00e4t findet ihr unter folgenden Investitionspunkten: Meister-Bewaffnung&#8230;<\/p>\n<p class=\"read-more\"><a class=\"btn btn-default\" href=\"https:\/\/revelati0n.com\/?page_id=274\">Weiterlesen<span class=\"screen-reader-text\"> Weiterlesen<\/span><\/a><\/p>\n","protected":false},"author":1,"featured_media":0,"parent":88,"menu_order":0,"comment_status":"closed","ping_status":"closed","template":"","meta":{"footnotes":""},"class_list":["post-274","page","type-page","status-publish","hentry"],"yoast_head":"<!-- This site is optimized with the Yoast SEO plugin v26.4 - https:\/\/yoast.com\/wordpress\/plugins\/seo\/ -->\n<title>Einheiten Training - ZrX - Revelation<\/title>\n<meta name=\"robots\" content=\"index, follow, max-snippet:-1, max-image-preview:large, max-video-preview:-1\" \/>\n<link rel=\"canonical\" href=\"https:\/\/revelati0n.com\/?page_id=274\" \/>\n<meta property=\"og:locale\" content=\"de_DE\" \/>\n<meta property=\"og:type\" content=\"article\" \/>\n<meta property=\"og:title\" content=\"Einheiten Training - ZrX - Revelation\" \/>\n<meta property=\"og:description\" content=\"Beim trainieren von Einheiten gibt es verschiedene Punkte zu beachten. Einmal das Trainingslager selbst, welches immer mit aufgelevelt wird bei der Entwicklung der Villa, dann die Investitionen in die Trainingsgeschwindigkeit und die Trainingskapazit\u00e4t, die Kostenreduktion f\u00fcr jede Einheitenart und die Begabungseinstellung. Investitionen f\u00fcr die Trainingsgeschwindigkeit findet ihr unter folgenden Investitionspunkten: Bewaffnung -&gt; Trainingsgeschwindigkeit I Meister-Bewaffnung -&gt; Trainingsgeschwindigkeit II Rathaus-Bewaffnung -&gt; Trainingsgeschwindigkeit III Gouverneur-Kamof -&gt; Trainingsgeschwindigkeit IV Familien-Kristalle -&gt; Trainingsgeschwindigkeit V Investitionen f\u00fcr die Trainingskapazit\u00e4t findet ihr unter folgenden Investitionspunkten: Meister-Bewaffnung...Weiterlesen Weiterlesen\" \/>\n<meta property=\"og:url\" content=\"https:\/\/revelati0n.com\/?page_id=274\" \/>\n<meta property=\"og:site_name\" content=\"ZrX - Revelation\" \/>\n<meta property=\"article:modified_time\" content=\"2025-04-22T02:18:15+00:00\" \/>\n<meta property=\"og:image\" content=\"https:\/\/revelati0n.com\/wp-content\/uploads\/2025\/04\/einheiten_training_1.jpg\" \/>\n\t<meta property=\"og:image:width\" content=\"1080\" \/>\n\t<meta property=\"og:image:height\" content=\"718\" \/>\n\t<meta property=\"og:image:type\" content=\"image\/jpeg\" \/>\n<meta name=\"twitter:card\" content=\"summary_large_image\" \/>\n<meta name=\"twitter:label1\" content=\"Gesch\u00e4tzte Lesezeit\" \/>\n\t<meta name=\"twitter:data1\" content=\"2\u00a0Minuten\" \/>\n<script type=\"application\/ld+json\" class=\"yoast-schema-graph\">{\"@context\":\"https:\/\/schema.org\",\"@graph\":[{\"@type\":\"WebPage\",\"@id\":\"https:\/\/revelati0n.com\/?page_id=274\",\"url\":\"https:\/\/revelati0n.com\/?page_id=274\",\"name\":\"Einheiten Training - ZrX - Revelation\",\"isPartOf\":{\"@id\":\"https:\/\/revelati0n.com\/#website\"},\"primaryImageOfPage\":{\"@id\":\"https:\/\/revelati0n.com\/?page_id=274#primaryimage\"},\"image\":{\"@id\":\"https:\/\/revelati0n.com\/?page_id=274#primaryimage\"},\"thumbnailUrl\":\"https:\/\/revelati0n.com\/wp-content\/uploads\/2025\/04\/einheiten_training_1.jpg\",\"datePublished\":\"2025-04-14T23:56:42+00:00\",\"dateModified\":\"2025-04-22T02:18:15+00:00\",\"breadcrumb\":{\"@id\":\"https:\/\/revelati0n.com\/?page_id=274#breadcrumb\"},\"inLanguage\":\"de\",\"potentialAction\":[{\"@type\":\"ReadAction\",\"target\":[\"https:\/\/revelati0n.com\/?page_id=274\"]}]},{\"@type\":\"ImageObject\",\"inLanguage\":\"de\",\"@id\":\"https:\/\/revelati0n.com\/?page_id=274#primaryimage\",\"url\":\"https:\/\/revelati0n.com\/wp-content\/uploads\/2025\/04\/einheiten_training_1.jpg\",\"contentUrl\":\"https:\/\/revelati0n.com\/wp-content\/uploads\/2025\/04\/einheiten_training_1.jpg\",\"width\":1080,\"height\":718},{\"@type\":\"BreadcrumbList\",\"@id\":\"https:\/\/revelati0n.com\/?page_id=274#breadcrumb\",\"itemListElement\":[{\"@type\":\"ListItem\",\"position\":1,\"name\":\"Home\",\"item\":\"https:\/\/revelati0n.com\/\"},{\"@type\":\"ListItem\",\"position\":2,\"name\":\"Anleitungen\",\"item\":\"https:\/\/revelati0n.com\/?page_id=88\"},{\"@type\":\"ListItem\",\"position\":3,\"name\":\"Einheiten Training\"}]},{\"@type\":\"WebSite\",\"@id\":\"https:\/\/revelati0n.com\/#website\",\"url\":\"https:\/\/revelati0n.com\/\",\"name\":\"ZrX - Revelation\",\"description\":\"The Grand Mafia Guides - Tips - Tricks - Tutorials\",\"publisher\":{\"@id\":\"https:\/\/revelati0n.com\/#organization\"},\"potentialAction\":[{\"@type\":\"SearchAction\",\"target\":{\"@type\":\"EntryPoint\",\"urlTemplate\":\"https:\/\/revelati0n.com\/?s={search_term_string}\"},\"query-input\":{\"@type\":\"PropertyValueSpecification\",\"valueRequired\":true,\"valueName\":\"search_term_string\"}}],\"inLanguage\":\"de\"},{\"@type\":\"Organization\",\"@id\":\"https:\/\/revelati0n.com\/#organization\",\"name\":\"ZrX - Revelation\",\"url\":\"https:\/\/revelati0n.com\/\",\"logo\":{\"@type\":\"ImageObject\",\"inLanguage\":\"de\",\"@id\":\"https:\/\/revelati0n.com\/#\/schema\/logo\/image\/\",\"url\":\"https:\/\/revelati0n.com\/wp-content\/uploads\/2022\/11\/logo.png\",\"contentUrl\":\"https:\/\/revelati0n.com\/wp-content\/uploads\/2022\/11\/logo.png\",\"width\":183,\"height\":61,\"caption\":\"ZrX - Revelation\"},\"image\":{\"@id\":\"https:\/\/revelati0n.com\/#\/schema\/logo\/image\/\"}}]}<\/script>\n<!-- \/ Yoast SEO plugin. -->","yoast_head_json":{"title":"Einheiten Training - ZrX - Revelation","robots":{"index":"index","follow":"follow","max-snippet":"max-snippet:-1","max-image-preview":"max-image-preview:large","max-video-preview":"max-video-preview:-1"},"canonical":"https:\/\/revelati0n.com\/?page_id=274","og_locale":"de_DE","og_type":"article","og_title":"Einheiten Training - ZrX - Revelation","og_description":"Beim trainieren von Einheiten gibt es verschiedene Punkte zu beachten. Einmal das Trainingslager selbst, welches immer mit aufgelevelt wird bei der Entwicklung der Villa, dann die Investitionen in die Trainingsgeschwindigkeit und die Trainingskapazit\u00e4t, die Kostenreduktion f\u00fcr jede Einheitenart und die Begabungseinstellung. Investitionen f\u00fcr die Trainingsgeschwindigkeit findet ihr unter folgenden Investitionspunkten: Bewaffnung -&gt; Trainingsgeschwindigkeit I Meister-Bewaffnung -&gt; Trainingsgeschwindigkeit II Rathaus-Bewaffnung -&gt; Trainingsgeschwindigkeit III Gouverneur-Kamof -&gt; Trainingsgeschwindigkeit IV Familien-Kristalle -&gt; Trainingsgeschwindigkeit V Investitionen f\u00fcr die Trainingskapazit\u00e4t findet ihr unter folgenden Investitionspunkten: Meister-Bewaffnung...Weiterlesen Weiterlesen","og_url":"https:\/\/revelati0n.com\/?page_id=274","og_site_name":"ZrX - Revelation","article_modified_time":"2025-04-22T02:18:15+00:00","og_image":[{"width":1080,"height":718,"url":"https:\/\/revelati0n.com\/wp-content\/uploads\/2025\/04\/einheiten_training_1.jpg","type":"image\/jpeg"}],"twitter_card":"summary_large_image","twitter_misc":{"Gesch\u00e4tzte Lesezeit":"2\u00a0Minuten"},"schema":{"@context":"https:\/\/schema.org","@graph":[{"@type":"WebPage","@id":"https:\/\/revelati0n.com\/?page_id=274","url":"https:\/\/revelati0n.com\/?page_id=274","name":"Einheiten Training - ZrX - Revelation","isPartOf":{"@id":"https:\/\/revelati0n.com\/#website"},"primaryImageOfPage":{"@id":"https:\/\/revelati0n.com\/?page_id=274#primaryimage"},"image":{"@id":"https:\/\/revelati0n.com\/?page_id=274#primaryimage"},"thumbnailUrl":"https:\/\/revelati0n.com\/wp-content\/uploads\/2025\/04\/einheiten_training_1.jpg","datePublished":"2025-04-14T23:56:42+00:00","dateModified":"2025-04-22T02:18:15+00:00","breadcrumb":{"@id":"https:\/\/revelati0n.com\/?page_id=274#breadcrumb"},"inLanguage":"de","potentialAction":[{"@type":"ReadAction","target":["https:\/\/revelati0n.com\/?page_id=274"]}]},{"@type":"ImageObject","inLanguage":"de","@id":"https:\/\/revelati0n.com\/?page_id=274#primaryimage","url":"https:\/\/revelati0n.com\/wp-content\/uploads\/2025\/04\/einheiten_training_1.jpg","contentUrl":"https:\/\/revelati0n.com\/wp-content\/uploads\/2025\/04\/einheiten_training_1.jpg","width":1080,"height":718},{"@type":"BreadcrumbList","@id":"https:\/\/revelati0n.com\/?page_id=274#breadcrumb","itemListElement":[{"@type":"ListItem","position":1,"name":"Home","item":"https:\/\/revelati0n.com\/"},{"@type":"ListItem","position":2,"name":"Anleitungen","item":"https:\/\/revelati0n.com\/?page_id=88"},{"@type":"ListItem","position":3,"name":"Einheiten Training"}]},{"@type":"WebSite","@id":"https:\/\/revelati0n.com\/#website","url":"https:\/\/revelati0n.com\/","name":"ZrX - Revelation","description":"The Grand Mafia Guides - Tips - Tricks - Tutorials","publisher":{"@id":"https:\/\/revelati0n.com\/#organization"},"potentialAction":[{"@type":"SearchAction","target":{"@type":"EntryPoint","urlTemplate":"https:\/\/revelati0n.com\/?s={search_term_string}"},"query-input":{"@type":"PropertyValueSpecification","valueRequired":true,"valueName":"search_term_string"}}],"inLanguage":"de"},{"@type":"Organization","@id":"https:\/\/revelati0n.com\/#organization","name":"ZrX - Revelation","url":"https:\/\/revelati0n.com\/","logo":{"@type":"ImageObject","inLanguage":"de","@id":"https:\/\/revelati0n.com\/#\/schema\/logo\/image\/","url":"https:\/\/revelati0n.com\/wp-content\/uploads\/2022\/11\/logo.png","contentUrl":"https:\/\/revelati0n.com\/wp-content\/uploads\/2022\/11\/logo.png","width":183,"height":61,"caption":"ZrX - Revelation"},"image":{"@id":"https:\/\/revelati0n.com\/#\/schema\/logo\/image\/"}}]}},"_links":{"self":[{"href":"https:\/\/revelati0n.com\/index.php?rest_route=\/wp\/v2\/pages\/274","targetHints":{"allow":["GET"]}}],"collection":[{"href":"https:\/\/revelati0n.com\/index.php?rest_route=\/wp\/v2\/pages"}],"about":[{"href":"https:\/\/revelati0n.com\/index.php?rest_route=\/wp\/v2\/types\/page"}],"author":[{"embeddable":true,"href":"https:\/\/revelati0n.com\/index.php?rest_route=\/wp\/v2\/users\/1"}],"replies":[{"embeddable":true,"href":"https:\/\/revelati0n.com\/index.php?rest_route=%2Fwp%2Fv2%2Fcomments&post=274"}],"version-history":[{"count":2,"href":"https:\/\/revelati0n.com\/index.php?rest_route=\/wp\/v2\/pages\/274\/revisions"}],"predecessor-version":[{"id":386,"href":"https:\/\/revelati0n.com\/index.php?rest_route=\/wp\/v2\/pages\/274\/revisions\/386"}],"up":[{"embeddable":true,"href":"https:\/\/revelati0n.com\/index.php?rest_route=\/wp\/v2\/pages\/88"}],"wp:attachment":[{"href":"https:\/\/revelati0n.com\/index.php?rest_route=%2Fwp%2Fv2%2Fmedia&parent=274"}],"curies":[{"name":"wp","href":"https:\/\/api.w.org\/{rel}","templated":true}]}}