{"id":269,"date":"2025-04-15T01:46:00","date_gmt":"2025-04-14T23:46:00","guid":{"rendered":"https:\/\/revelati0n.com\/?page_id=269"},"modified":"2025-04-22T04:13:29","modified_gmt":"2025-04-22T02:13:29","slug":"patenzeichnung","status":"publish","type":"page","link":"https:\/\/revelati0n.com\/?page_id=269","title":{"rendered":"Patenzeichnung"},"content":{"rendered":"<div class=\"message__5126c cozyMessage__5126c groupStart__5126c wrapper_c19a55 cozy_c19a55 zalgo_c19a55\" tabindex=\"-1\" role=\"article\" data-list-item-id=\"chat-messages___chat-messages-1360683919527248132-1360689755624571002\" aria-setsize=\"-1\" aria-roledescription=\"Nachricht\" aria-labelledby=\"message-username-1360689755624571002 uid_1 message-content-1360689755624571002 uid_2 message-timestamp-1360689755624571002\">\n<div class=\"contents_c19a55\">\n<div id=\"message-content-1360689755624571002\" class=\"markup__75297 messageContent_c19a55\">Ihr bekommt die Patenzeichnungen dauerhaft an 2 Stellen im Spiel. Erste Stelle ist der Punkte Shop bei den t\u00e4glichen Aufgaben.<\/div>\n<\/div>\n<\/div>\n<div class=\"message__5126c cozyMessage__5126c wrapper_c19a55 cozy_c19a55 zalgo_c19a55\" tabindex=\"-1\" role=\"article\" data-list-item-id=\"chat-messages___chat-messages-1360683919527248132-1360690936023355452\" aria-setsize=\"-1\" aria-roledescription=\"Nachricht\" aria-labelledby=\"message-username-1360689755624571002 uid_1 message-accessories-1360690936023355452 uid_2 message-timestamp-1360690936023355452\">\n<div id=\"message-accessories-1360690936023355452\" class=\"container_b7e1cb\">\n<div class=\"visualMediaItemContainer_f4758a\">\n<div class=\"oneByOneGrid_f4758a oneByOneGridSingle_f4758a\">\n<div class=\"mosaicItem__6c706 mosaicItemNoJustify__6c706 mosaicItemMediaMosaic__6c706 hideOverflow__6c706\">\n<div class=\"imageContent__0f481 embedWrapper_b7e1cb itemContentContainer_f4758a mosaicItemContent__6c706\">\n<div class=\"imageContainer__0f481\">\n<div class=\"imageWrapper_af017a imageZoom_af017a clickable_af017a lazyImgContainer_f4758a\">\n<div class=\"clickableWrapper_af017a\" tabindex=\"0\" role=\"button\" aria-label=\"Bild\" aria-describedby=\"uid_4\">\n<div class=\"loadingOverlay_af017a\"><img loading=\"lazy\" decoding=\"async\" class=\"alignnone size-full wp-image-379\" src=\"https:\/\/revelati0n.com\/wp-content\/uploads\/2025\/04\/patenzeichnung_1.jpg\" alt=\"\" width=\"1080\" height=\"2316\" srcset=\"https:\/\/revelati0n.com\/wp-content\/uploads\/2025\/04\/patenzeichnung_1.jpg 1080w, https:\/\/revelati0n.com\/wp-content\/uploads\/2025\/04\/patenzeichnung_1-140x300.jpg 140w, https:\/\/revelati0n.com\/wp-content\/uploads\/2025\/04\/patenzeichnung_1-478x1024.jpg 478w, https:\/\/revelati0n.com\/wp-content\/uploads\/2025\/04\/patenzeichnung_1-768x1647.jpg 768w, https:\/\/revelati0n.com\/wp-content\/uploads\/2025\/04\/patenzeichnung_1-716x1536.jpg 716w, https:\/\/revelati0n.com\/wp-content\/uploads\/2025\/04\/patenzeichnung_1-955x2048.jpg 955w, https:\/\/revelati0n.com\/wp-content\/uploads\/2025\/04\/patenzeichnung_1-126x270.jpg 126w\" sizes=\"auto, (max-width: 1080px) 100vw, 1080px\" \/><\/div>\n<\/div>\n<\/div>\n<div class=\"hoverButtonGroup__06ab4\">\n<div class=\"hoverButton__06ab4\" tabindex=\"0\" role=\"button\" aria-label=\"Bild mit Apps bearbeiten\">\n<div class=\"lottieIcon__5eb9b lottieIconColors__5eb9b\"><\/div>\n<\/div>\n<\/div>\n<\/div>\n<\/div>\n<\/div>\n<\/div>\n<\/div>\n<\/div>\n<\/div>\n<div class=\"message__5126c cozyMessage__5126c wrapper_c19a55 cozy_c19a55 zalgo_c19a55\" tabindex=\"-1\" role=\"article\" data-list-item-id=\"chat-messages___chat-messages-1360683919527248132-1360691089564106773\" aria-setsize=\"-1\" aria-roledescription=\"Nachricht\" aria-labelledby=\"message-username-1360689755624571002 uid_1 message-accessories-1360691089564106773 uid_2 message-timestamp-1360691089564106773\">\n<div id=\"message-accessories-1360691089564106773\" class=\"container_b7e1cb\">\n<div class=\"visualMediaItemContainer_f4758a\">\n<div class=\"oneByOneGrid_f4758a oneByOneGridSingle_f4758a\">\n<div class=\"mosaicItem__6c706 mosaicItemNoJustify__6c706 mosaicItemMediaMosaic__6c706 hideOverflow__6c706\">\n<div class=\"imageContent__0f481 embedWrapper_b7e1cb itemContentContainer_f4758a mosaicItemContent__6c706\">\n<div class=\"imageContainer__0f481\">\n<div class=\"imageWrapper_af017a imageZoom_af017a clickable_af017a lazyImgContainer_f4758a\">\n<div class=\"clickableWrapper_af017a\" tabindex=\"0\" role=\"button\" aria-label=\"Bild\" aria-describedby=\"uid_4\">\n<div class=\"loadingOverlay_af017a\"><img loading=\"lazy\" decoding=\"async\" class=\"alignnone size-full wp-image-380\" src=\"https:\/\/revelati0n.com\/wp-content\/uploads\/2025\/04\/patenzeichnung_2.jpg\" alt=\"\" width=\"1080\" height=\"2316\" srcset=\"https:\/\/revelati0n.com\/wp-content\/uploads\/2025\/04\/patenzeichnung_2.jpg 1080w, https:\/\/revelati0n.com\/wp-content\/uploads\/2025\/04\/patenzeichnung_2-140x300.jpg 140w, https:\/\/revelati0n.com\/wp-content\/uploads\/2025\/04\/patenzeichnung_2-478x1024.jpg 478w, https:\/\/revelati0n.com\/wp-content\/uploads\/2025\/04\/patenzeichnung_2-768x1647.jpg 768w, https:\/\/revelati0n.com\/wp-content\/uploads\/2025\/04\/patenzeichnung_2-716x1536.jpg 716w, https:\/\/revelati0n.com\/wp-content\/uploads\/2025\/04\/patenzeichnung_2-955x2048.jpg 955w, https:\/\/revelati0n.com\/wp-content\/uploads\/2025\/04\/patenzeichnung_2-126x270.jpg 126w\" sizes=\"auto, (max-width: 1080px) 100vw, 1080px\" \/><\/div>\n<\/div>\n<\/div>\n<div class=\"hoverButtonGroup__06ab4\">\n<div class=\"hoverButton__06ab4\" tabindex=\"0\" role=\"button\" aria-label=\"Bild mit Apps bearbeiten\">\n<div class=\"lottieIcon__5eb9b lottieIconColors__5eb9b\"><\/div>\n<\/div>\n<\/div>\n<\/div>\n<\/div>\n<\/div>\n<\/div>\n<\/div>\n<\/div>\n<\/div>\n<div class=\"message__5126c cozyMessage__5126c wrapper_c19a55 cozy_c19a55 zalgo_c19a55\" tabindex=\"-1\" role=\"article\" data-list-item-id=\"chat-messages___chat-messages-1360683919527248132-1360691204659876121\" aria-setsize=\"-1\" aria-roledescription=\"Nachricht\" aria-labelledby=\"message-username-1360689755624571002 uid_1 message-accessories-1360691204659876121 uid_2 message-timestamp-1360691204659876121\">\n<div id=\"message-accessories-1360691204659876121\" class=\"container_b7e1cb\">\n<div class=\"visualMediaItemContainer_f4758a\">\n<div class=\"oneByOneGrid_f4758a oneByOneGridSingle_f4758a\">\n<div class=\"mosaicItem__6c706 mosaicItemNoJustify__6c706 mosaicItemMediaMosaic__6c706 hideOverflow__6c706\">\n<div class=\"imageContent__0f481 embedWrapper_b7e1cb itemContentContainer_f4758a mosaicItemContent__6c706\">\n<div class=\"imageContainer__0f481\">\n<div class=\"imageWrapper_af017a imageZoom_af017a clickable_af017a lazyImgContainer_f4758a\">\n<div class=\"clickableWrapper_af017a\" tabindex=\"0\" role=\"button\" aria-label=\"Bild\" aria-describedby=\"uid_4\">\n<div class=\"loadingOverlay_af017a\"><img loading=\"lazy\" decoding=\"async\" class=\"alignnone size-full wp-image-377\" src=\"https:\/\/revelati0n.com\/wp-content\/uploads\/2025\/04\/patenzeichnung_3.png\" alt=\"\" width=\"1080\" height=\"2316\" srcset=\"https:\/\/revelati0n.com\/wp-content\/uploads\/2025\/04\/patenzeichnung_3.png 1080w, https:\/\/revelati0n.com\/wp-content\/uploads\/2025\/04\/patenzeichnung_3-140x300.png 140w, https:\/\/revelati0n.com\/wp-content\/uploads\/2025\/04\/patenzeichnung_3-478x1024.png 478w, https:\/\/revelati0n.com\/wp-content\/uploads\/2025\/04\/patenzeichnung_3-768x1647.png 768w, https:\/\/revelati0n.com\/wp-content\/uploads\/2025\/04\/patenzeichnung_3-716x1536.png 716w, https:\/\/revelati0n.com\/wp-content\/uploads\/2025\/04\/patenzeichnung_3-955x2048.png 955w, https:\/\/revelati0n.com\/wp-content\/uploads\/2025\/04\/patenzeichnung_3-126x270.png 126w\" sizes=\"auto, (max-width: 1080px) 100vw, 1080px\" \/><\/div>\n<\/div>\n<\/div>\n<div class=\"hoverButtonGroup__06ab4\">\n<div class=\"hoverButton__06ab4\" tabindex=\"0\" role=\"button\" aria-label=\"Bild mit Apps bearbeiten\">\n<div class=\"lottieIcon__5eb9b lottieIconColors__5eb9b\"><\/div>\n<\/div>\n<\/div>\n<\/div>\n<\/div>\n<\/div>\n<\/div>\n<\/div>\n<\/div>\n<\/div>\n<div class=\"message__5126c cozyMessage__5126c wrapper_c19a55 cozy_c19a55 zalgo_c19a55\" tabindex=\"-1\" role=\"article\" data-list-item-id=\"chat-messages___chat-messages-1360683919527248132-1360691219469959331\" aria-setsize=\"-1\" aria-roledescription=\"Nachricht\" aria-labelledby=\"message-username-1360689755624571002 uid_1 message-content-1360691219469959331 uid_2 message-timestamp-1360691219469959331\">\n<div id=\"message-accessories-1360691323354616000\" class=\"container_b7e1cb\">\n<div class=\"visualMediaItemContainer_f4758a\">\n<div class=\"oneByOneGrid_f4758a oneByOneGridSingle_f4758a\">\n<div class=\"mosaicItem__6c706 mosaicItemNoJustify__6c706 mosaicItemMediaMosaic__6c706 hideOverflow__6c706\">\n<div class=\"imageContent__0f481 embedWrapper_b7e1cb itemContentContainer_f4758a mosaicItemContent__6c706\">\n<div class=\"imageContainer__0f481\">\n<div class=\"imageWrapper_af017a imageZoom_af017a clickable_af017a lazyImgContainer_f4758a\">\n<div class=\"clickableWrapper_af017a\" tabindex=\"0\" role=\"button\" aria-label=\"Bild\" aria-describedby=\"uid_4\">\n<div class=\"loadingOverlay_af017a\"><img loading=\"lazy\" decoding=\"async\" class=\"alignnone size-full wp-image-381\" src=\"https:\/\/revelati0n.com\/wp-content\/uploads\/2025\/04\/patenzeichnung_4.jpg\" alt=\"\" width=\"1080\" height=\"2316\" srcset=\"https:\/\/revelati0n.com\/wp-content\/uploads\/2025\/04\/patenzeichnung_4.jpg 1080w, https:\/\/revelati0n.com\/wp-content\/uploads\/2025\/04\/patenzeichnung_4-140x300.jpg 140w, https:\/\/revelati0n.com\/wp-content\/uploads\/2025\/04\/patenzeichnung_4-478x1024.jpg 478w, https:\/\/revelati0n.com\/wp-content\/uploads\/2025\/04\/patenzeichnung_4-768x1647.jpg 768w, https:\/\/revelati0n.com\/wp-content\/uploads\/2025\/04\/patenzeichnung_4-716x1536.jpg 716w, https:\/\/revelati0n.com\/wp-content\/uploads\/2025\/04\/patenzeichnung_4-955x2048.jpg 955w, https:\/\/revelati0n.com\/wp-content\/uploads\/2025\/04\/patenzeichnung_4-126x270.jpg 126w\" sizes=\"auto, (max-width: 1080px) 100vw, 1080px\" \/><\/div>\n<\/div>\n<\/div>\n<div class=\"hoverButtonGroup__06ab4\">\n<div class=\"hoverButton__06ab4\" tabindex=\"0\" role=\"button\" aria-label=\"Bild mit Apps bearbeiten\">\n<div class=\"lottieIcon__5eb9b lottieIconColors__5eb9b\">Es gibt auch die M\u00f6glichkeit die Patenzeichnungen w\u00e4hrend des VIP Shop Events verg\u00fcnstigt f\u00fcr Gold zu erhalten.<\/div>\n<\/div>\n<\/div>\n<\/div>\n<\/div>\n<\/div>\n<\/div>\n<\/div>\n<\/div>\n<\/div>\n<div class=\"message__5126c cozyMessage__5126c wrapper_c19a55 cozy_c19a55 zalgo_c19a55\" tabindex=\"-1\" role=\"article\" data-list-item-id=\"chat-messages___chat-messages-1360683919527248132-1360691442221060116\" aria-setsize=\"-1\" aria-roledescription=\"Nachricht\" aria-labelledby=\"message-username-1360689755624571002 uid_1 message-accessories-1360691442221060116 uid_2 message-timestamp-1360691442221060116\">\n<div class=\"contents_c19a55\"><\/div>\n<div id=\"message-accessories-1360691442221060116\" class=\"container_b7e1cb\">\n<div class=\"visualMediaItemContainer_f4758a\">\n<div class=\"oneByOneGrid_f4758a oneByOneGridSingle_f4758a\">\n<div class=\"mosaicItem__6c706 mosaicItemNoJustify__6c706 mosaicItemMediaMosaic__6c706 hideOverflow__6c706\">\n<div class=\"imageContent__0f481 embedWrapper_b7e1cb itemContentContainer_f4758a mosaicItemContent__6c706\">\n<div class=\"imageContainer__0f481\">\n<div class=\"imageWrapper_af017a imageZoom_af017a clickable_af017a lazyImgContainer_f4758a\">\n<div class=\"clickableWrapper_af017a\" tabindex=\"0\" role=\"button\" aria-label=\"Bild\" aria-describedby=\"uid_4\">\n<div class=\"loadingOverlay_af017a\"><img loading=\"lazy\" decoding=\"async\" class=\"alignnone size-full wp-image-378\" src=\"https:\/\/revelati0n.com\/wp-content\/uploads\/2025\/04\/patenzeichnung_5.jpg\" alt=\"\" width=\"1080\" height=\"2316\" srcset=\"https:\/\/revelati0n.com\/wp-content\/uploads\/2025\/04\/patenzeichnung_5.jpg 1080w, https:\/\/revelati0n.com\/wp-content\/uploads\/2025\/04\/patenzeichnung_5-140x300.jpg 140w, https:\/\/revelati0n.com\/wp-content\/uploads\/2025\/04\/patenzeichnung_5-478x1024.jpg 478w, https:\/\/revelati0n.com\/wp-content\/uploads\/2025\/04\/patenzeichnung_5-768x1647.jpg 768w, https:\/\/revelati0n.com\/wp-content\/uploads\/2025\/04\/patenzeichnung_5-716x1536.jpg 716w, https:\/\/revelati0n.com\/wp-content\/uploads\/2025\/04\/patenzeichnung_5-955x2048.jpg 955w, https:\/\/revelati0n.com\/wp-content\/uploads\/2025\/04\/patenzeichnung_5-126x270.jpg 126w\" sizes=\"auto, (max-width: 1080px) 100vw, 1080px\" \/><\/div>\n<\/div>\n<\/div>\n<div class=\"hoverButtonGroup__06ab4\">\n<div class=\"hoverButton__06ab4\" tabindex=\"0\" role=\"button\" aria-label=\"Bild mit Apps bearbeiten\">\n<div class=\"lottieIcon__5eb9b lottieIconColors__5eb9b\">Die Patenzeichnungen werden f\u00fcr jedes Geb\u00e4ude ben\u00f6tigt um dies auf Level 25 zu bekommen.<\/div>\n<\/div>\n<\/div>\n<\/div>\n<\/div>\n<\/div>\n<\/div>\n<\/div>\n<\/div>\n<\/div>\n","protected":false},"excerpt":{"rendered":"<p>Ihr bekommt die Patenzeichnungen dauerhaft an 2 Stellen im Spiel. Erste Stelle ist der Punkte Shop bei den t\u00e4glichen Aufgaben. Es gibt auch die M\u00f6glichkeit die Patenzeichnungen w\u00e4hrend des VIP Shop Events verg\u00fcnstigt f\u00fcr Gold zu erhalten. Die Patenzeichnungen werden f\u00fcr jedes Geb\u00e4ude ben\u00f6tigt um dies auf Level 25 zu bekommen.<\/p>\n","protected":false},"author":1,"featured_media":0,"parent":88,"menu_order":0,"comment_status":"closed","ping_status":"closed","template":"","meta":{"footnotes":""},"class_list":["post-269","page","type-page","status-publish","hentry"],"yoast_head":"<!-- This site is optimized with the Yoast SEO plugin v26.4 - https:\/\/yoast.com\/wordpress\/plugins\/seo\/ -->\n<title>Patenzeichnung - ZrX - Revelation<\/title>\n<meta name=\"robots\" content=\"index, follow, max-snippet:-1, max-image-preview:large, max-video-preview:-1\" \/>\n<link rel=\"canonical\" href=\"https:\/\/revelati0n.com\/?page_id=269\" \/>\n<meta property=\"og:locale\" content=\"de_DE\" \/>\n<meta property=\"og:type\" content=\"article\" \/>\n<meta property=\"og:title\" content=\"Patenzeichnung - ZrX - Revelation\" \/>\n<meta property=\"og:description\" content=\"Ihr bekommt die Patenzeichnungen dauerhaft an 2 Stellen im Spiel. Erste Stelle ist der Punkte Shop bei den t\u00e4glichen Aufgaben. Es gibt auch die M\u00f6glichkeit die Patenzeichnungen w\u00e4hrend des VIP Shop Events verg\u00fcnstigt f\u00fcr Gold zu erhalten. Die Patenzeichnungen werden f\u00fcr jedes Geb\u00e4ude ben\u00f6tigt um dies auf Level 25 zu bekommen.\" \/>\n<meta property=\"og:url\" content=\"https:\/\/revelati0n.com\/?page_id=269\" \/>\n<meta property=\"og:site_name\" content=\"ZrX - Revelation\" \/>\n<meta property=\"article:modified_time\" content=\"2025-04-22T02:13:29+00:00\" \/>\n<meta property=\"og:image\" content=\"https:\/\/revelati0n.com\/wp-content\/uploads\/2025\/04\/patenzeichnung_1.jpg\" \/>\n\t<meta property=\"og:image:width\" content=\"1080\" \/>\n\t<meta property=\"og:image:height\" content=\"2316\" \/>\n\t<meta property=\"og:image:type\" content=\"image\/jpeg\" \/>\n<meta name=\"twitter:card\" content=\"summary_large_image\" \/>\n<meta name=\"twitter:label1\" content=\"Gesch\u00e4tzte Lesezeit\" \/>\n\t<meta name=\"twitter:data1\" content=\"2\u00a0Minuten\" \/>\n<script type=\"application\/ld+json\" class=\"yoast-schema-graph\">{\"@context\":\"https:\/\/schema.org\",\"@graph\":[{\"@type\":\"WebPage\",\"@id\":\"https:\/\/revelati0n.com\/?page_id=269\",\"url\":\"https:\/\/revelati0n.com\/?page_id=269\",\"name\":\"Patenzeichnung - ZrX - Revelation\",\"isPartOf\":{\"@id\":\"https:\/\/revelati0n.com\/#website\"},\"primaryImageOfPage\":{\"@id\":\"https:\/\/revelati0n.com\/?page_id=269#primaryimage\"},\"image\":{\"@id\":\"https:\/\/revelati0n.com\/?page_id=269#primaryimage\"},\"thumbnailUrl\":\"https:\/\/revelati0n.com\/wp-content\/uploads\/2025\/04\/patenzeichnung_1.jpg\",\"datePublished\":\"2025-04-14T23:46:00+00:00\",\"dateModified\":\"2025-04-22T02:13:29+00:00\",\"breadcrumb\":{\"@id\":\"https:\/\/revelati0n.com\/?page_id=269#breadcrumb\"},\"inLanguage\":\"de\",\"potentialAction\":[{\"@type\":\"ReadAction\",\"target\":[\"https:\/\/revelati0n.com\/?page_id=269\"]}]},{\"@type\":\"ImageObject\",\"inLanguage\":\"de\",\"@id\":\"https:\/\/revelati0n.com\/?page_id=269#primaryimage\",\"url\":\"https:\/\/revelati0n.com\/wp-content\/uploads\/2025\/04\/patenzeichnung_1.jpg\",\"contentUrl\":\"https:\/\/revelati0n.com\/wp-content\/uploads\/2025\/04\/patenzeichnung_1.jpg\",\"width\":1080,\"height\":2316},{\"@type\":\"BreadcrumbList\",\"@id\":\"https:\/\/revelati0n.com\/?page_id=269#breadcrumb\",\"itemListElement\":[{\"@type\":\"ListItem\",\"position\":1,\"name\":\"Home\",\"item\":\"https:\/\/revelati0n.com\/\"},{\"@type\":\"ListItem\",\"position\":2,\"name\":\"Anleitungen\",\"item\":\"https:\/\/revelati0n.com\/?page_id=88\"},{\"@type\":\"ListItem\",\"position\":3,\"name\":\"Patenzeichnung\"}]},{\"@type\":\"WebSite\",\"@id\":\"https:\/\/revelati0n.com\/#website\",\"url\":\"https:\/\/revelati0n.com\/\",\"name\":\"ZrX - Revelation\",\"description\":\"The Grand Mafia Guides - Tips - Tricks - Tutorials\",\"publisher\":{\"@id\":\"https:\/\/revelati0n.com\/#organization\"},\"potentialAction\":[{\"@type\":\"SearchAction\",\"target\":{\"@type\":\"EntryPoint\",\"urlTemplate\":\"https:\/\/revelati0n.com\/?s={search_term_string}\"},\"query-input\":{\"@type\":\"PropertyValueSpecification\",\"valueRequired\":true,\"valueName\":\"search_term_string\"}}],\"inLanguage\":\"de\"},{\"@type\":\"Organization\",\"@id\":\"https:\/\/revelati0n.com\/#organization\",\"name\":\"ZrX - Revelation\",\"url\":\"https:\/\/revelati0n.com\/\",\"logo\":{\"@type\":\"ImageObject\",\"inLanguage\":\"de\",\"@id\":\"https:\/\/revelati0n.com\/#\/schema\/logo\/image\/\",\"url\":\"https:\/\/revelati0n.com\/wp-content\/uploads\/2022\/11\/logo.png\",\"contentUrl\":\"https:\/\/revelati0n.com\/wp-content\/uploads\/2022\/11\/logo.png\",\"width\":183,\"height\":61,\"caption\":\"ZrX - Revelation\"},\"image\":{\"@id\":\"https:\/\/revelati0n.com\/#\/schema\/logo\/image\/\"}}]}<\/script>\n<!-- \/ Yoast SEO plugin. -->","yoast_head_json":{"title":"Patenzeichnung - ZrX - Revelation","robots":{"index":"index","follow":"follow","max-snippet":"max-snippet:-1","max-image-preview":"max-image-preview:large","max-video-preview":"max-video-preview:-1"},"canonical":"https:\/\/revelati0n.com\/?page_id=269","og_locale":"de_DE","og_type":"article","og_title":"Patenzeichnung - ZrX - Revelation","og_description":"Ihr bekommt die Patenzeichnungen dauerhaft an 2 Stellen im Spiel. Erste Stelle ist der Punkte Shop bei den t\u00e4glichen Aufgaben. Es gibt auch die M\u00f6glichkeit die Patenzeichnungen w\u00e4hrend des VIP Shop Events verg\u00fcnstigt f\u00fcr Gold zu erhalten. Die Patenzeichnungen werden f\u00fcr jedes Geb\u00e4ude ben\u00f6tigt um dies auf Level 25 zu bekommen.","og_url":"https:\/\/revelati0n.com\/?page_id=269","og_site_name":"ZrX - Revelation","article_modified_time":"2025-04-22T02:13:29+00:00","og_image":[{"width":1080,"height":2316,"url":"https:\/\/revelati0n.com\/wp-content\/uploads\/2025\/04\/patenzeichnung_1.jpg","type":"image\/jpeg"}],"twitter_card":"summary_large_image","twitter_misc":{"Gesch\u00e4tzte Lesezeit":"2\u00a0Minuten"},"schema":{"@context":"https:\/\/schema.org","@graph":[{"@type":"WebPage","@id":"https:\/\/revelati0n.com\/?page_id=269","url":"https:\/\/revelati0n.com\/?page_id=269","name":"Patenzeichnung - ZrX - Revelation","isPartOf":{"@id":"https:\/\/revelati0n.com\/#website"},"primaryImageOfPage":{"@id":"https:\/\/revelati0n.com\/?page_id=269#primaryimage"},"image":{"@id":"https:\/\/revelati0n.com\/?page_id=269#primaryimage"},"thumbnailUrl":"https:\/\/revelati0n.com\/wp-content\/uploads\/2025\/04\/patenzeichnung_1.jpg","datePublished":"2025-04-14T23:46:00+00:00","dateModified":"2025-04-22T02:13:29+00:00","breadcrumb":{"@id":"https:\/\/revelati0n.com\/?page_id=269#breadcrumb"},"inLanguage":"de","potentialAction":[{"@type":"ReadAction","target":["https:\/\/revelati0n.com\/?page_id=269"]}]},{"@type":"ImageObject","inLanguage":"de","@id":"https:\/\/revelati0n.com\/?page_id=269#primaryimage","url":"https:\/\/revelati0n.com\/wp-content\/uploads\/2025\/04\/patenzeichnung_1.jpg","contentUrl":"https:\/\/revelati0n.com\/wp-content\/uploads\/2025\/04\/patenzeichnung_1.jpg","width":1080,"height":2316},{"@type":"BreadcrumbList","@id":"https:\/\/revelati0n.com\/?page_id=269#breadcrumb","itemListElement":[{"@type":"ListItem","position":1,"name":"Home","item":"https:\/\/revelati0n.com\/"},{"@type":"ListItem","position":2,"name":"Anleitungen","item":"https:\/\/revelati0n.com\/?page_id=88"},{"@type":"ListItem","position":3,"name":"Patenzeichnung"}]},{"@type":"WebSite","@id":"https:\/\/revelati0n.com\/#website","url":"https:\/\/revelati0n.com\/","name":"ZrX - Revelation","description":"The Grand Mafia Guides - Tips - Tricks - Tutorials","publisher":{"@id":"https:\/\/revelati0n.com\/#organization"},"potentialAction":[{"@type":"SearchAction","target":{"@type":"EntryPoint","urlTemplate":"https:\/\/revelati0n.com\/?s={search_term_string}"},"query-input":{"@type":"PropertyValueSpecification","valueRequired":true,"valueName":"search_term_string"}}],"inLanguage":"de"},{"@type":"Organization","@id":"https:\/\/revelati0n.com\/#organization","name":"ZrX - Revelation","url":"https:\/\/revelati0n.com\/","logo":{"@type":"ImageObject","inLanguage":"de","@id":"https:\/\/revelati0n.com\/#\/schema\/logo\/image\/","url":"https:\/\/revelati0n.com\/wp-content\/uploads\/2022\/11\/logo.png","contentUrl":"https:\/\/revelati0n.com\/wp-content\/uploads\/2022\/11\/logo.png","width":183,"height":61,"caption":"ZrX - Revelation"},"image":{"@id":"https:\/\/revelati0n.com\/#\/schema\/logo\/image\/"}}]}},"_links":{"self":[{"href":"https:\/\/revelati0n.com\/index.php?rest_route=\/wp\/v2\/pages\/269","targetHints":{"allow":["GET"]}}],"collection":[{"href":"https:\/\/revelati0n.com\/index.php?rest_route=\/wp\/v2\/pages"}],"about":[{"href":"https:\/\/revelati0n.com\/index.php?rest_route=\/wp\/v2\/types\/page"}],"author":[{"embeddable":true,"href":"https:\/\/revelati0n.com\/index.php?rest_route=\/wp\/v2\/users\/1"}],"replies":[{"embeddable":true,"href":"https:\/\/revelati0n.com\/index.php?rest_route=%2Fwp%2Fv2%2Fcomments&post=269"}],"version-history":[{"count":3,"href":"https:\/\/revelati0n.com\/index.php?rest_route=\/wp\/v2\/pages\/269\/revisions"}],"predecessor-version":[{"id":383,"href":"https:\/\/revelati0n.com\/index.php?rest_route=\/wp\/v2\/pages\/269\/revisions\/383"}],"up":[{"embeddable":true,"href":"https:\/\/revelati0n.com\/index.php?rest_route=\/wp\/v2\/pages\/88"}],"wp:attachment":[{"href":"https:\/\/revelati0n.com\/index.php?rest_route=%2Fwp%2Fv2%2Fmedia&parent=269"}],"curies":[{"name":"wp","href":"https:\/\/api.w.org\/{rel}","templated":true}]}}