{"id":265,"date":"2025-04-15T01:41:39","date_gmt":"2025-04-14T23:41:39","guid":{"rendered":"https:\/\/revelati0n.com\/?page_id=265"},"modified":"2025-04-22T04:03:25","modified_gmt":"2025-04-22T02:03:25","slug":"bau-und-investverbesserung","status":"publish","type":"page","link":"https:\/\/revelati0n.com\/?page_id=265","title":{"rendered":"Bau und Investverbesserung"},"content":{"rendered":"<div class=\"messagesWrapper__36d07 group-spacing-16\">\n<div class=\"scroller__36d07 customTheme_d125d2 auto_d125d2 scrollerBase_d125d2 disableScrollAnchor_d125d2 managedReactiveScroller_d125d2\" dir=\"ltr\" tabindex=\"-1\" role=\"group\" data-jump-section=\"global\">\n<div class=\"scrollerContent__36d07 content_d125d2\">\n<div class=\"message__5126c cozyMessage__5126c groupStart__5126c wrapper_c19a55 cozy_c19a55 zalgo_c19a55\" tabindex=\"-1\" role=\"article\" data-list-item-id=\"chat-messages___chat-messages-1360683919527248131-1360689492658487478\" aria-setsize=\"-1\" aria-roledescription=\"Nachricht\" aria-labelledby=\"message-username-1360689492658487478 uid_1 message-content-1360689492658487478 uid_2 message-timestamp-1360689492658487478\">\n<div class=\"contents_c19a55\">\n<div id=\"message-content-1360689492658487478\" class=\"markup__75297 messageContent_c19a55\">Zum Erreichen der optimalen Unterst\u00fctzung von Bau-, Invest- &amp; Trainingsgeschwindigkeit, ist die Vergabe von Begabungspunkten essentiell wichtig. Hierf\u00fcr sollte man am Anfang immer nur ein Begabungspunkt investieren, um nicht unn\u00f6tig Punkte zu Verbrauchen. Zun\u00e4chst lassen sich neue Verbesserungsstr\u00e4nge bereits ab 2 Begabungspunkten \u00f6ffnen, sp\u00e4ter ab 5 Punkten. Ziel sollte sein, die Geschwindgkeit-Buttons schnell freizuschalten und zu maximieren. Falls Ihr die Begabung zur\u00fccksetzen wollt um die Geschwindigkeit zu optimieren ben\u00f6tigt ihr Begabungszur\u00fccksetzer, welche ihr im Clan-Shop f\u00fcr 90k Clanm\u00fcnzen erhalten k\u00f6nnt.<\/div>\n<div><\/div>\n<\/div>\n<\/div>\n<div class=\"message__5126c cozyMessage__5126c wrapper_c19a55 cozy_c19a55 zalgo_c19a55\" tabindex=\"-1\" role=\"article\" data-list-item-id=\"chat-messages___chat-messages-1360683919527248131-1360689629623353628\" aria-setsize=\"-1\" aria-roledescription=\"Nachricht\" aria-labelledby=\"message-username-1360689492658487478 uid_1 message-accessories-1360689629623353628 uid_2 message-timestamp-1360689629623353628\">\n<div id=\"message-accessories-1360689629623353628\" class=\"container_b7e1cb\">\n<div class=\"visualMediaItemContainer_f4758a\">\n<div class=\"oneByOneGrid_f4758a oneByOneGridSingle_f4758a\">\n<div class=\"mosaicItem__6c706 mosaicItemNoJustify__6c706 mosaicItemMediaMosaic__6c706 hideOverflow__6c706\">\n<div class=\"imageContent__0f481 embedWrapper_b7e1cb itemContentContainer_f4758a mosaicItemContent__6c706\">\n<div class=\"imageContainer__0f481\">\n<div class=\"imageWrapper_af017a imageZoom_af017a clickable_af017a lazyImgContainer_f4758a\">\n<div class=\"clickableWrapper_af017a\" tabindex=\"0\" role=\"button\" aria-label=\"Bild\" aria-describedby=\"uid_4\">\n<div class=\"loadingOverlay_af017a\"><img loading=\"lazy\" decoding=\"async\" class=\"alignnone size-full wp-image-374\" src=\"https:\/\/revelati0n.com\/wp-content\/uploads\/2025\/04\/bau_invest_1.png\" alt=\"\" width=\"870\" height=\"1884\" srcset=\"https:\/\/revelati0n.com\/wp-content\/uploads\/2025\/04\/bau_invest_1.png 870w, https:\/\/revelati0n.com\/wp-content\/uploads\/2025\/04\/bau_invest_1-139x300.png 139w, https:\/\/revelati0n.com\/wp-content\/uploads\/2025\/04\/bau_invest_1-473x1024.png 473w, https:\/\/revelati0n.com\/wp-content\/uploads\/2025\/04\/bau_invest_1-768x1663.png 768w, https:\/\/revelati0n.com\/wp-content\/uploads\/2025\/04\/bau_invest_1-709x1536.png 709w, https:\/\/revelati0n.com\/wp-content\/uploads\/2025\/04\/bau_invest_1-125x270.png 125w\" sizes=\"auto, (max-width: 870px) 100vw, 870px\" \/><\/div>\n<\/div>\n<\/div>\n<div class=\"hoverButtonGroup__06ab4\">\n<div class=\"hoverButton__06ab4\" tabindex=\"0\" role=\"button\" aria-label=\"Bild mit Apps bearbeiten\">\n<div class=\"lottieIcon__5eb9b lottieIconColors__5eb9b\"><\/div>\n<\/div>\n<\/div>\n<\/div>\n<\/div>\n<\/div>\n<\/div>\n<\/div>\n<\/div>\n<\/div>\n<div class=\"message__5126c cozyMessage__5126c wrapper_c19a55 cozy_c19a55 zalgo_c19a55\" tabindex=\"-1\" role=\"article\" data-list-item-id=\"chat-messages___chat-messages-1360683919527248131-1360689663605473473\" aria-setsize=\"-1\" aria-roledescription=\"Nachricht\" aria-labelledby=\"message-username-1360689492658487478 uid_1 message-accessories-1360689663605473473 uid_2 message-timestamp-1360689663605473473\">\n<div id=\"message-accessories-1360689663605473473\" class=\"container_b7e1cb\">\n<div class=\"visualMediaItemContainer_f4758a\">\n<div class=\"oneByOneGrid_f4758a oneByOneGridSingle_f4758a\">\n<div class=\"mosaicItem__6c706 mosaicItemNoJustify__6c706 mosaicItemMediaMosaic__6c706 hideOverflow__6c706\">\n<div class=\"imageContent__0f481 embedWrapper_b7e1cb itemContentContainer_f4758a mosaicItemContent__6c706\">\n<div class=\"imageContainer__0f481\">\n<div class=\"imageWrapper_af017a imageZoom_af017a clickable_af017a lazyImgContainer_f4758a\">\n<div class=\"clickableWrapper_af017a\" tabindex=\"0\" role=\"button\" aria-label=\"Bild\" aria-describedby=\"uid_4\">\n<div class=\"loadingOverlay_af017a\"><img loading=\"lazy\" decoding=\"async\" class=\"alignnone size-full wp-image-372\" src=\"https:\/\/revelati0n.com\/wp-content\/uploads\/2025\/04\/bau_invest_2.png\" alt=\"\" width=\"870\" height=\"1884\" srcset=\"https:\/\/revelati0n.com\/wp-content\/uploads\/2025\/04\/bau_invest_2.png 870w, https:\/\/revelati0n.com\/wp-content\/uploads\/2025\/04\/bau_invest_2-139x300.png 139w, https:\/\/revelati0n.com\/wp-content\/uploads\/2025\/04\/bau_invest_2-473x1024.png 473w, https:\/\/revelati0n.com\/wp-content\/uploads\/2025\/04\/bau_invest_2-768x1663.png 768w, https:\/\/revelati0n.com\/wp-content\/uploads\/2025\/04\/bau_invest_2-709x1536.png 709w, https:\/\/revelati0n.com\/wp-content\/uploads\/2025\/04\/bau_invest_2-125x270.png 125w\" sizes=\"auto, (max-width: 870px) 100vw, 870px\" \/><\/div>\n<\/div>\n<\/div>\n<div class=\"hoverButtonGroup__06ab4\">\n<div class=\"hoverButton__06ab4\" tabindex=\"0\" role=\"button\" aria-label=\"Bild mit Apps bearbeiten\">\n<div class=\"lottieIcon__5eb9b lottieIconColors__5eb9b\"><\/div>\n<\/div>\n<\/div>\n<\/div>\n<\/div>\n<\/div>\n<\/div>\n<\/div>\n<\/div>\n<\/div>\n<div class=\"message__5126c cozyMessage__5126c wrapper_c19a55 cozy_c19a55 zalgo_c19a55\" tabindex=\"-1\" role=\"article\" data-list-item-id=\"chat-messages___chat-messages-1360683919527248131-1360689735198310693\" aria-setsize=\"-1\" aria-roledescription=\"Nachricht\" aria-labelledby=\"message-username-1360689492658487478 uid_1 message-accessories-1360689735198310693 uid_2 message-timestamp-1360689735198310693\">\n<div id=\"message-accessories-1360689735198310693\" class=\"container_b7e1cb\">\n<div class=\"visualMediaItemContainer_f4758a\">\n<div class=\"oneByOneGrid_f4758a oneByOneGridSingle_f4758a\">\n<div class=\"mosaicItem__6c706 mosaicItemNoJustify__6c706 mosaicItemMediaMosaic__6c706 hideOverflow__6c706\">\n<div class=\"imageContent__0f481 embedWrapper_b7e1cb itemContentContainer_f4758a mosaicItemContent__6c706\">\n<div class=\"imageContainer__0f481\">\n<div class=\"imageWrapper_af017a imageZoom_af017a clickable_af017a lazyImgContainer_f4758a\">\n<div class=\"clickableWrapper_af017a\" tabindex=\"0\" role=\"button\" aria-label=\"Bild\" aria-describedby=\"uid_4\">\n<div class=\"loadingOverlay_af017a\"><img loading=\"lazy\" decoding=\"async\" class=\"alignnone size-full wp-image-373\" src=\"https:\/\/revelati0n.com\/wp-content\/uploads\/2025\/04\/bau_invest_3.png\" alt=\"\" width=\"870\" height=\"1884\" srcset=\"https:\/\/revelati0n.com\/wp-content\/uploads\/2025\/04\/bau_invest_3.png 870w, https:\/\/revelati0n.com\/wp-content\/uploads\/2025\/04\/bau_invest_3-139x300.png 139w, https:\/\/revelati0n.com\/wp-content\/uploads\/2025\/04\/bau_invest_3-473x1024.png 473w, https:\/\/revelati0n.com\/wp-content\/uploads\/2025\/04\/bau_invest_3-768x1663.png 768w, https:\/\/revelati0n.com\/wp-content\/uploads\/2025\/04\/bau_invest_3-709x1536.png 709w, https:\/\/revelati0n.com\/wp-content\/uploads\/2025\/04\/bau_invest_3-125x270.png 125w\" sizes=\"auto, (max-width: 870px) 100vw, 870px\" \/><\/div>\n<\/div>\n<\/div>\n<div class=\"hoverButtonGroup__06ab4\">\n<div class=\"hoverButton__06ab4\" tabindex=\"0\" role=\"button\" aria-label=\"Bild mit Apps bearbeiten\">\n<div class=\"lottieIcon__5eb9b lottieIconColors__5eb9b\"><\/div>\n<\/div>\n<\/div>\n<\/div>\n<\/div>\n<\/div>\n<\/div>\n<\/div>\n<\/div>\n<\/div>\n<\/div>\n<\/div>\n<\/div>\n","protected":false},"excerpt":{"rendered":"<p>Zum Erreichen der optimalen Unterst\u00fctzung von Bau-, Invest- &amp; Trainingsgeschwindigkeit, ist die Vergabe von Begabungspunkten essentiell wichtig. Hierf\u00fcr sollte man am Anfang immer nur ein Begabungspunkt investieren, um nicht unn\u00f6tig Punkte zu Verbrauchen. Zun\u00e4chst lassen sich neue Verbesserungsstr\u00e4nge bereits ab 2 Begabungspunkten \u00f6ffnen, sp\u00e4ter ab 5 Punkten. Ziel sollte sein, die Geschwindgkeit-Buttons schnell freizuschalten und zu maximieren. Falls Ihr die Begabung zur\u00fccksetzen wollt um die Geschwindigkeit zu optimieren ben\u00f6tigt ihr Begabungszur\u00fccksetzer, welche ihr im Clan-Shop f\u00fcr 90k Clanm\u00fcnzen erhalten k\u00f6nnt.<\/p>\n","protected":false},"author":1,"featured_media":0,"parent":88,"menu_order":0,"comment_status":"closed","ping_status":"closed","template":"","meta":{"footnotes":""},"class_list":["post-265","page","type-page","status-publish","hentry"],"yoast_head":"<!-- This site is optimized with the Yoast SEO plugin v26.4 - https:\/\/yoast.com\/wordpress\/plugins\/seo\/ -->\n<title>Bau und Investverbesserung - ZrX - Revelation<\/title>\n<meta name=\"robots\" content=\"index, follow, max-snippet:-1, max-image-preview:large, max-video-preview:-1\" \/>\n<link rel=\"canonical\" href=\"https:\/\/revelati0n.com\/?page_id=265\" \/>\n<meta property=\"og:locale\" content=\"de_DE\" \/>\n<meta property=\"og:type\" content=\"article\" \/>\n<meta property=\"og:title\" content=\"Bau und Investverbesserung - ZrX - Revelation\" \/>\n<meta property=\"og:description\" content=\"Zum Erreichen der optimalen Unterst\u00fctzung von Bau-, Invest- &amp; Trainingsgeschwindigkeit, ist die Vergabe von Begabungspunkten essentiell wichtig. Hierf\u00fcr sollte man am Anfang immer nur ein Begabungspunkt investieren, um nicht unn\u00f6tig Punkte zu Verbrauchen. Zun\u00e4chst lassen sich neue Verbesserungsstr\u00e4nge bereits ab 2 Begabungspunkten \u00f6ffnen, sp\u00e4ter ab 5 Punkten. Ziel sollte sein, die Geschwindgkeit-Buttons schnell freizuschalten und zu maximieren. Falls Ihr die Begabung zur\u00fccksetzen wollt um die Geschwindigkeit zu optimieren ben\u00f6tigt ihr Begabungszur\u00fccksetzer, welche ihr im Clan-Shop f\u00fcr 90k Clanm\u00fcnzen erhalten k\u00f6nnt.\" \/>\n<meta property=\"og:url\" content=\"https:\/\/revelati0n.com\/?page_id=265\" \/>\n<meta property=\"og:site_name\" content=\"ZrX - Revelation\" \/>\n<meta property=\"article:modified_time\" content=\"2025-04-22T02:03:25+00:00\" \/>\n<meta property=\"og:image\" content=\"https:\/\/revelati0n.com\/wp-content\/uploads\/2025\/04\/bau_invest_1.png\" \/>\n\t<meta property=\"og:image:width\" content=\"870\" \/>\n\t<meta property=\"og:image:height\" content=\"1884\" \/>\n\t<meta property=\"og:image:type\" content=\"image\/png\" \/>\n<meta name=\"twitter:card\" content=\"summary_large_image\" \/>\n<meta name=\"twitter:label1\" content=\"Gesch\u00e4tzte Lesezeit\" \/>\n\t<meta name=\"twitter:data1\" content=\"2\u00a0Minuten\" \/>\n<script type=\"application\/ld+json\" class=\"yoast-schema-graph\">{\"@context\":\"https:\/\/schema.org\",\"@graph\":[{\"@type\":\"WebPage\",\"@id\":\"https:\/\/revelati0n.com\/?page_id=265\",\"url\":\"https:\/\/revelati0n.com\/?page_id=265\",\"name\":\"Bau und Investverbesserung - ZrX - Revelation\",\"isPartOf\":{\"@id\":\"https:\/\/revelati0n.com\/#website\"},\"primaryImageOfPage\":{\"@id\":\"https:\/\/revelati0n.com\/?page_id=265#primaryimage\"},\"image\":{\"@id\":\"https:\/\/revelati0n.com\/?page_id=265#primaryimage\"},\"thumbnailUrl\":\"https:\/\/revelati0n.com\/wp-content\/uploads\/2025\/04\/bau_invest_1.png\",\"datePublished\":\"2025-04-14T23:41:39+00:00\",\"dateModified\":\"2025-04-22T02:03:25+00:00\",\"breadcrumb\":{\"@id\":\"https:\/\/revelati0n.com\/?page_id=265#breadcrumb\"},\"inLanguage\":\"de\",\"potentialAction\":[{\"@type\":\"ReadAction\",\"target\":[\"https:\/\/revelati0n.com\/?page_id=265\"]}]},{\"@type\":\"ImageObject\",\"inLanguage\":\"de\",\"@id\":\"https:\/\/revelati0n.com\/?page_id=265#primaryimage\",\"url\":\"https:\/\/revelati0n.com\/wp-content\/uploads\/2025\/04\/bau_invest_1.png\",\"contentUrl\":\"https:\/\/revelati0n.com\/wp-content\/uploads\/2025\/04\/bau_invest_1.png\",\"width\":870,\"height\":1884},{\"@type\":\"BreadcrumbList\",\"@id\":\"https:\/\/revelati0n.com\/?page_id=265#breadcrumb\",\"itemListElement\":[{\"@type\":\"ListItem\",\"position\":1,\"name\":\"Home\",\"item\":\"https:\/\/revelati0n.com\/\"},{\"@type\":\"ListItem\",\"position\":2,\"name\":\"Anleitungen\",\"item\":\"https:\/\/revelati0n.com\/?page_id=88\"},{\"@type\":\"ListItem\",\"position\":3,\"name\":\"Bau und Investverbesserung\"}]},{\"@type\":\"WebSite\",\"@id\":\"https:\/\/revelati0n.com\/#website\",\"url\":\"https:\/\/revelati0n.com\/\",\"name\":\"ZrX - Revelation\",\"description\":\"The Grand Mafia Guides - Tips - Tricks - Tutorials\",\"publisher\":{\"@id\":\"https:\/\/revelati0n.com\/#organization\"},\"potentialAction\":[{\"@type\":\"SearchAction\",\"target\":{\"@type\":\"EntryPoint\",\"urlTemplate\":\"https:\/\/revelati0n.com\/?s={search_term_string}\"},\"query-input\":{\"@type\":\"PropertyValueSpecification\",\"valueRequired\":true,\"valueName\":\"search_term_string\"}}],\"inLanguage\":\"de\"},{\"@type\":\"Organization\",\"@id\":\"https:\/\/revelati0n.com\/#organization\",\"name\":\"ZrX - Revelation\",\"url\":\"https:\/\/revelati0n.com\/\",\"logo\":{\"@type\":\"ImageObject\",\"inLanguage\":\"de\",\"@id\":\"https:\/\/revelati0n.com\/#\/schema\/logo\/image\/\",\"url\":\"https:\/\/revelati0n.com\/wp-content\/uploads\/2022\/11\/logo.png\",\"contentUrl\":\"https:\/\/revelati0n.com\/wp-content\/uploads\/2022\/11\/logo.png\",\"width\":183,\"height\":61,\"caption\":\"ZrX - Revelation\"},\"image\":{\"@id\":\"https:\/\/revelati0n.com\/#\/schema\/logo\/image\/\"}}]}<\/script>\n<!-- \/ Yoast SEO plugin. -->","yoast_head_json":{"title":"Bau und Investverbesserung - ZrX - Revelation","robots":{"index":"index","follow":"follow","max-snippet":"max-snippet:-1","max-image-preview":"max-image-preview:large","max-video-preview":"max-video-preview:-1"},"canonical":"https:\/\/revelati0n.com\/?page_id=265","og_locale":"de_DE","og_type":"article","og_title":"Bau und Investverbesserung - ZrX - Revelation","og_description":"Zum Erreichen der optimalen Unterst\u00fctzung von Bau-, Invest- &amp; Trainingsgeschwindigkeit, ist die Vergabe von Begabungspunkten essentiell wichtig. Hierf\u00fcr sollte man am Anfang immer nur ein Begabungspunkt investieren, um nicht unn\u00f6tig Punkte zu Verbrauchen. Zun\u00e4chst lassen sich neue Verbesserungsstr\u00e4nge bereits ab 2 Begabungspunkten \u00f6ffnen, sp\u00e4ter ab 5 Punkten. Ziel sollte sein, die Geschwindgkeit-Buttons schnell freizuschalten und zu maximieren. Falls Ihr die Begabung zur\u00fccksetzen wollt um die Geschwindigkeit zu optimieren ben\u00f6tigt ihr Begabungszur\u00fccksetzer, welche ihr im Clan-Shop f\u00fcr 90k Clanm\u00fcnzen erhalten k\u00f6nnt.","og_url":"https:\/\/revelati0n.com\/?page_id=265","og_site_name":"ZrX - Revelation","article_modified_time":"2025-04-22T02:03:25+00:00","og_image":[{"width":870,"height":1884,"url":"https:\/\/revelati0n.com\/wp-content\/uploads\/2025\/04\/bau_invest_1.png","type":"image\/png"}],"twitter_card":"summary_large_image","twitter_misc":{"Gesch\u00e4tzte Lesezeit":"2\u00a0Minuten"},"schema":{"@context":"https:\/\/schema.org","@graph":[{"@type":"WebPage","@id":"https:\/\/revelati0n.com\/?page_id=265","url":"https:\/\/revelati0n.com\/?page_id=265","name":"Bau und Investverbesserung - ZrX - Revelation","isPartOf":{"@id":"https:\/\/revelati0n.com\/#website"},"primaryImageOfPage":{"@id":"https:\/\/revelati0n.com\/?page_id=265#primaryimage"},"image":{"@id":"https:\/\/revelati0n.com\/?page_id=265#primaryimage"},"thumbnailUrl":"https:\/\/revelati0n.com\/wp-content\/uploads\/2025\/04\/bau_invest_1.png","datePublished":"2025-04-14T23:41:39+00:00","dateModified":"2025-04-22T02:03:25+00:00","breadcrumb":{"@id":"https:\/\/revelati0n.com\/?page_id=265#breadcrumb"},"inLanguage":"de","potentialAction":[{"@type":"ReadAction","target":["https:\/\/revelati0n.com\/?page_id=265"]}]},{"@type":"ImageObject","inLanguage":"de","@id":"https:\/\/revelati0n.com\/?page_id=265#primaryimage","url":"https:\/\/revelati0n.com\/wp-content\/uploads\/2025\/04\/bau_invest_1.png","contentUrl":"https:\/\/revelati0n.com\/wp-content\/uploads\/2025\/04\/bau_invest_1.png","width":870,"height":1884},{"@type":"BreadcrumbList","@id":"https:\/\/revelati0n.com\/?page_id=265#breadcrumb","itemListElement":[{"@type":"ListItem","position":1,"name":"Home","item":"https:\/\/revelati0n.com\/"},{"@type":"ListItem","position":2,"name":"Anleitungen","item":"https:\/\/revelati0n.com\/?page_id=88"},{"@type":"ListItem","position":3,"name":"Bau und Investverbesserung"}]},{"@type":"WebSite","@id":"https:\/\/revelati0n.com\/#website","url":"https:\/\/revelati0n.com\/","name":"ZrX - Revelation","description":"The Grand Mafia Guides - Tips - Tricks - Tutorials","publisher":{"@id":"https:\/\/revelati0n.com\/#organization"},"potentialAction":[{"@type":"SearchAction","target":{"@type":"EntryPoint","urlTemplate":"https:\/\/revelati0n.com\/?s={search_term_string}"},"query-input":{"@type":"PropertyValueSpecification","valueRequired":true,"valueName":"search_term_string"}}],"inLanguage":"de"},{"@type":"Organization","@id":"https:\/\/revelati0n.com\/#organization","name":"ZrX - Revelation","url":"https:\/\/revelati0n.com\/","logo":{"@type":"ImageObject","inLanguage":"de","@id":"https:\/\/revelati0n.com\/#\/schema\/logo\/image\/","url":"https:\/\/revelati0n.com\/wp-content\/uploads\/2022\/11\/logo.png","contentUrl":"https:\/\/revelati0n.com\/wp-content\/uploads\/2022\/11\/logo.png","width":183,"height":61,"caption":"ZrX - Revelation"},"image":{"@id":"https:\/\/revelati0n.com\/#\/schema\/logo\/image\/"}}]}},"_links":{"self":[{"href":"https:\/\/revelati0n.com\/index.php?rest_route=\/wp\/v2\/pages\/265","targetHints":{"allow":["GET"]}}],"collection":[{"href":"https:\/\/revelati0n.com\/index.php?rest_route=\/wp\/v2\/pages"}],"about":[{"href":"https:\/\/revelati0n.com\/index.php?rest_route=\/wp\/v2\/types\/page"}],"author":[{"embeddable":true,"href":"https:\/\/revelati0n.com\/index.php?rest_route=\/wp\/v2\/users\/1"}],"replies":[{"embeddable":true,"href":"https:\/\/revelati0n.com\/index.php?rest_route=%2Fwp%2Fv2%2Fcomments&post=265"}],"version-history":[{"count":3,"href":"https:\/\/revelati0n.com\/index.php?rest_route=\/wp\/v2\/pages\/265\/revisions"}],"predecessor-version":[{"id":376,"href":"https:\/\/revelati0n.com\/index.php?rest_route=\/wp\/v2\/pages\/265\/revisions\/376"}],"up":[{"embeddable":true,"href":"https:\/\/revelati0n.com\/index.php?rest_route=\/wp\/v2\/pages\/88"}],"wp:attachment":[{"href":"https:\/\/revelati0n.com\/index.php?rest_route=%2Fwp%2Fv2%2Fmedia&parent=265"}],"curies":[{"name":"wp","href":"https:\/\/api.w.org\/{rel}","templated":true}]}}