{"id":255,"date":"2025-04-15T01:13:48","date_gmt":"2025-04-14T23:13:48","guid":{"rendered":"https:\/\/revelati0n.com\/?page_id=255"},"modified":"2025-04-22T03:48:41","modified_gmt":"2025-04-22T01:48:41","slug":"eigenschutz","status":"publish","type":"page","link":"https:\/\/revelati0n.com\/?page_id=255","title":{"rendered":"Eigenschutz"},"content":{"rendered":"<p>W\u00e4hrend des Krieges von Feinden angegriffen zu werden, ist unvermeidlich. Was sind also die besten M\u00f6glichkeiten, damit umzugehen?<br \/>\nAls erstes k\u00f6nnt Ihr entscheiden, ob Ihr einen Kampf beginnen oder vermeiden m\u00f6chtet, abh\u00e4ngig vom Einflussunterschied.<\/p>\n<p>Wenn ihr entscheidet das Risiko nicht eingehen zu wollen gibt es verschiedene M\u00f6glichkeiten dem Kampf aus dem Weg zu gehen.<br \/>\nDie erste und effizienteste M\u00f6glichkeit ist das verwenden eines Schildes.<\/p>\n<p><img loading=\"lazy\" decoding=\"async\" class=\"alignnone size-full wp-image-349\" src=\"https:\/\/revelati0n.com\/wp-content\/uploads\/2025\/04\/eigenschutz_1.png\" alt=\"\" width=\"1080\" height=\"213\" srcset=\"https:\/\/revelati0n.com\/wp-content\/uploads\/2025\/04\/eigenschutz_1.png 1080w, https:\/\/revelati0n.com\/wp-content\/uploads\/2025\/04\/eigenschutz_1-300x59.png 300w, https:\/\/revelati0n.com\/wp-content\/uploads\/2025\/04\/eigenschutz_1-1024x202.png 1024w, https:\/\/revelati0n.com\/wp-content\/uploads\/2025\/04\/eigenschutz_1-768x151.png 768w, https:\/\/revelati0n.com\/wp-content\/uploads\/2025\/04\/eigenschutz_1-604x119.png 604w\" sizes=\"auto, (max-width: 1080px) 100vw, 1080px\" \/><\/p>\n<p><img loading=\"lazy\" decoding=\"async\" class=\"alignnone size-full wp-image-350\" src=\"https:\/\/revelati0n.com\/wp-content\/uploads\/2025\/04\/eigenschutz_2.png\" alt=\"\" width=\"662\" height=\"224\" srcset=\"https:\/\/revelati0n.com\/wp-content\/uploads\/2025\/04\/eigenschutz_2.png 662w, https:\/\/revelati0n.com\/wp-content\/uploads\/2025\/04\/eigenschutz_2-300x102.png 300w, https:\/\/revelati0n.com\/wp-content\/uploads\/2025\/04\/eigenschutz_2-604x204.png 604w\" sizes=\"auto, (max-width: 662px) 100vw, 662px\" \/><\/p>\n<p>Die Schilde haben verschiedene Wirkungszeiten wie ihr an den beiden Bildern sehen k\u00f6nnt. Die Zeiten k\u00f6nnen nicht gestapelt werden, das bedeutet ein neues Schild ersetzt das alte.<br \/>\nSchilde werden deaktiviert sobald ihr in den W\u00fctenden Kampf wechselt oder euch einem Raid eines anderen Spielers anschlie\u00dft.<br \/>\nWenn ihr kein Schild verwenden wollt oder k\u00f6nnt ist es ratsam die Zuflucht zu verwenden.<\/p>\n<p><img loading=\"lazy\" decoding=\"async\" class=\"alignnone size-full wp-image-351\" src=\"https:\/\/revelati0n.com\/wp-content\/uploads\/2025\/04\/eigenschutz_3.png\" alt=\"\" width=\"317\" height=\"293\" srcset=\"https:\/\/revelati0n.com\/wp-content\/uploads\/2025\/04\/eigenschutz_3.png 317w, https:\/\/revelati0n.com\/wp-content\/uploads\/2025\/04\/eigenschutz_3-300x277.png 300w, https:\/\/revelati0n.com\/wp-content\/uploads\/2025\/04\/eigenschutz_3-292x270.png 292w\" sizes=\"auto, (max-width: 317px) 100vw, 317px\" \/><\/p>\n<p>Wenn ihr die Zuflucht verwendet bringt euren UB mit dort rein. So kann er im Falle eines Angriffes nicht gefangen genommen werden.<br \/>\n<img loading=\"lazy\" decoding=\"async\" class=\"alignnone size-full wp-image-352\" src=\"https:\/\/revelati0n.com\/wp-content\/uploads\/2025\/04\/eigenschutz_4.png\" alt=\"\" width=\"941\" height=\"688\" srcset=\"https:\/\/revelati0n.com\/wp-content\/uploads\/2025\/04\/eigenschutz_4.png 941w, https:\/\/revelati0n.com\/wp-content\/uploads\/2025\/04\/eigenschutz_4-300x219.png 300w, https:\/\/revelati0n.com\/wp-content\/uploads\/2025\/04\/eigenschutz_4-768x562.png 768w, https:\/\/revelati0n.com\/wp-content\/uploads\/2025\/04\/eigenschutz_4-369x270.png 369w\" sizes=\"auto, (max-width: 941px) 100vw, 941px\" \/><\/p>\n<p><img loading=\"lazy\" decoding=\"async\" class=\"alignnone size-full wp-image-353\" src=\"https:\/\/revelati0n.com\/wp-content\/uploads\/2025\/04\/eigenschutz_5.png\" alt=\"\" width=\"939\" height=\"668\" srcset=\"https:\/\/revelati0n.com\/wp-content\/uploads\/2025\/04\/eigenschutz_5.png 939w, https:\/\/revelati0n.com\/wp-content\/uploads\/2025\/04\/eigenschutz_5-300x213.png 300w, https:\/\/revelati0n.com\/wp-content\/uploads\/2025\/04\/eigenschutz_5-768x546.png 768w, https:\/\/revelati0n.com\/wp-content\/uploads\/2025\/04\/eigenschutz_5-380x270.png 380w\" sizes=\"auto, (max-width: 939px) 100vw, 939px\" \/><\/p>\n<p>Die max. Schutzzeit f\u00fcr den Zufluchtsort betr\u00e4gt 12 Stunden.<\/p>\n<p><img loading=\"lazy\" decoding=\"async\" class=\"alignnone size-full wp-image-354\" src=\"https:\/\/revelati0n.com\/wp-content\/uploads\/2025\/04\/eigenschutz_6.png\" alt=\"\" width=\"917\" height=\"964\" srcset=\"https:\/\/revelati0n.com\/wp-content\/uploads\/2025\/04\/eigenschutz_6.png 917w, https:\/\/revelati0n.com\/wp-content\/uploads\/2025\/04\/eigenschutz_6-285x300.png 285w, https:\/\/revelati0n.com\/wp-content\/uploads\/2025\/04\/eigenschutz_6-768x807.png 768w, https:\/\/revelati0n.com\/wp-content\/uploads\/2025\/04\/eigenschutz_6-257x270.png 257w\" sizes=\"auto, (max-width: 917px) 100vw, 917px\" \/><\/p>\n<p>Wenn ihr die Zuflucht verwendet bringt euren UB mit dort rein. So kann er im Falle eines Angriffes nicht gefangen genommen werden.<\/p>\n<p><img loading=\"lazy\" decoding=\"async\" class=\"alignnone size-full wp-image-355\" src=\"https:\/\/revelati0n.com\/wp-content\/uploads\/2025\/04\/eigenschutz_7.png\" alt=\"\" width=\"1080\" height=\"1982\" srcset=\"https:\/\/revelati0n.com\/wp-content\/uploads\/2025\/04\/eigenschutz_7.png 1080w, https:\/\/revelati0n.com\/wp-content\/uploads\/2025\/04\/eigenschutz_7-163x300.png 163w, https:\/\/revelati0n.com\/wp-content\/uploads\/2025\/04\/eigenschutz_7-558x1024.png 558w, https:\/\/revelati0n.com\/wp-content\/uploads\/2025\/04\/eigenschutz_7-768x1409.png 768w, https:\/\/revelati0n.com\/wp-content\/uploads\/2025\/04\/eigenschutz_7-837x1536.png 837w, https:\/\/revelati0n.com\/wp-content\/uploads\/2025\/04\/eigenschutz_7-147x270.png 147w\" sizes=\"auto, (max-width: 1080px) 100vw, 1080px\" \/><\/p>\n<p>Habt ihr mehr Truppen als in eure Zuflucht passen versucht Spieler zu finden die Schild nutzen und denen ihr vertraut. Verst\u00e4rkt diese Spieler mit den restlichen Truppen bis eure Villa leer ist.<\/p>\n<p>Des Weiteren gew\u00f6hnt euch bitte an Anti-Erkundung zu aktivieren. So k\u00f6nnen Gegner nicht sehen was oder wer sich in eurer Villa befindet und viele schrecken vor einem Angriff zur\u00fcck (gilt nicht f\u00fcr alle Gegner)<\/p>\n<p><img loading=\"lazy\" decoding=\"async\" class=\"alignnone size-full wp-image-356\" src=\"https:\/\/revelati0n.com\/wp-content\/uploads\/2025\/04\/eigenschutz_8.png\" alt=\"\" width=\"1080\" height=\"1283\" srcset=\"https:\/\/revelati0n.com\/wp-content\/uploads\/2025\/04\/eigenschutz_8.png 1080w, https:\/\/revelati0n.com\/wp-content\/uploads\/2025\/04\/eigenschutz_8-253x300.png 253w, https:\/\/revelati0n.com\/wp-content\/uploads\/2025\/04\/eigenschutz_8-862x1024.png 862w, https:\/\/revelati0n.com\/wp-content\/uploads\/2025\/04\/eigenschutz_8-768x912.png 768w, https:\/\/revelati0n.com\/wp-content\/uploads\/2025\/04\/eigenschutz_8-227x270.png 227w\" sizes=\"auto, (max-width: 1080px) 100vw, 1080px\" \/><\/p>\n","protected":false},"excerpt":{"rendered":"<p>W\u00e4hrend des Krieges von Feinden angegriffen zu werden, ist unvermeidlich. Was sind also die besten M\u00f6glichkeiten, damit umzugehen? Als erstes k\u00f6nnt Ihr entscheiden, ob Ihr einen Kampf beginnen oder vermeiden m\u00f6chtet, abh\u00e4ngig vom Einflussunterschied. Wenn ihr entscheidet das Risiko nicht eingehen zu wollen gibt es verschiedene M\u00f6glichkeiten dem Kampf aus dem Weg zu gehen. Die erste und effizienteste M\u00f6glichkeit ist das verwenden eines Schildes. Die Schilde haben verschiedene Wirkungszeiten wie ihr an den beiden Bildern sehen k\u00f6nnt. Die Zeiten k\u00f6nnen&#8230;<\/p>\n<p class=\"read-more\"><a class=\"btn btn-default\" href=\"https:\/\/revelati0n.com\/?page_id=255\">Weiterlesen<span class=\"screen-reader-text\"> Weiterlesen<\/span><\/a><\/p>\n","protected":false},"author":1,"featured_media":0,"parent":88,"menu_order":0,"comment_status":"closed","ping_status":"closed","template":"","meta":{"footnotes":""},"class_list":["post-255","page","type-page","status-publish","hentry"],"yoast_head":"<!-- This site is optimized with the Yoast SEO plugin v26.4 - https:\/\/yoast.com\/wordpress\/plugins\/seo\/ -->\n<title>Eigenschutz - ZrX - Revelation<\/title>\n<meta name=\"robots\" content=\"index, follow, max-snippet:-1, max-image-preview:large, max-video-preview:-1\" \/>\n<link rel=\"canonical\" href=\"https:\/\/revelati0n.com\/?page_id=255\" \/>\n<meta property=\"og:locale\" content=\"de_DE\" \/>\n<meta property=\"og:type\" content=\"article\" \/>\n<meta property=\"og:title\" content=\"Eigenschutz - ZrX - Revelation\" \/>\n<meta property=\"og:description\" content=\"W\u00e4hrend des Krieges von Feinden angegriffen zu werden, ist unvermeidlich. Was sind also die besten M\u00f6glichkeiten, damit umzugehen? Als erstes k\u00f6nnt Ihr entscheiden, ob Ihr einen Kampf beginnen oder vermeiden m\u00f6chtet, abh\u00e4ngig vom Einflussunterschied. Wenn ihr entscheidet das Risiko nicht eingehen zu wollen gibt es verschiedene M\u00f6glichkeiten dem Kampf aus dem Weg zu gehen. Die erste und effizienteste M\u00f6glichkeit ist das verwenden eines Schildes. Die Schilde haben verschiedene Wirkungszeiten wie ihr an den beiden Bildern sehen k\u00f6nnt. Die Zeiten k\u00f6nnen...Weiterlesen Weiterlesen\" \/>\n<meta property=\"og:url\" content=\"https:\/\/revelati0n.com\/?page_id=255\" \/>\n<meta property=\"og:site_name\" content=\"ZrX - Revelation\" \/>\n<meta property=\"article:modified_time\" content=\"2025-04-22T01:48:41+00:00\" \/>\n<meta property=\"og:image\" content=\"https:\/\/revelati0n.com\/wp-content\/uploads\/2025\/04\/eigenschutz_1.png\" \/>\n\t<meta property=\"og:image:width\" content=\"1080\" \/>\n\t<meta property=\"og:image:height\" content=\"213\" \/>\n\t<meta property=\"og:image:type\" content=\"image\/png\" \/>\n<meta name=\"twitter:card\" content=\"summary_large_image\" \/>\n<meta name=\"twitter:label1\" content=\"Gesch\u00e4tzte Lesezeit\" \/>\n\t<meta name=\"twitter:data1\" content=\"3\u00a0Minuten\" \/>\n<script type=\"application\/ld+json\" class=\"yoast-schema-graph\">{\"@context\":\"https:\/\/schema.org\",\"@graph\":[{\"@type\":\"WebPage\",\"@id\":\"https:\/\/revelati0n.com\/?page_id=255\",\"url\":\"https:\/\/revelati0n.com\/?page_id=255\",\"name\":\"Eigenschutz - ZrX - Revelation\",\"isPartOf\":{\"@id\":\"https:\/\/revelati0n.com\/#website\"},\"primaryImageOfPage\":{\"@id\":\"https:\/\/revelati0n.com\/?page_id=255#primaryimage\"},\"image\":{\"@id\":\"https:\/\/revelati0n.com\/?page_id=255#primaryimage\"},\"thumbnailUrl\":\"https:\/\/revelati0n.com\/wp-content\/uploads\/2025\/04\/eigenschutz_1.png\",\"datePublished\":\"2025-04-14T23:13:48+00:00\",\"dateModified\":\"2025-04-22T01:48:41+00:00\",\"breadcrumb\":{\"@id\":\"https:\/\/revelati0n.com\/?page_id=255#breadcrumb\"},\"inLanguage\":\"de\",\"potentialAction\":[{\"@type\":\"ReadAction\",\"target\":[\"https:\/\/revelati0n.com\/?page_id=255\"]}]},{\"@type\":\"ImageObject\",\"inLanguage\":\"de\",\"@id\":\"https:\/\/revelati0n.com\/?page_id=255#primaryimage\",\"url\":\"https:\/\/revelati0n.com\/wp-content\/uploads\/2025\/04\/eigenschutz_1.png\",\"contentUrl\":\"https:\/\/revelati0n.com\/wp-content\/uploads\/2025\/04\/eigenschutz_1.png\",\"width\":1080,\"height\":213},{\"@type\":\"BreadcrumbList\",\"@id\":\"https:\/\/revelati0n.com\/?page_id=255#breadcrumb\",\"itemListElement\":[{\"@type\":\"ListItem\",\"position\":1,\"name\":\"Home\",\"item\":\"https:\/\/revelati0n.com\/\"},{\"@type\":\"ListItem\",\"position\":2,\"name\":\"Anleitungen\",\"item\":\"https:\/\/revelati0n.com\/?page_id=88\"},{\"@type\":\"ListItem\",\"position\":3,\"name\":\"Eigenschutz\"}]},{\"@type\":\"WebSite\",\"@id\":\"https:\/\/revelati0n.com\/#website\",\"url\":\"https:\/\/revelati0n.com\/\",\"name\":\"ZrX - Revelation\",\"description\":\"The Grand Mafia Guides - Tips - Tricks - Tutorials\",\"publisher\":{\"@id\":\"https:\/\/revelati0n.com\/#organization\"},\"potentialAction\":[{\"@type\":\"SearchAction\",\"target\":{\"@type\":\"EntryPoint\",\"urlTemplate\":\"https:\/\/revelati0n.com\/?s={search_term_string}\"},\"query-input\":{\"@type\":\"PropertyValueSpecification\",\"valueRequired\":true,\"valueName\":\"search_term_string\"}}],\"inLanguage\":\"de\"},{\"@type\":\"Organization\",\"@id\":\"https:\/\/revelati0n.com\/#organization\",\"name\":\"ZrX - Revelation\",\"url\":\"https:\/\/revelati0n.com\/\",\"logo\":{\"@type\":\"ImageObject\",\"inLanguage\":\"de\",\"@id\":\"https:\/\/revelati0n.com\/#\/schema\/logo\/image\/\",\"url\":\"https:\/\/revelati0n.com\/wp-content\/uploads\/2022\/11\/logo.png\",\"contentUrl\":\"https:\/\/revelati0n.com\/wp-content\/uploads\/2022\/11\/logo.png\",\"width\":183,\"height\":61,\"caption\":\"ZrX - Revelation\"},\"image\":{\"@id\":\"https:\/\/revelati0n.com\/#\/schema\/logo\/image\/\"}}]}<\/script>\n<!-- \/ Yoast SEO plugin. -->","yoast_head_json":{"title":"Eigenschutz - ZrX - Revelation","robots":{"index":"index","follow":"follow","max-snippet":"max-snippet:-1","max-image-preview":"max-image-preview:large","max-video-preview":"max-video-preview:-1"},"canonical":"https:\/\/revelati0n.com\/?page_id=255","og_locale":"de_DE","og_type":"article","og_title":"Eigenschutz - ZrX - Revelation","og_description":"W\u00e4hrend des Krieges von Feinden angegriffen zu werden, ist unvermeidlich. Was sind also die besten M\u00f6glichkeiten, damit umzugehen? Als erstes k\u00f6nnt Ihr entscheiden, ob Ihr einen Kampf beginnen oder vermeiden m\u00f6chtet, abh\u00e4ngig vom Einflussunterschied. Wenn ihr entscheidet das Risiko nicht eingehen zu wollen gibt es verschiedene M\u00f6glichkeiten dem Kampf aus dem Weg zu gehen. Die erste und effizienteste M\u00f6glichkeit ist das verwenden eines Schildes. Die Schilde haben verschiedene Wirkungszeiten wie ihr an den beiden Bildern sehen k\u00f6nnt. Die Zeiten k\u00f6nnen...Weiterlesen Weiterlesen","og_url":"https:\/\/revelati0n.com\/?page_id=255","og_site_name":"ZrX - Revelation","article_modified_time":"2025-04-22T01:48:41+00:00","og_image":[{"width":1080,"height":213,"url":"https:\/\/revelati0n.com\/wp-content\/uploads\/2025\/04\/eigenschutz_1.png","type":"image\/png"}],"twitter_card":"summary_large_image","twitter_misc":{"Gesch\u00e4tzte Lesezeit":"3\u00a0Minuten"},"schema":{"@context":"https:\/\/schema.org","@graph":[{"@type":"WebPage","@id":"https:\/\/revelati0n.com\/?page_id=255","url":"https:\/\/revelati0n.com\/?page_id=255","name":"Eigenschutz - ZrX - Revelation","isPartOf":{"@id":"https:\/\/revelati0n.com\/#website"},"primaryImageOfPage":{"@id":"https:\/\/revelati0n.com\/?page_id=255#primaryimage"},"image":{"@id":"https:\/\/revelati0n.com\/?page_id=255#primaryimage"},"thumbnailUrl":"https:\/\/revelati0n.com\/wp-content\/uploads\/2025\/04\/eigenschutz_1.png","datePublished":"2025-04-14T23:13:48+00:00","dateModified":"2025-04-22T01:48:41+00:00","breadcrumb":{"@id":"https:\/\/revelati0n.com\/?page_id=255#breadcrumb"},"inLanguage":"de","potentialAction":[{"@type":"ReadAction","target":["https:\/\/revelati0n.com\/?page_id=255"]}]},{"@type":"ImageObject","inLanguage":"de","@id":"https:\/\/revelati0n.com\/?page_id=255#primaryimage","url":"https:\/\/revelati0n.com\/wp-content\/uploads\/2025\/04\/eigenschutz_1.png","contentUrl":"https:\/\/revelati0n.com\/wp-content\/uploads\/2025\/04\/eigenschutz_1.png","width":1080,"height":213},{"@type":"BreadcrumbList","@id":"https:\/\/revelati0n.com\/?page_id=255#breadcrumb","itemListElement":[{"@type":"ListItem","position":1,"name":"Home","item":"https:\/\/revelati0n.com\/"},{"@type":"ListItem","position":2,"name":"Anleitungen","item":"https:\/\/revelati0n.com\/?page_id=88"},{"@type":"ListItem","position":3,"name":"Eigenschutz"}]},{"@type":"WebSite","@id":"https:\/\/revelati0n.com\/#website","url":"https:\/\/revelati0n.com\/","name":"ZrX - Revelation","description":"The Grand Mafia Guides - Tips - Tricks - Tutorials","publisher":{"@id":"https:\/\/revelati0n.com\/#organization"},"potentialAction":[{"@type":"SearchAction","target":{"@type":"EntryPoint","urlTemplate":"https:\/\/revelati0n.com\/?s={search_term_string}"},"query-input":{"@type":"PropertyValueSpecification","valueRequired":true,"valueName":"search_term_string"}}],"inLanguage":"de"},{"@type":"Organization","@id":"https:\/\/revelati0n.com\/#organization","name":"ZrX - Revelation","url":"https:\/\/revelati0n.com\/","logo":{"@type":"ImageObject","inLanguage":"de","@id":"https:\/\/revelati0n.com\/#\/schema\/logo\/image\/","url":"https:\/\/revelati0n.com\/wp-content\/uploads\/2022\/11\/logo.png","contentUrl":"https:\/\/revelati0n.com\/wp-content\/uploads\/2022\/11\/logo.png","width":183,"height":61,"caption":"ZrX - Revelation"},"image":{"@id":"https:\/\/revelati0n.com\/#\/schema\/logo\/image\/"}}]}},"_links":{"self":[{"href":"https:\/\/revelati0n.com\/index.php?rest_route=\/wp\/v2\/pages\/255","targetHints":{"allow":["GET"]}}],"collection":[{"href":"https:\/\/revelati0n.com\/index.php?rest_route=\/wp\/v2\/pages"}],"about":[{"href":"https:\/\/revelati0n.com\/index.php?rest_route=\/wp\/v2\/types\/page"}],"author":[{"embeddable":true,"href":"https:\/\/revelati0n.com\/index.php?rest_route=\/wp\/v2\/users\/1"}],"replies":[{"embeddable":true,"href":"https:\/\/revelati0n.com\/index.php?rest_route=%2Fwp%2Fv2%2Fcomments&post=255"}],"version-history":[{"count":5,"href":"https:\/\/revelati0n.com\/index.php?rest_route=\/wp\/v2\/pages\/255\/revisions"}],"predecessor-version":[{"id":360,"href":"https:\/\/revelati0n.com\/index.php?rest_route=\/wp\/v2\/pages\/255\/revisions\/360"}],"up":[{"embeddable":true,"href":"https:\/\/revelati0n.com\/index.php?rest_route=\/wp\/v2\/pages\/88"}],"wp:attachment":[{"href":"https:\/\/revelati0n.com\/index.php?rest_route=%2Fwp%2Fv2%2Fmedia&parent=255"}],"curies":[{"name":"wp","href":"https:\/\/api.w.org\/{rel}","templated":true}]}}