{"id":227,"date":"2025-04-09T02:12:50","date_gmt":"2025-04-09T00:12:50","guid":{"rendered":"https:\/\/revelati0n.com\/?page_id=227"},"modified":"2025-04-09T02:12:50","modified_gmt":"2025-04-09T00:12:50","slug":"bienvenue-a-tvp-revelation","status":"publish","type":"page","link":"https:\/\/revelati0n.com\/?page_id=227&lang=fr","title":{"rendered":"Bienvenue \u00e0 TvP-Revelation"},"content":{"rendered":"<p>Nous sommes une page TGM \u2013 The Grand Mafia, avec des tutoriels, des guides et des vid\u00e9os.<br data-start=\"148\" data-end=\"151\" \/>Dans la section tutoriels, vous trouverez diverses instructions sur une grande vari\u00e9t\u00e9 de sujets.<\/p>\n<p><img loading=\"lazy\" decoding=\"async\" class=\"alignnone size-full wp-image-181\" src=\"https:\/\/revelati0n.com\/wp-content\/uploads\/2023\/01\/frontpage2.jpg\" alt=\"\" width=\"600\" height=\"217\" srcset=\"https:\/\/revelati0n.com\/wp-content\/uploads\/2023\/01\/frontpage2.jpg 600w, https:\/\/revelati0n.com\/wp-content\/uploads\/2023\/01\/frontpage2-300x109.jpg 300w\" sizes=\"auto, (max-width: 600px) 100vw, 600px\" \/><\/p>\n<p>Cette page est le fruit de la coop\u00e9ration entre nos clans.<\/p>\n","protected":false},"excerpt":{"rendered":"<p>Nous sommes une page TGM \u2013 The Grand Mafia, avec des tutoriels, des guides et des vid\u00e9os.Dans la section tutoriels, vous trouverez diverses instructions sur une grande vari\u00e9t\u00e9 de sujets. Cette page est le fruit de la coop\u00e9ration entre nos clans.<\/p>\n","protected":false},"author":1,"featured_media":0,"parent":0,"menu_order":0,"comment_status":"closed","ping_status":"closed","template":"","meta":{"footnotes":""},"class_list":["post-227","page","type-page","status-publish","hentry"],"yoast_head":"<!-- This site is optimized with the Yoast SEO plugin v26.4 - https:\/\/yoast.com\/wordpress\/plugins\/seo\/ -->\n<title>Bienvenue \u00e0 TvP-Revelation - ZrX - Revelation<\/title>\n<meta name=\"robots\" content=\"index, follow, max-snippet:-1, max-image-preview:large, max-video-preview:-1\" \/>\n<link rel=\"canonical\" href=\"https:\/\/revelati0n.com\/?page_id=227&lang=fr\" \/>\n<meta property=\"og:locale\" content=\"de_DE\" \/>\n<meta property=\"og:type\" content=\"article\" \/>\n<meta property=\"og:title\" content=\"Bienvenue \u00e0 TvP-Revelation - ZrX - Revelation\" \/>\n<meta property=\"og:description\" content=\"Nous sommes une page TGM \u2013 The Grand Mafia, avec des tutoriels, des guides et des vid\u00e9os.Dans la section tutoriels, vous trouverez diverses instructions sur une grande vari\u00e9t\u00e9 de sujets. Cette page est le fruit de la coop\u00e9ration entre nos clans.\" \/>\n<meta property=\"og:url\" content=\"https:\/\/revelati0n.com\/?page_id=227&amp;lang=fr\" \/>\n<meta property=\"og:site_name\" content=\"ZrX - Revelation\" \/>\n<meta property=\"og:image\" content=\"https:\/\/revelati0n.com\/wp-content\/uploads\/2023\/01\/frontpage2.jpg\" \/>\n\t<meta property=\"og:image:width\" content=\"600\" \/>\n\t<meta property=\"og:image:height\" content=\"217\" \/>\n\t<meta property=\"og:image:type\" content=\"image\/jpeg\" \/>\n<meta name=\"twitter:card\" content=\"summary_large_image\" \/>\n<meta name=\"twitter:label1\" content=\"Gesch\u00e4tzte Lesezeit\" \/>\n\t<meta name=\"twitter:data1\" content=\"1\u00a0Minute\" \/>\n<script type=\"application\/ld+json\" class=\"yoast-schema-graph\">{\"@context\":\"https:\/\/schema.org\",\"@graph\":[{\"@type\":\"WebPage\",\"@id\":\"https:\/\/revelati0n.com\/?page_id=227&lang=fr\",\"url\":\"https:\/\/revelati0n.com\/?page_id=227&lang=fr\",\"name\":\"Bienvenue \u00e0 TvP-Revelation - ZrX - Revelation\",\"isPartOf\":{\"@id\":\"https:\/\/revelati0n.com\/#website\"},\"primaryImageOfPage\":{\"@id\":\"https:\/\/revelati0n.com\/?page_id=227&lang=fr#primaryimage\"},\"image\":{\"@id\":\"https:\/\/revelati0n.com\/?page_id=227&lang=fr#primaryimage\"},\"thumbnailUrl\":\"https:\/\/revelati0n.com\/wp-content\/uploads\/2023\/01\/frontpage2.jpg\",\"datePublished\":\"2025-04-09T00:12:50+00:00\",\"breadcrumb\":{\"@id\":\"https:\/\/revelati0n.com\/?page_id=227&lang=fr#breadcrumb\"},\"inLanguage\":\"de\",\"potentialAction\":[{\"@type\":\"ReadAction\",\"target\":[\"https:\/\/revelati0n.com\/?page_id=227&lang=fr\"]}]},{\"@type\":\"ImageObject\",\"inLanguage\":\"de\",\"@id\":\"https:\/\/revelati0n.com\/?page_id=227&lang=fr#primaryimage\",\"url\":\"https:\/\/revelati0n.com\/wp-content\/uploads\/2023\/01\/frontpage2.jpg\",\"contentUrl\":\"https:\/\/revelati0n.com\/wp-content\/uploads\/2023\/01\/frontpage2.jpg\",\"width\":600,\"height\":217},{\"@type\":\"BreadcrumbList\",\"@id\":\"https:\/\/revelati0n.com\/?page_id=227&lang=fr#breadcrumb\",\"itemListElement\":[{\"@type\":\"ListItem\",\"position\":1,\"name\":\"Home\",\"item\":\"https:\/\/revelati0n.com\/\"},{\"@type\":\"ListItem\",\"position\":2,\"name\":\"Bienvenue \u00e0 TvP-Revelation\"}]},{\"@type\":\"WebSite\",\"@id\":\"https:\/\/revelati0n.com\/#website\",\"url\":\"https:\/\/revelati0n.com\/\",\"name\":\"ZrX - Revelation\",\"description\":\"The Grand Mafia Guides - Tips - Tricks - Tutorials\",\"publisher\":{\"@id\":\"https:\/\/revelati0n.com\/#organization\"},\"potentialAction\":[{\"@type\":\"SearchAction\",\"target\":{\"@type\":\"EntryPoint\",\"urlTemplate\":\"https:\/\/revelati0n.com\/?s={search_term_string}\"},\"query-input\":{\"@type\":\"PropertyValueSpecification\",\"valueRequired\":true,\"valueName\":\"search_term_string\"}}],\"inLanguage\":\"de\"},{\"@type\":\"Organization\",\"@id\":\"https:\/\/revelati0n.com\/#organization\",\"name\":\"ZrX - Revelation\",\"url\":\"https:\/\/revelati0n.com\/\",\"logo\":{\"@type\":\"ImageObject\",\"inLanguage\":\"de\",\"@id\":\"https:\/\/revelati0n.com\/#\/schema\/logo\/image\/\",\"url\":\"https:\/\/revelati0n.com\/wp-content\/uploads\/2022\/11\/logo.png\",\"contentUrl\":\"https:\/\/revelati0n.com\/wp-content\/uploads\/2022\/11\/logo.png\",\"width\":183,\"height\":61,\"caption\":\"ZrX - Revelation\"},\"image\":{\"@id\":\"https:\/\/revelati0n.com\/#\/schema\/logo\/image\/\"}}]}<\/script>\n<!-- \/ Yoast SEO plugin. -->","yoast_head_json":{"title":"Bienvenue \u00e0 TvP-Revelation - ZrX - Revelation","robots":{"index":"index","follow":"follow","max-snippet":"max-snippet:-1","max-image-preview":"max-image-preview:large","max-video-preview":"max-video-preview:-1"},"canonical":"https:\/\/revelati0n.com\/?page_id=227&lang=fr","og_locale":"de_DE","og_type":"article","og_title":"Bienvenue \u00e0 TvP-Revelation - ZrX - Revelation","og_description":"Nous sommes une page TGM \u2013 The Grand Mafia, avec des tutoriels, des guides et des vid\u00e9os.Dans la section tutoriels, vous trouverez diverses instructions sur une grande vari\u00e9t\u00e9 de sujets. Cette page est le fruit de la coop\u00e9ration entre nos clans.","og_url":"https:\/\/revelati0n.com\/?page_id=227&lang=fr","og_site_name":"ZrX - Revelation","og_image":[{"width":600,"height":217,"url":"https:\/\/revelati0n.com\/wp-content\/uploads\/2023\/01\/frontpage2.jpg","type":"image\/jpeg"}],"twitter_card":"summary_large_image","twitter_misc":{"Gesch\u00e4tzte Lesezeit":"1\u00a0Minute"},"schema":{"@context":"https:\/\/schema.org","@graph":[{"@type":"WebPage","@id":"https:\/\/revelati0n.com\/?page_id=227&lang=fr","url":"https:\/\/revelati0n.com\/?page_id=227&lang=fr","name":"Bienvenue \u00e0 TvP-Revelation - ZrX - Revelation","isPartOf":{"@id":"https:\/\/revelati0n.com\/#website"},"primaryImageOfPage":{"@id":"https:\/\/revelati0n.com\/?page_id=227&lang=fr#primaryimage"},"image":{"@id":"https:\/\/revelati0n.com\/?page_id=227&lang=fr#primaryimage"},"thumbnailUrl":"https:\/\/revelati0n.com\/wp-content\/uploads\/2023\/01\/frontpage2.jpg","datePublished":"2025-04-09T00:12:50+00:00","breadcrumb":{"@id":"https:\/\/revelati0n.com\/?page_id=227&lang=fr#breadcrumb"},"inLanguage":"de","potentialAction":[{"@type":"ReadAction","target":["https:\/\/revelati0n.com\/?page_id=227&lang=fr"]}]},{"@type":"ImageObject","inLanguage":"de","@id":"https:\/\/revelati0n.com\/?page_id=227&lang=fr#primaryimage","url":"https:\/\/revelati0n.com\/wp-content\/uploads\/2023\/01\/frontpage2.jpg","contentUrl":"https:\/\/revelati0n.com\/wp-content\/uploads\/2023\/01\/frontpage2.jpg","width":600,"height":217},{"@type":"BreadcrumbList","@id":"https:\/\/revelati0n.com\/?page_id=227&lang=fr#breadcrumb","itemListElement":[{"@type":"ListItem","position":1,"name":"Home","item":"https:\/\/revelati0n.com\/"},{"@type":"ListItem","position":2,"name":"Bienvenue \u00e0 TvP-Revelation"}]},{"@type":"WebSite","@id":"https:\/\/revelati0n.com\/#website","url":"https:\/\/revelati0n.com\/","name":"ZrX - Revelation","description":"The Grand Mafia Guides - Tips - Tricks - Tutorials","publisher":{"@id":"https:\/\/revelati0n.com\/#organization"},"potentialAction":[{"@type":"SearchAction","target":{"@type":"EntryPoint","urlTemplate":"https:\/\/revelati0n.com\/?s={search_term_string}"},"query-input":{"@type":"PropertyValueSpecification","valueRequired":true,"valueName":"search_term_string"}}],"inLanguage":"de"},{"@type":"Organization","@id":"https:\/\/revelati0n.com\/#organization","name":"ZrX - Revelation","url":"https:\/\/revelati0n.com\/","logo":{"@type":"ImageObject","inLanguage":"de","@id":"https:\/\/revelati0n.com\/#\/schema\/logo\/image\/","url":"https:\/\/revelati0n.com\/wp-content\/uploads\/2022\/11\/logo.png","contentUrl":"https:\/\/revelati0n.com\/wp-content\/uploads\/2022\/11\/logo.png","width":183,"height":61,"caption":"ZrX - Revelation"},"image":{"@id":"https:\/\/revelati0n.com\/#\/schema\/logo\/image\/"}}]}},"_links":{"self":[{"href":"https:\/\/revelati0n.com\/index.php?rest_route=\/wp\/v2\/pages\/227","targetHints":{"allow":["GET"]}}],"collection":[{"href":"https:\/\/revelati0n.com\/index.php?rest_route=\/wp\/v2\/pages"}],"about":[{"href":"https:\/\/revelati0n.com\/index.php?rest_route=\/wp\/v2\/types\/page"}],"author":[{"embeddable":true,"href":"https:\/\/revelati0n.com\/index.php?rest_route=\/wp\/v2\/users\/1"}],"replies":[{"embeddable":true,"href":"https:\/\/revelati0n.com\/index.php?rest_route=%2Fwp%2Fv2%2Fcomments&post=227"}],"version-history":[{"count":1,"href":"https:\/\/revelati0n.com\/index.php?rest_route=\/wp\/v2\/pages\/227\/revisions"}],"predecessor-version":[{"id":228,"href":"https:\/\/revelati0n.com\/index.php?rest_route=\/wp\/v2\/pages\/227\/revisions\/228"}],"wp:attachment":[{"href":"https:\/\/revelati0n.com\/index.php?rest_route=%2Fwp%2Fv2%2Fmedia&parent=227"}],"curies":[{"name":"wp","href":"https:\/\/api.w.org\/{rel}","templated":true}]}}